{"id":18389,"date":"2024-11-20T20:30:37","date_gmt":"2024-11-20T19:30:37","guid":{"rendered":"https:\/\/ocardoo.com\/?post_type=product&#038;p=18389"},"modified":"2024-12-12T10:39:41","modified_gmt":"2024-12-12T09:39:41","slug":"61060","status":"publish","type":"product","link":"https:\/\/ocardoo.com\/en\/product\/61060\/","title":{"rendered":"Weihnachtskarten f\u00fcr Gruppen \u2013 Virtuell und pers\u00f6nlich &#8222;Ho Ho Ho&#8220;"},"content":{"rendered":"<h3><strong>Gemeinsam Weihnachtsgr\u00fc\u00dfe gestalten \u2013 Digital und kreativ<\/strong><\/h3>\n<p>Mit Ocardoo kannst du deine digitale Weihnachtskarte von allen gestalten lassen \u2013 jeder f\u00fcgt seine Gr\u00fc\u00dfe hinzu, und du teilst das Ergebnis.<\/p>","protected":false},"excerpt":{"rendered":"<p>Gemeinsam Weihnachtsgr\u00fc\u00dfe gestalten \u2013 Digital und kreativ Mit Ocardoo kannst du deine digitale Weihnachtskarte von allen gestalten lassen \u2013 jeder f\u00fcgt seine Gr\u00fc\u00dfe hinzu, und du teilst das Ergebnis.<\/p>","protected":false},"author":20,"featured_media":18393,"comment_status":"open","ping_status":"closed","template":"","meta":{"_acf_changed":false,"inline_featured_image":false,"footnotes":""},"product_cat":[106,107],"product_tag":[249,475,173,170,196],"class_list":["post-18389","product","type-product","status-publish","has-post-thumbnail","hentry","product_cat-religioese-anlaesse","product_cat-weihnachten","product_tag-christmas","product_tag-ho-ho-ho","product_tag-merry-christmas","product_tag-weihnachten","product_tag-weihnachtsbaum","pa_variante-basic","pa_variante-premium"],"acf":[],"_links":{"self":[{"href":"https:\/\/ocardoo.com\/en\/wp-json\/wp\/v2\/product\/18389","targetHints":{"allow":["GET"]}}],"collection":[{"href":"https:\/\/ocardoo.com\/en\/wp-json\/wp\/v2\/product"}],"about":[{"href":"https:\/\/ocardoo.com\/en\/wp-json\/wp\/v2\/types\/product"}],"author":[{"embeddable":true,"href":"https:\/\/ocardoo.com\/en\/wp-json\/wp\/v2\/users\/20"}],"replies":[{"embeddable":true,"href":"https:\/\/ocardoo.com\/en\/wp-json\/wp\/v2\/comments?post=18389"}],"version-history":[{"count":3,"href":"https:\/\/ocardoo.com\/en\/wp-json\/wp\/v2\/product\/18389\/revisions"}],"predecessor-version":[{"id":18395,"href":"https:\/\/ocardoo.com\/en\/wp-json\/wp\/v2\/product\/18389\/revisions\/18395"}],"wp:featuredmedia":[{"embeddable":true,"href":"https:\/\/ocardoo.com\/en\/wp-json\/wp\/v2\/media\/18393"}],"wp:attachment":[{"href":"https:\/\/ocardoo.com\/en\/wp-json\/wp\/v2\/media?parent=18389"}],"wp:term":[{"taxonomy":"product_cat","embeddable":true,"href":"https:\/\/ocardoo.com\/en\/wp-json\/wp\/v2\/product_cat?post=18389"},{"taxonomy":"product_tag","embeddable":true,"href":"https:\/\/ocardoo.com\/en\/wp-json\/wp\/v2\/product_tag?post=18389"}],"curies":[{"name":"wp","href":"https:\/\/api.w.org\/{rel}","templated":true}]}}