{"id":18396,"date":"2024-11-20T20:39:30","date_gmt":"2024-11-20T19:39:30","guid":{"rendered":"https:\/\/ocardoo.com\/?post_type=product&#038;p=18396"},"modified":"2024-11-20T20:42:49","modified_gmt":"2024-11-20T19:42:49","slug":"61061","status":"publish","type":"product","link":"https:\/\/ocardoo.com\/en\/product\/61061\/","title":{"rendered":"Moderne Weihnachts-Gru\u00dfkarten f\u00fcr Teams &#8222;Ho Ho Ho&#8220;"},"content":{"rendered":"<h3><strong>Weihnachtskarten f\u00fcr Gruppen \u2013 Modern und digital<\/strong><\/h3>\n<p>Ocardoo macht es dir leicht: Erstelle eine Karte, die alle pers\u00f6nlichen Weihnachtsgr\u00fc\u00dfe deiner Gruppe vereint. Schnell, kreativ und umweltfreundlich.<\/p>","protected":false},"excerpt":{"rendered":"<p>Weihnachtskarten f\u00fcr Gruppen \u2013 Modern und digital Ocardoo macht es dir leicht: Erstelle eine Karte, die alle pers\u00f6nlichen Weihnachtsgr\u00fc\u00dfe deiner Gruppe vereint. Schnell, kreativ und umweltfreundlich.<\/p>","protected":false},"author":20,"featured_media":18400,"comment_status":"open","ping_status":"closed","template":"","meta":{"_acf_changed":false,"inline_featured_image":false,"footnotes":""},"product_cat":[106,107],"product_tag":[249,475,173,170,196],"class_list":["post-18396","product","type-product","status-publish","has-post-thumbnail","hentry","product_cat-religioese-anlaesse","product_cat-weihnachten","product_tag-christmas","product_tag-ho-ho-ho","product_tag-merry-christmas","product_tag-weihnachten","product_tag-weihnachtsbaum","pa_variante-basic","pa_variante-premium"],"acf":[],"_links":{"self":[{"href":"https:\/\/ocardoo.com\/en\/wp-json\/wp\/v2\/product\/18396","targetHints":{"allow":["GET"]}}],"collection":[{"href":"https:\/\/ocardoo.com\/en\/wp-json\/wp\/v2\/product"}],"about":[{"href":"https:\/\/ocardoo.com\/en\/wp-json\/wp\/v2\/types\/product"}],"author":[{"embeddable":true,"href":"https:\/\/ocardoo.com\/en\/wp-json\/wp\/v2\/users\/20"}],"replies":[{"embeddable":true,"href":"https:\/\/ocardoo.com\/en\/wp-json\/wp\/v2\/comments?post=18396"}],"version-history":[{"count":2,"href":"https:\/\/ocardoo.com\/en\/wp-json\/wp\/v2\/product\/18396\/revisions"}],"predecessor-version":[{"id":18401,"href":"https:\/\/ocardoo.com\/en\/wp-json\/wp\/v2\/product\/18396\/revisions\/18401"}],"wp:featuredmedia":[{"embeddable":true,"href":"https:\/\/ocardoo.com\/en\/wp-json\/wp\/v2\/media\/18400"}],"wp:attachment":[{"href":"https:\/\/ocardoo.com\/en\/wp-json\/wp\/v2\/media?parent=18396"}],"wp:term":[{"taxonomy":"product_cat","embeddable":true,"href":"https:\/\/ocardoo.com\/en\/wp-json\/wp\/v2\/product_cat?post=18396"},{"taxonomy":"product_tag","embeddable":true,"href":"https:\/\/ocardoo.com\/en\/wp-json\/wp\/v2\/product_tag?post=18396"}],"curies":[{"name":"wp","href":"https:\/\/api.w.org\/{rel}","templated":true}]}}