{"id":18402,"date":"2024-11-20T20:44:32","date_gmt":"2024-11-20T19:44:32","guid":{"rendered":"https:\/\/ocardoo.com\/?post_type=product&#038;p=18402"},"modified":"2024-11-20T20:52:03","modified_gmt":"2024-11-20T19:52:03","slug":"61054","status":"publish","type":"product","link":"https:\/\/ocardoo.com\/en\/product\/61054\/","title":{"rendered":"Digitale Gruppenkarten \u2013 Weihnachtsgr\u00fc\u00dfe der besonderen Art"},"content":{"rendered":"<h3><strong>Pers\u00f6nliche Weihnachtsgr\u00fc\u00dfe \u2013 Digital und f\u00fcr die ganze Gruppe<\/strong><\/h3>\n<p>Mit Ocardoo wird jede Weihnachtskarte zu etwas Besonderem. Lade alle ein, ihre W\u00fcnsche hochzuladen, und teile eine Karte voller gemeinsamer Freude.<\/p>","protected":false},"excerpt":{"rendered":"<p>Pers\u00f6nliche Weihnachtsgr\u00fc\u00dfe \u2013 Digital und f\u00fcr die ganze Gruppe Mit Ocardoo wird jede Weihnachtskarte zu etwas Besonderem. Lade alle ein, ihre W\u00fcnsche hochzuladen, und teile eine Karte voller gemeinsamer Freude.<\/p>","protected":false},"author":20,"featured_media":18272,"comment_status":"open","ping_status":"closed","template":"","meta":{"_acf_changed":false,"inline_featured_image":false,"footnotes":""},"product_cat":[106,107],"product_tag":[249,173,170,196],"class_list":["post-18402","product","type-product","status-publish","has-post-thumbnail","hentry","product_cat-religioese-anlaesse","product_cat-weihnachten","product_tag-christmas","product_tag-merry-christmas","product_tag-weihnachten","product_tag-weihnachtsbaum","pa_variante-basic","pa_variante-premium"],"acf":[],"_links":{"self":[{"href":"https:\/\/ocardoo.com\/en\/wp-json\/wp\/v2\/product\/18402","targetHints":{"allow":["GET"]}}],"collection":[{"href":"https:\/\/ocardoo.com\/en\/wp-json\/wp\/v2\/product"}],"about":[{"href":"https:\/\/ocardoo.com\/en\/wp-json\/wp\/v2\/types\/product"}],"author":[{"embeddable":true,"href":"https:\/\/ocardoo.com\/en\/wp-json\/wp\/v2\/users\/20"}],"replies":[{"embeddable":true,"href":"https:\/\/ocardoo.com\/en\/wp-json\/wp\/v2\/comments?post=18402"}],"version-history":[{"count":2,"href":"https:\/\/ocardoo.com\/en\/wp-json\/wp\/v2\/product\/18402\/revisions"}],"predecessor-version":[{"id":18406,"href":"https:\/\/ocardoo.com\/en\/wp-json\/wp\/v2\/product\/18402\/revisions\/18406"}],"wp:featuredmedia":[{"embeddable":true,"href":"https:\/\/ocardoo.com\/en\/wp-json\/wp\/v2\/media\/18272"}],"wp:attachment":[{"href":"https:\/\/ocardoo.com\/en\/wp-json\/wp\/v2\/media?parent=18402"}],"wp:term":[{"taxonomy":"product_cat","embeddable":true,"href":"https:\/\/ocardoo.com\/en\/wp-json\/wp\/v2\/product_cat?post=18402"},{"taxonomy":"product_tag","embeddable":true,"href":"https:\/\/ocardoo.com\/en\/wp-json\/wp\/v2\/product_tag?post=18402"}],"curies":[{"name":"wp","href":"https:\/\/api.w.org\/{rel}","templated":true}]}}