{"id":18407,"date":"2024-11-20T20:53:15","date_gmt":"2024-11-20T19:53:15","guid":{"rendered":"https:\/\/ocardoo.com\/?post_type=product&#038;p=18407"},"modified":"2024-11-20T20:55:51","modified_gmt":"2024-11-20T19:55:51","slug":"61055","status":"publish","type":"product","link":"https:\/\/ocardoo.com\/en\/product\/61055\/","title":{"rendered":"Digitale Gruppenkarten \u2013 Weihnachtsgr\u00fc\u00dfe der besonderen Art"},"content":{"rendered":"<h3><strong>Pers\u00f6nliche Weihnachtsgr\u00fc\u00dfe \u2013 Digital und f\u00fcr die ganze Gruppe<\/strong><\/h3>\n<p>Mit Ocardoo wird jede Weihnachtskarte zu etwas Besonderem. Lade alle ein, ihre W\u00fcnsche hochzuladen, und teile eine Karte voller gemeinsamer Freude.<\/p>","protected":false},"excerpt":{"rendered":"<p>Pers\u00f6nliche Weihnachtsgr\u00fc\u00dfe \u2013 Digital und f\u00fcr die ganze Gruppe Mit Ocardoo wird jede Weihnachtskarte zu etwas Besonderem. Lade alle ein, ihre W\u00fcnsche hochzuladen, und teile eine Karte voller gemeinsamer Freude.<\/p>","protected":false},"author":20,"featured_media":18273,"comment_status":"open","ping_status":"closed","template":"","meta":{"_acf_changed":false,"inline_featured_image":false,"footnotes":""},"product_cat":[106,107],"product_tag":[249,173,170,196,310],"class_list":["post-18407","product","type-product","status-publish","has-post-thumbnail","hentry","product_cat-religioese-anlaesse","product_cat-weihnachten","product_tag-christmas","product_tag-merry-christmas","product_tag-weihnachten","product_tag-weihnachtsbaum","product_tag-wichtel","pa_variante-basic","pa_variante-premium"],"acf":[],"_links":{"self":[{"href":"https:\/\/ocardoo.com\/en\/wp-json\/wp\/v2\/product\/18407","targetHints":{"allow":["GET"]}}],"collection":[{"href":"https:\/\/ocardoo.com\/en\/wp-json\/wp\/v2\/product"}],"about":[{"href":"https:\/\/ocardoo.com\/en\/wp-json\/wp\/v2\/types\/product"}],"author":[{"embeddable":true,"href":"https:\/\/ocardoo.com\/en\/wp-json\/wp\/v2\/users\/20"}],"replies":[{"embeddable":true,"href":"https:\/\/ocardoo.com\/en\/wp-json\/wp\/v2\/comments?post=18407"}],"version-history":[{"count":3,"href":"https:\/\/ocardoo.com\/en\/wp-json\/wp\/v2\/product\/18407\/revisions"}],"predecessor-version":[{"id":18416,"href":"https:\/\/ocardoo.com\/en\/wp-json\/wp\/v2\/product\/18407\/revisions\/18416"}],"wp:featuredmedia":[{"embeddable":true,"href":"https:\/\/ocardoo.com\/en\/wp-json\/wp\/v2\/media\/18273"}],"wp:attachment":[{"href":"https:\/\/ocardoo.com\/en\/wp-json\/wp\/v2\/media?parent=18407"}],"wp:term":[{"taxonomy":"product_cat","embeddable":true,"href":"https:\/\/ocardoo.com\/en\/wp-json\/wp\/v2\/product_cat?post=18407"},{"taxonomy":"product_tag","embeddable":true,"href":"https:\/\/ocardoo.com\/en\/wp-json\/wp\/v2\/product_tag?post=18407"}],"curies":[{"name":"wp","href":"https:\/\/api.w.org\/{rel}","templated":true}]}}