{"id":18418,"date":"2024-11-20T20:59:12","date_gmt":"2024-11-20T19:59:12","guid":{"rendered":"https:\/\/ocardoo.com\/?post_type=product&#038;p=18418"},"modified":"2024-11-20T21:00:09","modified_gmt":"2024-11-20T20:00:09","slug":"61057","status":"publish","type":"product","link":"https:\/\/ocardoo.com\/en\/product\/61057\/","title":{"rendered":"Weihnachts-Gru\u00dfkarten f\u00fcr Gruppen \u2013 Digital und kreativ"},"content":{"rendered":"<h3><strong>Nachhaltige Weihnachtsgr\u00fc\u00dfe f\u00fcr deine Gruppe \u2013 Einfach digital<\/strong><\/h3>\n<p>Ocardoo macht\u2019s dir leicht: Erstelle eine digitale Weihnachtskarte, die alle Botschaften deiner Gruppe sammelt \u2013 ohne Papier, aber voller Herz.<\/p>","protected":false},"excerpt":{"rendered":"<p>Nachhaltige Weihnachtsgr\u00fc\u00dfe f\u00fcr deine Gruppe \u2013 Einfach digital Ocardoo macht\u2019s dir leicht: Erstelle eine digitale Weihnachtskarte, die alle Botschaften deiner Gruppe sammelt \u2013 ohne Papier, aber voller Herz.<\/p>","protected":false},"author":20,"featured_media":18274,"comment_status":"open","ping_status":"closed","template":"","meta":{"_acf_changed":false,"inline_featured_image":false,"footnotes":""},"product_cat":[106,107],"product_tag":[249,173,476,170,196,310],"class_list":["post-18418","product","type-product","status-publish","has-post-thumbnail","hentry","product_cat-religioese-anlaesse","product_cat-weihnachten","product_tag-christmas","product_tag-merry-christmas","product_tag-schleife","product_tag-weihnachten","product_tag-weihnachtsbaum","product_tag-wichtel","pa_variante-basic","pa_variante-premium"],"acf":[],"_links":{"self":[{"href":"https:\/\/ocardoo.com\/en\/wp-json\/wp\/v2\/product\/18418","targetHints":{"allow":["GET"]}}],"collection":[{"href":"https:\/\/ocardoo.com\/en\/wp-json\/wp\/v2\/product"}],"about":[{"href":"https:\/\/ocardoo.com\/en\/wp-json\/wp\/v2\/types\/product"}],"author":[{"embeddable":true,"href":"https:\/\/ocardoo.com\/en\/wp-json\/wp\/v2\/users\/20"}],"replies":[{"embeddable":true,"href":"https:\/\/ocardoo.com\/en\/wp-json\/wp\/v2\/comments?post=18418"}],"version-history":[{"count":2,"href":"https:\/\/ocardoo.com\/en\/wp-json\/wp\/v2\/product\/18418\/revisions"}],"predecessor-version":[{"id":18422,"href":"https:\/\/ocardoo.com\/en\/wp-json\/wp\/v2\/product\/18418\/revisions\/18422"}],"wp:featuredmedia":[{"embeddable":true,"href":"https:\/\/ocardoo.com\/en\/wp-json\/wp\/v2\/media\/18274"}],"wp:attachment":[{"href":"https:\/\/ocardoo.com\/en\/wp-json\/wp\/v2\/media?parent=18418"}],"wp:term":[{"taxonomy":"product_cat","embeddable":true,"href":"https:\/\/ocardoo.com\/en\/wp-json\/wp\/v2\/product_cat?post=18418"},{"taxonomy":"product_tag","embeddable":true,"href":"https:\/\/ocardoo.com\/en\/wp-json\/wp\/v2\/product_tag?post=18418"}],"curies":[{"name":"wp","href":"https:\/\/api.w.org\/{rel}","templated":true}]}}