{"id":18423,"date":"2024-11-20T21:00:27","date_gmt":"2024-11-20T20:00:27","guid":{"rendered":"https:\/\/ocardoo.com\/?post_type=product&#038;p=18423"},"modified":"2024-11-20T21:01:46","modified_gmt":"2024-11-20T20:01:46","slug":"61058","status":"publish","type":"product","link":"https:\/\/ocardoo.com\/en\/product\/61058\/","title":{"rendered":"Weihnachtskarten online gestalten \u2013 F\u00fcr Gruppen perfekt"},"content":{"rendered":"<h3><strong>Ocardoo Weihnachtskarten \u2013 Gemeinsam lachen, gemeinsam gestalten<\/strong><\/h3>\n<p>Lass deine Freunde oder Kollegen ihre Weihnachtsgr\u00fc\u00dfe beitragen. Mit Ocardoo entsteht eine digitale Karte voller pers\u00f6nlicher Botschaften.<\/p>","protected":false},"excerpt":{"rendered":"<p>Ocardoo Weihnachtskarten \u2013 Gemeinsam lachen, gemeinsam gestalten Lass deine Freunde oder Kollegen ihre Weihnachtsgr\u00fc\u00dfe beitragen. Mit Ocardoo entsteht eine digitale Karte voller pers\u00f6nlicher Botschaften.<\/p>","protected":false},"author":20,"featured_media":18276,"comment_status":"open","ping_status":"closed","template":"","meta":{"_acf_changed":false,"inline_featured_image":false,"footnotes":""},"product_cat":[106,107],"product_tag":[249,173,476,170,196,310],"class_list":["post-18423","product","type-product","status-publish","has-post-thumbnail","hentry","product_cat-religioese-anlaesse","product_cat-weihnachten","product_tag-christmas","product_tag-merry-christmas","product_tag-schleife","product_tag-weihnachten","product_tag-weihnachtsbaum","product_tag-wichtel","pa_variante-basic","pa_variante-premium"],"acf":[],"_links":{"self":[{"href":"https:\/\/ocardoo.com\/en\/wp-json\/wp\/v2\/product\/18423","targetHints":{"allow":["GET"]}}],"collection":[{"href":"https:\/\/ocardoo.com\/en\/wp-json\/wp\/v2\/product"}],"about":[{"href":"https:\/\/ocardoo.com\/en\/wp-json\/wp\/v2\/types\/product"}],"author":[{"embeddable":true,"href":"https:\/\/ocardoo.com\/en\/wp-json\/wp\/v2\/users\/20"}],"replies":[{"embeddable":true,"href":"https:\/\/ocardoo.com\/en\/wp-json\/wp\/v2\/comments?post=18423"}],"version-history":[{"count":3,"href":"https:\/\/ocardoo.com\/en\/wp-json\/wp\/v2\/product\/18423\/revisions"}],"predecessor-version":[{"id":18428,"href":"https:\/\/ocardoo.com\/en\/wp-json\/wp\/v2\/product\/18423\/revisions\/18428"}],"wp:featuredmedia":[{"embeddable":true,"href":"https:\/\/ocardoo.com\/en\/wp-json\/wp\/v2\/media\/18276"}],"wp:attachment":[{"href":"https:\/\/ocardoo.com\/en\/wp-json\/wp\/v2\/media?parent=18423"}],"wp:term":[{"taxonomy":"product_cat","embeddable":true,"href":"https:\/\/ocardoo.com\/en\/wp-json\/wp\/v2\/product_cat?post=18423"},{"taxonomy":"product_tag","embeddable":true,"href":"https:\/\/ocardoo.com\/en\/wp-json\/wp\/v2\/product_tag?post=18423"}],"curies":[{"name":"wp","href":"https:\/\/api.w.org\/{rel}","templated":true}]}}