{"id":18434,"date":"2024-11-20T21:04:24","date_gmt":"2024-11-20T20:04:24","guid":{"rendered":"https:\/\/ocardoo.com\/?post_type=product&#038;p=18434"},"modified":"2024-11-21T21:11:47","modified_gmt":"2024-11-21T20:11:47","slug":"61063","status":"publish","type":"product","link":"https:\/\/ocardoo.com\/en\/product\/61063\/","title":{"rendered":"Kreative Gruppengru\u00dfkarten \u2013 Digitale Weihnachtsgr\u00fc\u00dfe"},"content":{"rendered":"<h3><strong>Die perfekte Weihnachtskarte f\u00fcr Gruppen \u2013 Modern und herzlich<\/strong><\/h3>\n<p>Mit Ocardoo gestaltest du eine digitale Karte, bei der jeder aus der Gruppe mitmachen kann. F\u00fcge Gr\u00fc\u00dfe, Bilder oder Videos hinzu und teile die Freude!<\/p>","protected":false},"excerpt":{"rendered":"<p>Die perfekte Weihnachtskarte f\u00fcr Gruppen \u2013 Modern und herzlich Mit Ocardoo gestaltest du eine digitale Karte, bei der jeder aus der Gruppe mitmachen kann. F\u00fcge Gr\u00fc\u00dfe, Bilder oder Videos hinzu [&hellip;]<\/p>","protected":false},"author":20,"featured_media":18281,"comment_status":"open","ping_status":"closed","template":"","meta":{"_acf_changed":false,"inline_featured_image":false,"footnotes":""},"product_cat":[106,107],"product_tag":[249,173,476,170,196,310],"class_list":["post-18434","product","type-product","status-publish","has-post-thumbnail","hentry","product_cat-religioese-anlaesse","product_cat-weihnachten","product_tag-christmas","product_tag-merry-christmas","product_tag-schleife","product_tag-weihnachten","product_tag-weihnachtsbaum","product_tag-wichtel","pa_variante-basic","pa_variante-premium"],"acf":[],"_links":{"self":[{"href":"https:\/\/ocardoo.com\/en\/wp-json\/wp\/v2\/product\/18434","targetHints":{"allow":["GET"]}}],"collection":[{"href":"https:\/\/ocardoo.com\/en\/wp-json\/wp\/v2\/product"}],"about":[{"href":"https:\/\/ocardoo.com\/en\/wp-json\/wp\/v2\/types\/product"}],"author":[{"embeddable":true,"href":"https:\/\/ocardoo.com\/en\/wp-json\/wp\/v2\/users\/20"}],"replies":[{"embeddable":true,"href":"https:\/\/ocardoo.com\/en\/wp-json\/wp\/v2\/comments?post=18434"}],"version-history":[{"count":2,"href":"https:\/\/ocardoo.com\/en\/wp-json\/wp\/v2\/product\/18434\/revisions"}],"predecessor-version":[{"id":18438,"href":"https:\/\/ocardoo.com\/en\/wp-json\/wp\/v2\/product\/18434\/revisions\/18438"}],"wp:featuredmedia":[{"embeddable":true,"href":"https:\/\/ocardoo.com\/en\/wp-json\/wp\/v2\/media\/18281"}],"wp:attachment":[{"href":"https:\/\/ocardoo.com\/en\/wp-json\/wp\/v2\/media?parent=18434"}],"wp:term":[{"taxonomy":"product_cat","embeddable":true,"href":"https:\/\/ocardoo.com\/en\/wp-json\/wp\/v2\/product_cat?post=18434"},{"taxonomy":"product_tag","embeddable":true,"href":"https:\/\/ocardoo.com\/en\/wp-json\/wp\/v2\/product_tag?post=18434"}],"curies":[{"name":"wp","href":"https:\/\/api.w.org\/{rel}","templated":true}]}}