{"id":18439,"date":"2024-11-20T21:07:23","date_gmt":"2024-11-20T20:07:23","guid":{"rendered":"https:\/\/ocardoo.com\/?post_type=product&#038;p=18439"},"modified":"2024-11-20T21:09:53","modified_gmt":"2024-11-20T20:09:53","slug":"digitale-weihnachtskarten-ideal-fuer-teams-und-familien-merry-christmas","status":"publish","type":"product","link":"https:\/\/ocardoo.com\/en\/product\/digitale-weihnachtskarten-ideal-fuer-teams-und-familien-merry-christmas\/","title":{"rendered":"Digitale Weihnachtskarten \u2013 Ideal f\u00fcr Teams und Familien &#8222;Merry Christmas&#8220;"},"content":{"rendered":"<h3><strong>Weihnachtskarten, die verbinden \u2013 Gestalte deine digitale Gruppengru\u00dfkarte<\/strong><\/h3>\n<p>Bei Ocardoo kannst du alle Gr\u00fc\u00dfe an einem Ort sammeln. Deine digitale Weihnachtskarte wird so zu einem echten Gemeinschaftswerk.<\/p>","protected":false},"excerpt":{"rendered":"<p>Weihnachtskarten, die verbinden \u2013 Gestalte deine digitale Gruppengru\u00dfkarte Bei Ocardoo kannst du alle Gr\u00fc\u00dfe an einem Ort sammeln. Deine digitale Weihnachtskarte wird so zu einem echten Gemeinschaftswerk.<\/p>","protected":false},"author":20,"featured_media":18287,"comment_status":"open","ping_status":"closed","template":"","meta":{"_acf_changed":false,"inline_featured_image":false,"footnotes":""},"product_cat":[106,107],"product_tag":[249,173,476,170,196,310],"class_list":["post-18439","product","type-product","status-publish","has-post-thumbnail","hentry","product_cat-religioese-anlaesse","product_cat-weihnachten","product_tag-christmas","product_tag-merry-christmas","product_tag-schleife","product_tag-weihnachten","product_tag-weihnachtsbaum","product_tag-wichtel","pa_variante-basic","pa_variante-premium"],"acf":[],"_links":{"self":[{"href":"https:\/\/ocardoo.com\/en\/wp-json\/wp\/v2\/product\/18439","targetHints":{"allow":["GET"]}}],"collection":[{"href":"https:\/\/ocardoo.com\/en\/wp-json\/wp\/v2\/product"}],"about":[{"href":"https:\/\/ocardoo.com\/en\/wp-json\/wp\/v2\/types\/product"}],"author":[{"embeddable":true,"href":"https:\/\/ocardoo.com\/en\/wp-json\/wp\/v2\/users\/20"}],"replies":[{"embeddable":true,"href":"https:\/\/ocardoo.com\/en\/wp-json\/wp\/v2\/comments?post=18439"}],"version-history":[{"count":2,"href":"https:\/\/ocardoo.com\/en\/wp-json\/wp\/v2\/product\/18439\/revisions"}],"predecessor-version":[{"id":18443,"href":"https:\/\/ocardoo.com\/en\/wp-json\/wp\/v2\/product\/18439\/revisions\/18443"}],"wp:featuredmedia":[{"embeddable":true,"href":"https:\/\/ocardoo.com\/en\/wp-json\/wp\/v2\/media\/18287"}],"wp:attachment":[{"href":"https:\/\/ocardoo.com\/en\/wp-json\/wp\/v2\/media?parent=18439"}],"wp:term":[{"taxonomy":"product_cat","embeddable":true,"href":"https:\/\/ocardoo.com\/en\/wp-json\/wp\/v2\/product_cat?post=18439"},{"taxonomy":"product_tag","embeddable":true,"href":"https:\/\/ocardoo.com\/en\/wp-json\/wp\/v2\/product_tag?post=18439"}],"curies":[{"name":"wp","href":"https:\/\/api.w.org\/{rel}","templated":true}]}}