{"id":18459,"date":"2024-11-20T21:19:58","date_gmt":"2024-11-20T20:19:58","guid":{"rendered":"https:\/\/ocardoo.com\/?post_type=product&#038;p=18459"},"modified":"2024-11-20T21:21:47","modified_gmt":"2024-11-20T20:21:47","slug":"36011","status":"publish","type":"product","link":"https:\/\/ocardoo.com\/en\/product\/36011\/","title":{"rendered":"Trauergru\u00dfkarten f\u00fcr einen w\u00fcrdevollen Abschied \u2013 Mit Herz und Respekt"},"content":{"rendered":"<h3><strong>Trauerkarte \u2013 Gemeinsam Anteil nehmen und Trost spenden<\/strong><\/h3>\n<p>M\u00f6chtest du deine Anteilnahme digital und auf pers\u00f6nliche Weise ausdr\u00fccken? Mit Ocardoo gestaltest du eine Trauerkarte, die deine Botschaft in einer schwierigen Zeit sendet.<\/p>\n<p><strong>So funktioniert&#8217;s:<\/strong><\/p>\n<ul>\n<li><strong>Karte ausw\u00e4hlen:<\/strong> Finde die passende Trauerkarte f\u00fcr deinen Anlass.<\/li>\n<li><strong>Personalisieren:<\/strong> Verfasse deine eigene Nachricht, um deine Anteilnahme auf eine herzliche Weise zu zeigen.<\/li>\n<li><strong>Gemeinsam gestalten:<\/strong> Lade deine Familie oder Freunde ein, ebenfalls ihre Worte hinzuzuf\u00fcgen und so eine unterst\u00fctzende Gemeinschaft zu schaffen.<\/li>\n<\/ul>\n<p><strong>Why Ocardoo?<\/strong><br \/>\nOcardoo bietet eine einf\u00fchlsame M\u00f6glichkeit, eine Trauerkarte zu gestalten und mit anderen zu teilen, um Unterst\u00fctzung und Trost in schwierigen Momenten zu bieten.<\/p>","protected":false},"excerpt":{"rendered":"<h3><strong>Trauerkarte f\u00fcr liebevolle Erinnerungen<\/strong><\/h3>\n<p>Sag &#8222;Lebewohl&#8220; mit einer Karte, die von Herzen kommt. Gestalte deine Trauerkarte und teile deine Gedanken und Erinnerungen auf respektvolle Weise.<\/p>","protected":false},"author":20,"featured_media":18449,"comment_status":"open","ping_status":"closed","template":"","meta":{"_acf_changed":false,"inline_featured_image":false,"footnotes":""},"product_cat":[84,90],"product_tag":[259,260],"class_list":["post-18459","product","type-product","status-publish","has-post-thumbnail","hentry","product_cat-anlaesse","product_cat-trauer","product_tag-trauer","product_tag-trauerkarte","pa_variante-basic","pa_variante-premium"],"acf":[],"_links":{"self":[{"href":"https:\/\/ocardoo.com\/en\/wp-json\/wp\/v2\/product\/18459","targetHints":{"allow":["GET"]}}],"collection":[{"href":"https:\/\/ocardoo.com\/en\/wp-json\/wp\/v2\/product"}],"about":[{"href":"https:\/\/ocardoo.com\/en\/wp-json\/wp\/v2\/types\/product"}],"author":[{"embeddable":true,"href":"https:\/\/ocardoo.com\/en\/wp-json\/wp\/v2\/users\/20"}],"replies":[{"embeddable":true,"href":"https:\/\/ocardoo.com\/en\/wp-json\/wp\/v2\/comments?post=18459"}],"version-history":[{"count":2,"href":"https:\/\/ocardoo.com\/en\/wp-json\/wp\/v2\/product\/18459\/revisions"}],"predecessor-version":[{"id":18463,"href":"https:\/\/ocardoo.com\/en\/wp-json\/wp\/v2\/product\/18459\/revisions\/18463"}],"wp:featuredmedia":[{"embeddable":true,"href":"https:\/\/ocardoo.com\/en\/wp-json\/wp\/v2\/media\/18449"}],"wp:attachment":[{"href":"https:\/\/ocardoo.com\/en\/wp-json\/wp\/v2\/media?parent=18459"}],"wp:term":[{"taxonomy":"product_cat","embeddable":true,"href":"https:\/\/ocardoo.com\/en\/wp-json\/wp\/v2\/product_cat?post=18459"},{"taxonomy":"product_tag","embeddable":true,"href":"https:\/\/ocardoo.com\/en\/wp-json\/wp\/v2\/product_tag?post=18459"}],"curies":[{"name":"wp","href":"https:\/\/api.w.org\/{rel}","templated":true}]}}