{"id":18482,"date":"2024-11-21T21:11:53","date_gmt":"2024-11-21T20:11:53","guid":{"rendered":"https:\/\/ocardoo.com\/?post_type=product&#038;p=18482"},"modified":"2024-11-21T21:19:18","modified_gmt":"2024-11-21T20:19:18","slug":"61064","status":"publish","type":"product","link":"https:\/\/ocardoo.com\/en\/product\/61064\/","title":{"rendered":"Festliche Weihnachtskarte \u2013 Pers\u00f6nliche Gr\u00fc\u00dfe zur sch\u00f6nsten Zeit des Jahres &#8211; Gruppenkarte digital"},"content":{"rendered":"<h3><strong>Festliche Weihnachtskarte \u2013 Pers\u00f6nliche Gr\u00fc\u00dfe zur sch\u00f6nsten Zeit des Jahres<\/strong><\/h3>\n<p>M\u00f6chtest du deine Weihnachtsw\u00fcnsche dieses Jahr auf ganz pers\u00f6nliche Weise versenden? Mit Ocardoo kannst du eine festliche Weihnachtskarte erstellen, die deine Lieben begeistert und gleichzeitig festlich und modern wirkt.<\/p>\n<p><strong>So funktioniert&#8217;s:<\/strong><\/p>\n<ul>\n<li><strong>Karte ausw\u00e4hlen:<\/strong> Entscheide dich f\u00fcr eine unserer festlichen Weihnachtskarten und gestalte sie mit deiner eigenen Botschaft.<\/li>\n<li><strong>Individuell anpassen:<\/strong> F\u00fcge pers\u00f6nliche Worte, ein Bild oder sogar ein Video hinzu und gib deiner Karte eine pers\u00f6nliche Note.<\/li>\n<li><strong>Gemeinsam teilen:<\/strong> Lade Freunde oder Familie ein, ebenfalls ihre Gr\u00fc\u00dfe hinzuzuf\u00fcgen und eine gemeinsame Karte zu gestalten.<\/li>\n<\/ul>\n<p><strong>Why Ocardoo?<\/strong><br \/>\nOcardoo macht es dir leicht, eine einzigartige und festliche Weihnachtskarte zu erstellen, die Freude und Verbundenheit bringt.<\/p>","protected":false},"excerpt":{"rendered":"<p>Festliche Weihnachtskarte \u2013 Pers\u00f6nliche Gr\u00fc\u00dfe zur sch\u00f6nsten Zeit des Jahres M\u00f6chtest du deine Weihnachtsw\u00fcnsche dieses Jahr auf ganz pers\u00f6nliche Weise versenden? Mit Ocardoo kannst du eine festliche Weihnachtskarte erstellen, die [&hellip;]<\/p>","protected":false},"author":20,"featured_media":18282,"comment_status":"open","ping_status":"closed","template":"","meta":{"_acf_changed":false,"inline_featured_image":false,"footnotes":""},"product_cat":[106,107],"product_tag":[249,173,476,170,196,310],"class_list":["post-18482","product","type-product","status-publish","has-post-thumbnail","hentry","product_cat-religioese-anlaesse","product_cat-weihnachten","product_tag-christmas","product_tag-merry-christmas","product_tag-schleife","product_tag-weihnachten","product_tag-weihnachtsbaum","product_tag-wichtel","pa_variante-basic","pa_variante-premium"],"acf":[],"_links":{"self":[{"href":"https:\/\/ocardoo.com\/en\/wp-json\/wp\/v2\/product\/18482","targetHints":{"allow":["GET"]}}],"collection":[{"href":"https:\/\/ocardoo.com\/en\/wp-json\/wp\/v2\/product"}],"about":[{"href":"https:\/\/ocardoo.com\/en\/wp-json\/wp\/v2\/types\/product"}],"author":[{"embeddable":true,"href":"https:\/\/ocardoo.com\/en\/wp-json\/wp\/v2\/users\/20"}],"replies":[{"embeddable":true,"href":"https:\/\/ocardoo.com\/en\/wp-json\/wp\/v2\/comments?post=18482"}],"version-history":[{"count":2,"href":"https:\/\/ocardoo.com\/en\/wp-json\/wp\/v2\/product\/18482\/revisions"}],"predecessor-version":[{"id":18486,"href":"https:\/\/ocardoo.com\/en\/wp-json\/wp\/v2\/product\/18482\/revisions\/18486"}],"wp:featuredmedia":[{"embeddable":true,"href":"https:\/\/ocardoo.com\/en\/wp-json\/wp\/v2\/media\/18282"}],"wp:attachment":[{"href":"https:\/\/ocardoo.com\/en\/wp-json\/wp\/v2\/media?parent=18482"}],"wp:term":[{"taxonomy":"product_cat","embeddable":true,"href":"https:\/\/ocardoo.com\/en\/wp-json\/wp\/v2\/product_cat?post=18482"},{"taxonomy":"product_tag","embeddable":true,"href":"https:\/\/ocardoo.com\/en\/wp-json\/wp\/v2\/product_tag?post=18482"}],"curies":[{"name":"wp","href":"https:\/\/api.w.org\/{rel}","templated":true}]}}