{"id":18487,"date":"2024-11-21T21:19:32","date_gmt":"2024-11-21T20:19:32","guid":{"rendered":"https:\/\/ocardoo.com\/?post_type=product&#038;p=18487"},"modified":"2024-11-21T21:23:07","modified_gmt":"2024-11-21T20:23:07","slug":"digitale-team-weihnachtskarte-persoenliche-gruesse-gemeinsam-senden-merry-christmas","status":"publish","type":"product","link":"https:\/\/ocardoo.com\/en\/product\/digitale-team-weihnachtskarte-persoenliche-gruesse-gemeinsam-senden-merry-christmas\/","title":{"rendered":"Kollektiv-Weihnachtskarte f\u00fcr Gruppen \u2013 Weihnachten gemeinsam feiern &#8222;Merry Christmas&#8220;"},"content":{"rendered":"<h3><strong>Weihnachtskarte f\u00fcr Firmen \u2013 Zeig deine Wertsch\u00e4tzung f\u00fcr Kunden und Kollegen<\/strong><\/h3>\n<p>Zeige deinen Gesch\u00e4ftspartnern und Mitarbeitern deine Wertsch\u00e4tzung in der Weihnachtszeit. Mit den digitalen Weihnachtskarten von Ocardoo kannst du schnell und stilvoll Weihnachtsgr\u00fc\u00dfe senden.<\/p>\n<p><strong>So funktioniert&#8217;s:<\/strong><\/p>\n<ul>\n<li><strong>Karte w\u00e4hlen:<\/strong> W\u00e4hle eine passende Karte f\u00fcr gesch\u00e4ftliche Gr\u00fc\u00dfe und passe sie mit einem professionellen Gru\u00dftext an.<\/li>\n<li><strong>Botschaft hinzuf\u00fcgen:<\/strong> Verfasse eine pers\u00f6nliche Nachricht, die deine Dankbarkeit ausdr\u00fcckt und den Teamgeist st\u00e4rkt.<\/li>\n<li><strong>Teilen und Freude verbreiten:<\/strong> Versende die Karte an alle Empf\u00e4nger und bringe in der Festzeit Freude in dein Unternehmen.<\/li>\n<\/ul>\n<p><strong>Why Ocardoo?<\/strong><br \/>\nMit Ocardoo kannst du ganz einfach Weihnachtskarten f\u00fcr Firmen gestalten und damit das Wir-Gef\u00fchl im Team und die Bindung zu Kunden st\u00e4rken.<\/p>","protected":false},"excerpt":{"rendered":"<p>Weihnachtskarte f\u00fcr Firmen \u2013 Zeig deine Wertsch\u00e4tzung f\u00fcr Kunden und Kollegen Zeige deinen Gesch\u00e4ftspartnern und Mitarbeitern deine Wertsch\u00e4tzung in der Weihnachtszeit. Mit den digitalen Weihnachtskarten von Ocardoo kannst du schnell [&hellip;]<\/p>","protected":false},"author":20,"featured_media":18284,"comment_status":"open","ping_status":"closed","template":"","meta":{"_acf_changed":false,"inline_featured_image":false,"footnotes":""},"product_cat":[106,107],"product_tag":[249,173,476,170,196,310],"class_list":["post-18487","product","type-product","status-publish","has-post-thumbnail","hentry","product_cat-religioese-anlaesse","product_cat-weihnachten","product_tag-christmas","product_tag-merry-christmas","product_tag-schleife","product_tag-weihnachten","product_tag-weihnachtsbaum","product_tag-wichtel","pa_variante-basic","pa_variante-premium"],"acf":[],"_links":{"self":[{"href":"https:\/\/ocardoo.com\/en\/wp-json\/wp\/v2\/product\/18487","targetHints":{"allow":["GET"]}}],"collection":[{"href":"https:\/\/ocardoo.com\/en\/wp-json\/wp\/v2\/product"}],"about":[{"href":"https:\/\/ocardoo.com\/en\/wp-json\/wp\/v2\/types\/product"}],"author":[{"embeddable":true,"href":"https:\/\/ocardoo.com\/en\/wp-json\/wp\/v2\/users\/20"}],"replies":[{"embeddable":true,"href":"https:\/\/ocardoo.com\/en\/wp-json\/wp\/v2\/comments?post=18487"}],"version-history":[{"count":4,"href":"https:\/\/ocardoo.com\/en\/wp-json\/wp\/v2\/product\/18487\/revisions"}],"predecessor-version":[{"id":18497,"href":"https:\/\/ocardoo.com\/en\/wp-json\/wp\/v2\/product\/18487\/revisions\/18497"}],"wp:featuredmedia":[{"embeddable":true,"href":"https:\/\/ocardoo.com\/en\/wp-json\/wp\/v2\/media\/18284"}],"wp:attachment":[{"href":"https:\/\/ocardoo.com\/en\/wp-json\/wp\/v2\/media?parent=18487"}],"wp:term":[{"taxonomy":"product_cat","embeddable":true,"href":"https:\/\/ocardoo.com\/en\/wp-json\/wp\/v2\/product_cat?post=18487"},{"taxonomy":"product_tag","embeddable":true,"href":"https:\/\/ocardoo.com\/en\/wp-json\/wp\/v2\/product_tag?post=18487"}],"curies":[{"name":"wp","href":"https:\/\/api.w.org\/{rel}","templated":true}]}}