{"id":18505,"date":"2024-11-21T21:29:41","date_gmt":"2024-11-21T20:29:41","guid":{"rendered":"https:\/\/ocardoo.com\/?post_type=product&#038;p=18505"},"modified":"2024-11-21T21:33:02","modified_gmt":"2024-11-21T20:33:02","slug":"61067","status":"publish","type":"product","link":"https:\/\/ocardoo.com\/en\/product\/61067\/","title":{"rendered":"Festliche Gruppenkarte zu Weihnachten \u2013 Gemeinsam Freude versenden"},"content":{"rendered":"<h3><strong>Weihnachtskarte f\u00fcr Unternehmen \u2013 Herzliche Gr\u00fc\u00dfe an Gesch\u00e4ftspartner<\/strong><\/h3>\n<p>M\u00f6chtest du deine Gesch\u00e4ftspartner in der Weihnachtszeit auf besondere Weise gr\u00fc\u00dfen? Mit den professionellen Weihnachtskarten von Ocardoo hinterl\u00e4sst du einen positiven Eindruck.<\/p>\n<p><strong>So funktioniert&#8217;s:<\/strong><\/p>\n<ul>\n<li><strong>Karte ausw\u00e4hlen:<\/strong> W\u00e4hle eine stilvolle Weihnachtskarte aus, die zum Unternehmensimage passt.<\/li>\n<li><strong>Botschaft verfassen:<\/strong> Schreibe eine pers\u00f6nliche Nachricht, die Dankbarkeit und Wertsch\u00e4tzung ausdr\u00fcckt.<\/li>\n<li><strong>An Kollegen und Partner senden:<\/strong> Teile die Karte einfach per E-Mail und bringe festliche Stimmung in dein Netzwerk.<\/li>\n<\/ul>\n<p><strong>Why Ocardoo?<\/strong><br \/>\nOcardoo erm\u00f6glicht es dir, professionell gestaltete Weihnachtskarten schnell und einfach zu versenden.<\/p>\n<p>&nbsp;<\/p>\n<hr \/>","protected":false},"excerpt":{"rendered":"<p>Weihnachtskarte f\u00fcr Unternehmen \u2013 Herzliche Gr\u00fc\u00dfe an Gesch\u00e4ftspartner M\u00f6chtest du deine Gesch\u00e4ftspartner in der Weihnachtszeit auf besondere Weise gr\u00fc\u00dfen? Mit den professionellen Weihnachtskarten von Ocardoo hinterl\u00e4sst du einen positiven Eindruck. [&hellip;]<\/p>","protected":false},"author":20,"featured_media":18285,"comment_status":"open","ping_status":"closed","template":"","meta":{"_acf_changed":false,"inline_featured_image":false,"footnotes":""},"product_cat":[106,107],"product_tag":[249,173,476,170,196,310],"class_list":["post-18505","product","type-product","status-publish","has-post-thumbnail","hentry","product_cat-religioese-anlaesse","product_cat-weihnachten","product_tag-christmas","product_tag-merry-christmas","product_tag-schleife","product_tag-weihnachten","product_tag-weihnachtsbaum","product_tag-wichtel","pa_variante-basic","pa_variante-premium"],"acf":[],"_links":{"self":[{"href":"https:\/\/ocardoo.com\/en\/wp-json\/wp\/v2\/product\/18505","targetHints":{"allow":["GET"]}}],"collection":[{"href":"https:\/\/ocardoo.com\/en\/wp-json\/wp\/v2\/product"}],"about":[{"href":"https:\/\/ocardoo.com\/en\/wp-json\/wp\/v2\/types\/product"}],"author":[{"embeddable":true,"href":"https:\/\/ocardoo.com\/en\/wp-json\/wp\/v2\/users\/20"}],"replies":[{"embeddable":true,"href":"https:\/\/ocardoo.com\/en\/wp-json\/wp\/v2\/comments?post=18505"}],"version-history":[{"count":3,"href":"https:\/\/ocardoo.com\/en\/wp-json\/wp\/v2\/product\/18505\/revisions"}],"predecessor-version":[{"id":18510,"href":"https:\/\/ocardoo.com\/en\/wp-json\/wp\/v2\/product\/18505\/revisions\/18510"}],"wp:featuredmedia":[{"embeddable":true,"href":"https:\/\/ocardoo.com\/en\/wp-json\/wp\/v2\/media\/18285"}],"wp:attachment":[{"href":"https:\/\/ocardoo.com\/en\/wp-json\/wp\/v2\/media?parent=18505"}],"wp:term":[{"taxonomy":"product_cat","embeddable":true,"href":"https:\/\/ocardoo.com\/en\/wp-json\/wp\/v2\/product_cat?post=18505"},{"taxonomy":"product_tag","embeddable":true,"href":"https:\/\/ocardoo.com\/en\/wp-json\/wp\/v2\/product_tag?post=18505"}],"curies":[{"name":"wp","href":"https:\/\/api.w.org\/{rel}","templated":true}]}}