{"id":18516,"date":"2024-11-21T21:35:51","date_gmt":"2024-11-21T20:35:51","guid":{"rendered":"https:\/\/ocardoo.com\/?post_type=product&#038;p=18516"},"modified":"2024-11-21T21:42:39","modified_gmt":"2024-11-21T20:42:39","slug":"61070","status":"publish","type":"product","link":"https:\/\/ocardoo.com\/en\/product\/61070\/","title":{"rendered":"Digitale Kollektiv-Weihnachtskarte \u2013 Einfach und pers\u00f6nlich gestalten"},"content":{"rendered":"<h3><strong>Nachhaltige Weihnachtsgr\u00fc\u00dfe \u2013 Umweltfreundliche Karten f\u00fcr deine Lieben<\/strong><\/h3>\n<p>W\u00e4hle eine umweltfreundliche Weihnachtskarte und \u00fcberrasche deine Familie und Freunde mit einem digitalen Gru\u00df, der festlich und nachhaltig ist.<\/p>\n<p><strong>So funktioniert&#8217;s:<\/strong><\/p>\n<ul>\n<li><strong>Karte ausw\u00e4hlen:<\/strong> Finde eine sch\u00f6ne Karte, die deine umweltbewusste Botschaft unterst\u00fctzt.<\/li>\n<li><strong>Mit Liebe gestalten:<\/strong> Verfasse eine pers\u00f6nliche Nachricht und zeige, wie sehr du deine Lieben sch\u00e4tzt.<\/li>\n<li><strong>Digital versenden:<\/strong> Teile die Karte einfach per E-Mail oder Link und schenke Freude, ohne Papier zu verbrauchen.<\/li>\n<\/ul>\n<p><strong>Why Ocardoo?<\/strong><br \/>\nOcardoo erm\u00f6glicht dir eine umweltfreundliche Alternative f\u00fcr deine Weihnachtskarten.<\/p>","protected":false},"excerpt":{"rendered":"<p>Nachhaltige Weihnachtsgr\u00fc\u00dfe \u2013 Umweltfreundliche Karten f\u00fcr deine Lieben W\u00e4hle eine umweltfreundliche Weihnachtskarte und \u00fcberrasche deine Familie und Freunde mit einem digitalen Gru\u00df, der festlich und nachhaltig ist. So funktioniert&#8217;s: Karte [&hellip;]<\/p>","protected":false},"author":20,"featured_media":18288,"comment_status":"open","ping_status":"closed","template":"","meta":{"_acf_changed":false,"inline_featured_image":false,"footnotes":""},"product_cat":[106,107],"product_tag":[249,173,476,170,196,310],"class_list":["post-18516","product","type-product","status-publish","has-post-thumbnail","hentry","product_cat-religioese-anlaesse","product_cat-weihnachten","product_tag-christmas","product_tag-merry-christmas","product_tag-schleife","product_tag-weihnachten","product_tag-weihnachtsbaum","product_tag-wichtel","pa_variante-basic","pa_variante-premium"],"acf":[],"_links":{"self":[{"href":"https:\/\/ocardoo.com\/en\/wp-json\/wp\/v2\/product\/18516","targetHints":{"allow":["GET"]}}],"collection":[{"href":"https:\/\/ocardoo.com\/en\/wp-json\/wp\/v2\/product"}],"about":[{"href":"https:\/\/ocardoo.com\/en\/wp-json\/wp\/v2\/types\/product"}],"author":[{"embeddable":true,"href":"https:\/\/ocardoo.com\/en\/wp-json\/wp\/v2\/users\/20"}],"replies":[{"embeddable":true,"href":"https:\/\/ocardoo.com\/en\/wp-json\/wp\/v2\/comments?post=18516"}],"version-history":[{"count":3,"href":"https:\/\/ocardoo.com\/en\/wp-json\/wp\/v2\/product\/18516\/revisions"}],"predecessor-version":[{"id":18526,"href":"https:\/\/ocardoo.com\/en\/wp-json\/wp\/v2\/product\/18516\/revisions\/18526"}],"wp:featuredmedia":[{"embeddable":true,"href":"https:\/\/ocardoo.com\/en\/wp-json\/wp\/v2\/media\/18288"}],"wp:attachment":[{"href":"https:\/\/ocardoo.com\/en\/wp-json\/wp\/v2\/media?parent=18516"}],"wp:term":[{"taxonomy":"product_cat","embeddable":true,"href":"https:\/\/ocardoo.com\/en\/wp-json\/wp\/v2\/product_cat?post=18516"},{"taxonomy":"product_tag","embeddable":true,"href":"https:\/\/ocardoo.com\/en\/wp-json\/wp\/v2\/product_tag?post=18516"}],"curies":[{"name":"wp","href":"https:\/\/api.w.org\/{rel}","templated":true}]}}