{"id":18521,"date":"2024-11-21T21:38:56","date_gmt":"2024-11-21T20:38:56","guid":{"rendered":"https:\/\/ocardoo.com\/?post_type=product&#038;p=18521"},"modified":"2024-11-21T21:41:22","modified_gmt":"2024-11-21T20:41:22","slug":"61071","status":"publish","type":"product","link":"https:\/\/ocardoo.com\/en\/product\/61071\/","title":{"rendered":"Team-Weihnachtskarte \u2013 Die besondere Karte f\u00fcr Gruppen und Unternehmen"},"content":{"rendered":"<h3><strong>Weihnachtskarten f\u00fcr Freunde \u2013 Gemeinsam festliche Gr\u00fc\u00dfe senden<\/strong><\/h3>\n<p>Gestalte eine Weihnachtskarte mit Ocardoo, an der sich deine Freunde ebenfalls beteiligen k\u00f6nnen. Schenke euch allen einen gemeinsamen Moment der Freude.<\/p>\n<p><strong>So funktioniert&#8217;s:<\/strong><\/p>\n<ul>\n<li><strong>Karte ausw\u00e4hlen:<\/strong> Entscheide dich f\u00fcr eine festliche Karte, die deinen Freundeskreis anspricht.<\/li>\n<li><strong>Botschaft hinzuf\u00fcgen:<\/strong> Verfasse eine pers\u00f6nliche Weihnachtsbotschaft, die eure Freundschaft feiert.<\/li>\n<li><strong>Freunde einladen:<\/strong> Lade deine Freunde ein, ihre Gr\u00fc\u00dfe hinzuzuf\u00fcgen, und gestaltet gemeinsam eine Karte.<\/li>\n<\/ul>\n<p>&nbsp;<\/p>\n<p><strong>Why Ocardoo?<\/strong><br \/>\nMit Ocardoo kannst du festliche Weihnachtskarten erstellen, die die Verbundenheit unter Freunden st\u00e4rken.<\/p>\n<hr \/>","protected":false},"excerpt":{"rendered":"<p>Weihnachtskarten f\u00fcr Freunde \u2013 Gemeinsam festliche Gr\u00fc\u00dfe senden Gestalte eine Weihnachtskarte mit Ocardoo, an der sich deine Freunde ebenfalls beteiligen k\u00f6nnen. Schenke euch allen einen gemeinsamen Moment der Freude. So [&hellip;]<\/p>","protected":false},"author":20,"featured_media":18289,"comment_status":"open","ping_status":"closed","template":"","meta":{"_acf_changed":false,"inline_featured_image":false,"footnotes":""},"product_cat":[106,107],"product_tag":[249,173,476,170,196,310],"class_list":["post-18521","product","type-product","status-publish","has-post-thumbnail","hentry","product_cat-religioese-anlaesse","product_cat-weihnachten","product_tag-christmas","product_tag-merry-christmas","product_tag-schleife","product_tag-weihnachten","product_tag-weihnachtsbaum","product_tag-wichtel","pa_variante-basic","pa_variante-premium"],"acf":[],"_links":{"self":[{"href":"https:\/\/ocardoo.com\/en\/wp-json\/wp\/v2\/product\/18521","targetHints":{"allow":["GET"]}}],"collection":[{"href":"https:\/\/ocardoo.com\/en\/wp-json\/wp\/v2\/product"}],"about":[{"href":"https:\/\/ocardoo.com\/en\/wp-json\/wp\/v2\/types\/product"}],"author":[{"embeddable":true,"href":"https:\/\/ocardoo.com\/en\/wp-json\/wp\/v2\/users\/20"}],"replies":[{"embeddable":true,"href":"https:\/\/ocardoo.com\/en\/wp-json\/wp\/v2\/comments?post=18521"}],"version-history":[{"count":2,"href":"https:\/\/ocardoo.com\/en\/wp-json\/wp\/v2\/product\/18521\/revisions"}],"predecessor-version":[{"id":18525,"href":"https:\/\/ocardoo.com\/en\/wp-json\/wp\/v2\/product\/18521\/revisions\/18525"}],"wp:featuredmedia":[{"embeddable":true,"href":"https:\/\/ocardoo.com\/en\/wp-json\/wp\/v2\/media\/18289"}],"wp:attachment":[{"href":"https:\/\/ocardoo.com\/en\/wp-json\/wp\/v2\/media?parent=18521"}],"wp:term":[{"taxonomy":"product_cat","embeddable":true,"href":"https:\/\/ocardoo.com\/en\/wp-json\/wp\/v2\/product_cat?post=18521"},{"taxonomy":"product_tag","embeddable":true,"href":"https:\/\/ocardoo.com\/en\/wp-json\/wp\/v2\/product_tag?post=18521"}],"curies":[{"name":"wp","href":"https:\/\/api.w.org\/{rel}","templated":true}]}}