{"id":18527,"date":"2024-11-21T21:42:44","date_gmt":"2024-11-21T20:42:44","guid":{"rendered":"https:\/\/ocardoo.com\/?post_type=product&#038;p=18527"},"modified":"2024-11-21T21:45:00","modified_gmt":"2024-11-21T20:45:00","slug":"61072","status":"publish","type":"product","link":"https:\/\/ocardoo.com\/en\/product\/61072\/","title":{"rendered":"Digitale Weihnachts-Gruppenkarte \u2013 Festliche Gr\u00fc\u00dfe gemeinsam erstellen"},"content":{"rendered":"<h3><strong>Festliche Weihnachtskarte \u2013 F\u00fcr Familie, Freunde und Kollegen<\/strong><\/h3>\n<p>Versende Weihnachtskarten, die alle begeistern! Mit Ocardoo kannst du deine Gr\u00fc\u00dfe an Familie, Freunde oder Kollegen einfach und festlich gestalten.<\/p>\n<p><strong>So funktioniert&#8217;s:<\/strong><\/p>\n<ul>\n<li><strong>Karte ausw\u00e4hlen:<\/strong> W\u00e4hle eine Karte, die deine Empf\u00e4nger anspricht und Weihnachtsfreude bringt.<\/li>\n<li><strong>Mit Worten gestalten:<\/strong> Verfasse eine liebevolle Botschaft und mache die Karte pers\u00f6nlich und besonders.<\/li>\n<li><strong>Mit allen teilen:<\/strong> Lade Freunde, Familie oder Kollegen ein, ebenfalls ihre Weihnachtsw\u00fcnsche hinzuzuf\u00fcgen.<\/li>\n<\/ul>\n<p>&nbsp;<\/p>\n<p><strong>Why Ocardoo?<\/strong><br \/>\nOcardoo macht es leicht, Weihnachtskarten zu gestalten und alle, die dir wichtig sind, in die Weihnachtsfreude einzubeziehen.<\/p>\n<p>&nbsp;<\/p>\n<hr \/>","protected":false},"excerpt":{"rendered":"<p>Festliche Weihnachtskarte \u2013 F\u00fcr Familie, Freunde und Kollegen Versende Weihnachtskarten, die alle begeistern! Mit Ocardoo kannst du deine Gr\u00fc\u00dfe an Familie, Freunde oder Kollegen einfach und festlich gestalten. So funktioniert&#8217;s: [&hellip;]<\/p>","protected":false},"author":20,"featured_media":18290,"comment_status":"open","ping_status":"closed","template":"","meta":{"_acf_changed":false,"inline_featured_image":false,"footnotes":""},"product_cat":[106,107],"product_tag":[249,173,476,170,196,310],"class_list":["post-18527","product","type-product","status-publish","has-post-thumbnail","hentry","product_cat-religioese-anlaesse","product_cat-weihnachten","product_tag-christmas","product_tag-merry-christmas","product_tag-schleife","product_tag-weihnachten","product_tag-weihnachtsbaum","product_tag-wichtel","pa_variante-basic","pa_variante-premium"],"acf":[],"_links":{"self":[{"href":"https:\/\/ocardoo.com\/en\/wp-json\/wp\/v2\/product\/18527","targetHints":{"allow":["GET"]}}],"collection":[{"href":"https:\/\/ocardoo.com\/en\/wp-json\/wp\/v2\/product"}],"about":[{"href":"https:\/\/ocardoo.com\/en\/wp-json\/wp\/v2\/types\/product"}],"author":[{"embeddable":true,"href":"https:\/\/ocardoo.com\/en\/wp-json\/wp\/v2\/users\/20"}],"replies":[{"embeddable":true,"href":"https:\/\/ocardoo.com\/en\/wp-json\/wp\/v2\/comments?post=18527"}],"version-history":[{"count":2,"href":"https:\/\/ocardoo.com\/en\/wp-json\/wp\/v2\/product\/18527\/revisions"}],"predecessor-version":[{"id":18531,"href":"https:\/\/ocardoo.com\/en\/wp-json\/wp\/v2\/product\/18527\/revisions\/18531"}],"wp:featuredmedia":[{"embeddable":true,"href":"https:\/\/ocardoo.com\/en\/wp-json\/wp\/v2\/media\/18290"}],"wp:attachment":[{"href":"https:\/\/ocardoo.com\/en\/wp-json\/wp\/v2\/media?parent=18527"}],"wp:term":[{"taxonomy":"product_cat","embeddable":true,"href":"https:\/\/ocardoo.com\/en\/wp-json\/wp\/v2\/product_cat?post=18527"},{"taxonomy":"product_tag","embeddable":true,"href":"https:\/\/ocardoo.com\/en\/wp-json\/wp\/v2\/product_tag?post=18527"}],"curies":[{"name":"wp","href":"https:\/\/api.w.org\/{rel}","templated":true}]}}