{"id":18532,"date":"2024-11-21T21:46:20","date_gmt":"2024-11-21T20:46:20","guid":{"rendered":"https:\/\/ocardoo.com\/?post_type=product&#038;p=18532"},"modified":"2024-11-21T21:48:35","modified_gmt":"2024-11-21T20:48:35","slug":"61073","status":"publish","type":"product","link":"https:\/\/ocardoo.com\/en\/product\/61073\/","title":{"rendered":"Weihnachtskarte f\u00fcr Gruppen \u2013 Kollektive Gr\u00fc\u00dfe von Herzen mit Ocardoo"},"content":{"rendered":"<h3><strong>Weihnachtskarte f\u00fcr Mitarbeiter \u2013 Herzliche Gr\u00fc\u00dfe zum Jahresabschluss<\/strong><\/h3>\n<p>Sende deinen Mitarbeitern Weihnachtskarten, die Wertsch\u00e4tzung ausdr\u00fccken und das Wir-Gef\u00fchl st\u00e4rken. Mit Ocardoo erstellst du eine digitale Karte, die festlich und professionell ist.<\/p>\n<p><strong>So funktioniert&#8217;s:<\/strong><\/p>\n<ul>\n<li><strong>Karte ausw\u00e4hlen:<\/strong> Finde eine Karte, die deine Botschaft an das Team unterst\u00fctzt.<\/li>\n<li><strong>Pers\u00f6nliche Nachricht:<\/strong> Dr\u00fccke Dankbarkeit aus und w\u00fcrdige die Zusammenarbeit.<\/li>\n<li><strong>Einfach teilen:<\/strong> Versende die Karte digital und bringe Weihnachtsfreude in das Team.<\/li>\n<\/ul>\n<p>&nbsp;<\/p>\n<p><strong>Why Ocardoo?<\/strong><br \/>\nMit Ocardoo kannst du Weihnachtskarten f\u00fcr Mitarbeiter gestalten und damit das Teamgef\u00fchl st\u00e4rken und positive Energie verbreiten.<\/p>\n<h3><\/h3>\n<hr \/>","protected":false},"excerpt":{"rendered":"<p>Weihnachtskarte f\u00fcr Mitarbeiter \u2013 Herzliche Gr\u00fc\u00dfe zum Jahresabschluss Sende deinen Mitarbeitern Weihnachtskarten, die Wertsch\u00e4tzung ausdr\u00fccken und das Wir-Gef\u00fchl st\u00e4rken. Mit Ocardoo erstellst du eine digitale Karte, die festlich und professionell [&hellip;]<\/p>","protected":false},"author":20,"featured_media":18291,"comment_status":"open","ping_status":"closed","template":"","meta":{"_acf_changed":false,"inline_featured_image":false,"footnotes":""},"product_cat":[106,107],"product_tag":[249,173,476,170,196,310],"class_list":["post-18532","product","type-product","status-publish","has-post-thumbnail","hentry","product_cat-religioese-anlaesse","product_cat-weihnachten","product_tag-christmas","product_tag-merry-christmas","product_tag-schleife","product_tag-weihnachten","product_tag-weihnachtsbaum","product_tag-wichtel","pa_variante-basic","pa_variante-premium"],"acf":[],"_links":{"self":[{"href":"https:\/\/ocardoo.com\/en\/wp-json\/wp\/v2\/product\/18532","targetHints":{"allow":["GET"]}}],"collection":[{"href":"https:\/\/ocardoo.com\/en\/wp-json\/wp\/v2\/product"}],"about":[{"href":"https:\/\/ocardoo.com\/en\/wp-json\/wp\/v2\/types\/product"}],"author":[{"embeddable":true,"href":"https:\/\/ocardoo.com\/en\/wp-json\/wp\/v2\/users\/20"}],"replies":[{"embeddable":true,"href":"https:\/\/ocardoo.com\/en\/wp-json\/wp\/v2\/comments?post=18532"}],"version-history":[{"count":3,"href":"https:\/\/ocardoo.com\/en\/wp-json\/wp\/v2\/product\/18532\/revisions"}],"predecessor-version":[{"id":18537,"href":"https:\/\/ocardoo.com\/en\/wp-json\/wp\/v2\/product\/18532\/revisions\/18537"}],"wp:featuredmedia":[{"embeddable":true,"href":"https:\/\/ocardoo.com\/en\/wp-json\/wp\/v2\/media\/18291"}],"wp:attachment":[{"href":"https:\/\/ocardoo.com\/en\/wp-json\/wp\/v2\/media?parent=18532"}],"wp:term":[{"taxonomy":"product_cat","embeddable":true,"href":"https:\/\/ocardoo.com\/en\/wp-json\/wp\/v2\/product_cat?post=18532"},{"taxonomy":"product_tag","embeddable":true,"href":"https:\/\/ocardoo.com\/en\/wp-json\/wp\/v2\/product_tag?post=18532"}],"curies":[{"name":"wp","href":"https:\/\/api.w.org\/{rel}","templated":true}]}}