{"id":18606,"date":"2024-11-27T19:32:03","date_gmt":"2024-11-27T18:32:03","guid":{"rendered":"https:\/\/ocardoo.com\/?post_type=product&#038;p=18606"},"modified":"2024-11-27T19:38:28","modified_gmt":"2024-11-27T18:38:28","slug":"11085","status":"publish","type":"product","link":"https:\/\/ocardoo.com\/en\/product\/11085\/","title":{"rendered":"Team-Geburtstagskarte \u2013 Perfekt f\u00fcr Kollegen und Teams"},"content":{"rendered":"<p>Feiere den Geburtstag eines Teammitglieds oder Kollegen mit unserer digitalen Gruppengru\u00dfkarte. Sie ist die ideale L\u00f6sung, um gemeinsam herzliche Gl\u00fcckw\u00fcnsche zu \u00fcbermitteln \u2013 schnell, kreativ und unkompliziert.<\/p>\n<p>&nbsp;<\/p>\n<p><strong>Warum diese Karte besonders ist:<\/strong><\/p>\n<ul>\n<li><strong>F\u00fcr Teams gemacht:<\/strong> Perfekt, um zusammen als Gruppe zu gratulieren.<\/li>\n<li><strong>Pers\u00f6nliche Note:<\/strong> Jeder kann seine eigenen Worte beisteuern, um die Karte individuell zu gestalten.<\/li>\n<li><strong>Schnell und umweltfreundlich:<\/strong> Kein Herumlaufen mit Papierkarten \u2013 einfach online erstellen und teilen.<\/li>\n<\/ul>\n<p>&nbsp;<\/p>\n<p><strong>Ideal f\u00fcr:<\/strong><\/p>\n<ul>\n<li>\u00dcberraschungen im B\u00fcro oder Homeoffice<\/li>\n<li>Teamevents und Geburtstags\u00fcberraschungen<\/li>\n<li>Kreative Geburtstagsgr\u00fc\u00dfe f\u00fcr Kollegen<\/li>\n<\/ul>\n<p>&nbsp;<\/p>\n<p><strong>So funktioniert\u2019s:<\/strong><\/p>\n<ol>\n<li><strong>Design ausw\u00e4hlen:<\/strong> W\u00e4hle eine Karte aus, die das Geburtstagskind begeistern wird.<\/li>\n<li><strong>Gl\u00fcckw\u00fcnsche hinzuf\u00fcgen:<\/strong> Lade das Team ein, pers\u00f6nliche Nachrichten und Gr\u00fc\u00dfe einzutragen.<\/li>\n<li><strong>Versenden:<\/strong> \u00dcberrasche den Empf\u00e4nger mit einer Karte, die zeigt, wie sehr er gesch\u00e4tzt wird.<\/li>\n<\/ol>\n<p>&nbsp;<\/p>\n<p>Mit Ocardoo wird Teamarbeit auch bei Geburtstagsw\u00fcnschen gro\u00dfgeschrieben. Gestalte jetzt eine Karte, die Freude bereitet!<\/p>","protected":false},"excerpt":{"rendered":"<p>Feiere den Geburtstag eines Teammitglieds oder Kollegen mit unserer digitalen Gruppengru\u00dfkarte. Sie ist die ideale L\u00f6sung, um gemeinsam herzliche Gl\u00fcckw\u00fcnsche zu \u00fcbermitteln \u2013 schnell, kreativ und unkompliziert. &nbsp; Warum diese [&hellip;]<\/p>","protected":false},"author":20,"featured_media":18599,"comment_status":"open","ping_status":"closed","template":"","meta":{"_acf_changed":false,"inline_featured_image":false,"footnotes":""},"product_cat":[80,79],"product_tag":[49,230],"class_list":["post-18606","product","type-product","status-publish","has-post-thumbnail","hentry","product_cat-geburtstag","product_cat-gratulation","product_tag-geburtstag","product_tag-happy-birthday","pa_variante-basic","pa_variante-premium"],"acf":[],"_links":{"self":[{"href":"https:\/\/ocardoo.com\/en\/wp-json\/wp\/v2\/product\/18606","targetHints":{"allow":["GET"]}}],"collection":[{"href":"https:\/\/ocardoo.com\/en\/wp-json\/wp\/v2\/product"}],"about":[{"href":"https:\/\/ocardoo.com\/en\/wp-json\/wp\/v2\/types\/product"}],"author":[{"embeddable":true,"href":"https:\/\/ocardoo.com\/en\/wp-json\/wp\/v2\/users\/20"}],"replies":[{"embeddable":true,"href":"https:\/\/ocardoo.com\/en\/wp-json\/wp\/v2\/comments?post=18606"}],"version-history":[{"count":2,"href":"https:\/\/ocardoo.com\/en\/wp-json\/wp\/v2\/product\/18606\/revisions"}],"predecessor-version":[{"id":18610,"href":"https:\/\/ocardoo.com\/en\/wp-json\/wp\/v2\/product\/18606\/revisions\/18610"}],"wp:featuredmedia":[{"embeddable":true,"href":"https:\/\/ocardoo.com\/en\/wp-json\/wp\/v2\/media\/18599"}],"wp:attachment":[{"href":"https:\/\/ocardoo.com\/en\/wp-json\/wp\/v2\/media?parent=18606"}],"wp:term":[{"taxonomy":"product_cat","embeddable":true,"href":"https:\/\/ocardoo.com\/en\/wp-json\/wp\/v2\/product_cat?post=18606"},{"taxonomy":"product_tag","embeddable":true,"href":"https:\/\/ocardoo.com\/en\/wp-json\/wp\/v2\/product_tag?post=18606"}],"curies":[{"name":"wp","href":"https:\/\/api.w.org\/{rel}","templated":true}]}}