{"id":18615,"date":"2024-11-27T19:39:17","date_gmt":"2024-11-27T18:39:17","guid":{"rendered":"https:\/\/ocardoo.com\/?post_type=product&#038;p=18615"},"modified":"2024-11-27T19:42:25","modified_gmt":"2024-11-27T18:42:25","slug":"11086","status":"publish","type":"product","link":"https:\/\/ocardoo.com\/en\/product\/11086\/","title":{"rendered":"Kollektivkarte zum Geburtstag \u2013 Gemeinsam gratulieren, einfach gemacht"},"content":{"rendered":"<p>Zeige einem besonderen Menschen, wie viel er euch bedeutet, mit unserer digitalen Kollektiv-Geburtstagskarte. Diese Karte ist ideal, um als Gruppe gemeinsam Freude zu schenken.<\/p>\n<p><strong>Warum diese Karte einzigartig ist:<\/strong><\/p>\n<ul>\n<li><strong>Voller Herzlichkeit:<\/strong> Jeder kann seine individuellen Gl\u00fcckw\u00fcnsche beisteuern, was die Karte besonders macht.<\/li>\n<li><strong>Zeitsparend:<\/strong> Kein Aufwand mit Papierkarten \u2013 in wenigen Minuten online erstellt.<\/li>\n<li><strong>Umweltfreundlich:<\/strong> Digital und nachhaltig \u2013 perfekt f\u00fcr moderne Gr\u00fc\u00dfe.<\/li>\n<\/ul>\n<p>&nbsp;<\/p>\n<p><strong>Ideal f\u00fcr:<\/strong><\/p>\n<ul>\n<li>Freundeskreise, die zusammen gratulieren m\u00f6chten<\/li>\n<li>Geburtstagsgr\u00fc\u00dfe f\u00fcr Familie aus der Ferne<\/li>\n<li>Teams, die ihren Kollegen \u00fcberraschen wollen<\/li>\n<\/ul>\n<p>&nbsp;<\/p>\n<p><strong>So funktioniert\u2019s:<\/strong><\/p>\n<ol>\n<li><strong>Thema w\u00e4hlen:<\/strong> Such dir ein Design aus, das zum Geburtstagskind passt.<\/li>\n<li><strong>Gestalten:<\/strong> Teile den Link und sammle Beitr\u00e4ge von allen, die gratulieren m\u00f6chten.<\/li>\n<li><strong>Fertigstellen und versenden:<\/strong> Die Karte wird digital \u00fcbermittelt und macht den besonderen Tag unvergesslich.<\/li>\n<\/ol>\n<p>&nbsp;<\/p>\n<p>Mit Ocardoo k\u00f6nnt ihr als Gruppe zusammenkommen, um auf einzigartige Weise Geburtstagsw\u00fcnsche zu \u00fcbermitteln!<\/p>","protected":false},"excerpt":{"rendered":"<p>Zeige einem besonderen Menschen, wie viel er euch bedeutet, mit unserer digitalen Kollektiv-Geburtstagskarte. Diese Karte ist ideal, um als Gruppe gemeinsam Freude zu schenken. Warum diese Karte einzigartig ist: Voller [&hellip;]<\/p>","protected":false},"author":20,"featured_media":18600,"comment_status":"open","ping_status":"closed","template":"","meta":{"_acf_changed":false,"inline_featured_image":false,"footnotes":""},"product_cat":[80,79],"product_tag":[49,230],"class_list":["post-18615","product","type-product","status-publish","has-post-thumbnail","hentry","product_cat-geburtstag","product_cat-gratulation","product_tag-geburtstag","product_tag-happy-birthday","pa_variante-basic","pa_variante-premium"],"acf":[],"_links":{"self":[{"href":"https:\/\/ocardoo.com\/en\/wp-json\/wp\/v2\/product\/18615","targetHints":{"allow":["GET"]}}],"collection":[{"href":"https:\/\/ocardoo.com\/en\/wp-json\/wp\/v2\/product"}],"about":[{"href":"https:\/\/ocardoo.com\/en\/wp-json\/wp\/v2\/types\/product"}],"author":[{"embeddable":true,"href":"https:\/\/ocardoo.com\/en\/wp-json\/wp\/v2\/users\/20"}],"replies":[{"embeddable":true,"href":"https:\/\/ocardoo.com\/en\/wp-json\/wp\/v2\/comments?post=18615"}],"version-history":[{"count":2,"href":"https:\/\/ocardoo.com\/en\/wp-json\/wp\/v2\/product\/18615\/revisions"}],"predecessor-version":[{"id":18619,"href":"https:\/\/ocardoo.com\/en\/wp-json\/wp\/v2\/product\/18615\/revisions\/18619"}],"wp:featuredmedia":[{"embeddable":true,"href":"https:\/\/ocardoo.com\/en\/wp-json\/wp\/v2\/media\/18600"}],"wp:attachment":[{"href":"https:\/\/ocardoo.com\/en\/wp-json\/wp\/v2\/media?parent=18615"}],"wp:term":[{"taxonomy":"product_cat","embeddable":true,"href":"https:\/\/ocardoo.com\/en\/wp-json\/wp\/v2\/product_cat?post=18615"},{"taxonomy":"product_tag","embeddable":true,"href":"https:\/\/ocardoo.com\/en\/wp-json\/wp\/v2\/product_tag?post=18615"}],"curies":[{"name":"wp","href":"https:\/\/api.w.org\/{rel}","templated":true}]}}