{"id":18622,"date":"2024-11-27T19:45:54","date_gmt":"2024-11-27T18:45:54","guid":{"rendered":"https:\/\/ocardoo.com\/?post_type=product&#038;p=18622"},"modified":"2024-11-27T19:47:44","modified_gmt":"2024-11-27T18:47:44","slug":"11088","status":"publish","type":"product","link":"https:\/\/ocardoo.com\/en\/product\/11088\/","title":{"rendered":"Geburtstags-Gruppengru\u00dfkarte \u2013 Viele Stimmen, eine Botschaft"},"content":{"rendered":"<p>Zeige einem besonderen Menschen, wie viel er euch bedeutet, mit unserer digitalen Gruppengru\u00dfkarte. Gemeinsam k\u00f6nnt ihr Gl\u00fcckw\u00fcnsche sammeln und dem Geburtstagskind einen unvergesslichen Moment bereiten.<\/p>\n<p>&nbsp;<\/p>\n<p><strong>Warum diese Karte besonders ist:<\/strong><\/p>\n<ul>\n<li><strong>Einzigartige Sammlung:<\/strong> Pers\u00f6nliche Botschaften von allen machen diese Karte zu einem individuellen Kunstwerk.<\/li>\n<li><strong>Zeitgem\u00e4\u00df und einfach:<\/strong> Alles geschieht online \u2013 keine Koordination von Papierkarten n\u00f6tig.<\/li>\n<li><strong>Nachhaltig:<\/strong> Digital und umweltschonend \u2013 perfekt f\u00fcr moderne Geburtstagsgr\u00fc\u00dfe.<\/li>\n<\/ul>\n<p>&nbsp;<\/p>\n<p><strong>Ideal f\u00fcr:<\/strong><\/p>\n<ul>\n<li>Geburtstags\u00fcberraschungen von Freunden oder Teams<\/li>\n<li>Gemeinsame Botschaften von der Familie<\/li>\n<li>Kreative und umweltfreundliche Gr\u00fc\u00dfe<\/li>\n<\/ul>\n<p>&nbsp;<\/p>\n<p><strong>So funktioniert\u2019s:<\/strong><\/p>\n<ol>\n<li><strong>Design ausw\u00e4hlen:<\/strong> Finde eine Karte, die perfekt zum Geburtstagskind passt.<\/li>\n<li><strong>Beitrag einladen:<\/strong> Teile den Link zur Karte mit deinem Team, Freundeskreis oder deiner Familie und sammle ihre Botschaften.<\/li>\n<li><strong>Versenden:<\/strong> \u00dcbermittle die fertige Karte digital \u2013 f\u00fcr einen ganz besonderen Moment.<\/li>\n<\/ol>\n<p>&nbsp;<\/p>\n<p>Mit Ocardoo k\u00f6nnt ihr gemeinsam mehr als nur Worte schenken \u2013 ihr schenkt Erinnerungen, die bleiben.<\/p>","protected":false},"excerpt":{"rendered":"<p>Zeige einem besonderen Menschen, wie viel er euch bedeutet, mit unserer digitalen Gruppengru\u00dfkarte. Gemeinsam k\u00f6nnt ihr Gl\u00fcckw\u00fcnsche sammeln und dem Geburtstagskind einen unvergesslichen Moment bereiten. &nbsp; Warum diese Karte besonders [&hellip;]<\/p>","protected":false},"author":20,"featured_media":18602,"comment_status":"open","ping_status":"closed","template":"","meta":{"_acf_changed":false,"inline_featured_image":false,"footnotes":""},"product_cat":[80,79],"product_tag":[49,230],"class_list":["post-18622","product","type-product","status-publish","has-post-thumbnail","hentry","product_cat-geburtstag","product_cat-gratulation","product_tag-geburtstag","product_tag-happy-birthday","pa_variante-basic","pa_variante-premium"],"acf":[],"_links":{"self":[{"href":"https:\/\/ocardoo.com\/en\/wp-json\/wp\/v2\/product\/18622","targetHints":{"allow":["GET"]}}],"collection":[{"href":"https:\/\/ocardoo.com\/en\/wp-json\/wp\/v2\/product"}],"about":[{"href":"https:\/\/ocardoo.com\/en\/wp-json\/wp\/v2\/types\/product"}],"author":[{"embeddable":true,"href":"https:\/\/ocardoo.com\/en\/wp-json\/wp\/v2\/users\/20"}],"replies":[{"embeddable":true,"href":"https:\/\/ocardoo.com\/en\/wp-json\/wp\/v2\/comments?post=18622"}],"version-history":[{"count":2,"href":"https:\/\/ocardoo.com\/en\/wp-json\/wp\/v2\/product\/18622\/revisions"}],"predecessor-version":[{"id":18626,"href":"https:\/\/ocardoo.com\/en\/wp-json\/wp\/v2\/product\/18622\/revisions\/18626"}],"wp:featuredmedia":[{"embeddable":true,"href":"https:\/\/ocardoo.com\/en\/wp-json\/wp\/v2\/media\/18602"}],"wp:attachment":[{"href":"https:\/\/ocardoo.com\/en\/wp-json\/wp\/v2\/media?parent=18622"}],"wp:term":[{"taxonomy":"product_cat","embeddable":true,"href":"https:\/\/ocardoo.com\/en\/wp-json\/wp\/v2\/product_cat?post=18622"},{"taxonomy":"product_tag","embeddable":true,"href":"https:\/\/ocardoo.com\/en\/wp-json\/wp\/v2\/product_tag?post=18622"}],"curies":[{"name":"wp","href":"https:\/\/api.w.org\/{rel}","templated":true}]}}