{"id":20130,"date":"2026-04-28T22:04:25","date_gmt":"2026-04-28T20:04:25","guid":{"rendered":"https:\/\/ocardoo.com\/?post_type=product&#038;p=20130"},"modified":"2026-04-28T22:31:46","modified_gmt":"2026-04-28T20:31:46","slug":"51008","status":"publish","type":"product","link":"https:\/\/ocardoo.com\/en\/product\/51008\/","title":{"rendered":"Muttertagskarte Mama \u2013 Digitale Gruppengru\u00dfkarte \u201eMama einfach unersetzbar\u201c"},"content":{"rendered":"<p data-start=\"299\" data-end=\"688\">Du suchst eine besondere Muttertagskarte, die wirklich von Herzen kommt? Dann ist diese liebevoll gestaltete digitale Gruppengru\u00dfkarte genau das Richtige f\u00fcr dich. Mit der emotionalen Botschaft \u201eMama einfach unersetzbar\u201c und den typischen Mama-Rollen wie Superheldin, Multitasking Queen, Tr\u00f6sterin, Taxi-Service und beste Freundin bringst du garantiert ein L\u00e4cheln ins Gesicht deiner Mama.<\/p>\n<p data-start=\"690\" data-end=\"946\">Mit Ocardoo kannst du diese Muttertagskarte gemeinsam mit deiner Familie, Geschwistern, Kindern oder Freunden gestalten. Jeder f\u00fcgt seine pers\u00f6nliche Nachricht hinzu \u2013 so entsteht eine einzigartige, pers\u00f6nliche und unvergessliche Gruppengru\u00dfkarte f\u00fcr Mama.<\/p>\n<p data-start=\"948\" data-end=\"1076\">Diese digitale Gru\u00dfkarte ist perfekt f\u00fcr alle, die mehr sagen m\u00f6chten als nur \u201eAlles Gute\u201c \u2013 sie ist ein echtes Herzensgeschenk.<\/p>\n<p data-start=\"1130\" data-end=\"1193\">Diese digitale Gruppengru\u00dfkarte ist ideal, wenn du suchst nach:<\/p>\n<ul data-start=\"1195\" data-end=\"1869\">\n<li data-section-id=\"11fte8f\" data-start=\"1195\" data-end=\"1219\">Muttertagskarte Mama<\/li>\n<li data-section-id=\"mu8ogo\" data-start=\"1220\" data-end=\"1263\">digitale Muttertagskarte personalisiert<\/li>\n<li data-section-id=\"1copzi2\" data-start=\"1264\" data-end=\"1297\">Muttertagskarte von uns allen<\/li>\n<li data-section-id=\"upn9lu\" data-start=\"1298\" data-end=\"1329\">Geschenkidee Muttertag Mama<\/li>\n<li data-section-id=\"1itinbp\" data-start=\"1330\" data-end=\"1368\">Gru\u00dfkarte Mama einfach unersetzbar<\/li>\n<li data-section-id=\"16fzlnt\" data-start=\"1369\" data-end=\"1403\">Muttertag Geschenk von Kindern<\/li>\n<li data-section-id=\"409sto\" data-start=\"1404\" data-end=\"1431\">Muttertagskarte Familie<\/li>\n<li data-section-id=\"3ovqi0\" data-start=\"1432\" data-end=\"1461\">Geburtstagskarte f\u00fcr Mama<\/li>\n<li data-section-id=\"oq2ir1\" data-start=\"1462\" data-end=\"1492\">Karte f\u00fcr Mama von Tochter<\/li>\n<li data-section-id=\"1nwcuzo\" data-start=\"1493\" data-end=\"1520\">Karte f\u00fcr Mama von Sohn<\/li>\n<li data-section-id=\"13yaq18\" data-start=\"1521\" data-end=\"1550\">Dankesch\u00f6n Karte f\u00fcr Mama<\/li>\n<li data-section-id=\"zk1d6l\" data-start=\"1551\" data-end=\"1588\">Karte f\u00fcr die beste Mama der Welt<\/li>\n<li data-section-id=\"1m26o4t\" data-start=\"1589\" data-end=\"1622\">liebevolle Gru\u00dfkarte f\u00fcr Mama<\/li>\n<li data-section-id=\"370h30\" data-start=\"1623\" data-end=\"1653\">emotionale Muttertagskarte<\/li>\n<li data-section-id=\"1eg8nyr\" data-start=\"1654\" data-end=\"1689\">kreative Muttertagskarte online<\/li>\n<li data-section-id=\"1pa7b54\" data-start=\"1690\" data-end=\"1727\">digitale Karte f\u00fcr Mama erstellen<\/li>\n<li data-section-id=\"u5h20h\" data-start=\"1728\" data-end=\"1756\">Gruppengeschenk f\u00fcr Mama<\/li>\n<li data-section-id=\"9d84f2\" data-start=\"1757\" data-end=\"1782\">\u00dcberraschung f\u00fcr Mama<\/li>\n<li data-section-id=\"19cou5x\" data-start=\"1783\" data-end=\"1829\">Karte f\u00fcr Mama mit mehreren Unterschriften<\/li>\n<li data-section-id=\"etkot0\" data-start=\"1830\" data-end=\"1869\">Muttertagskarte modern &amp; pers\u00f6nlich<\/li>\n<\/ul>\n<p>Erstelle jetzt deine pers\u00f6nliche Muttertagskarte f\u00fcr Mama und \u00fcberrasche sie mit einer liebevollen Botschaft von euch allen \u2013 direkt online mit Ocardoo.<\/p>","protected":false},"excerpt":{"rendered":"<p>Du suchst eine besondere Muttertagskarte, die wirklich von Herzen kommt? Dann ist diese liebevoll gestaltete digitale Gruppengru\u00dfkarte genau das Richtige f\u00fcr dich. Mit der emotionalen Botschaft \u201eMama einfach unersetzbar\u201c und [&hellip;]<\/p>","protected":false},"author":20,"featured_media":20134,"comment_status":"open","ping_status":"closed","template":"","meta":{"_acf_changed":false,"inline_featured_image":false,"footnotes":""},"product_cat":[158,111,112],"product_tag":[513,147,291,512],"class_list":["post-20130","product","type-product","status-publish","has-post-thumbnail","hentry","product_cat-mama","product_cat-mama-papa","product_cat-muttertag","product_tag-gruppengrusskarte-mama","product_tag-mama","product_tag-muttertag","product_tag-muttertagskarte-mama","pa_variante-basic","pa_variante-premium"],"acf":[],"_links":{"self":[{"href":"https:\/\/ocardoo.com\/en\/wp-json\/wp\/v2\/product\/20130","targetHints":{"allow":["GET"]}}],"collection":[{"href":"https:\/\/ocardoo.com\/en\/wp-json\/wp\/v2\/product"}],"about":[{"href":"https:\/\/ocardoo.com\/en\/wp-json\/wp\/v2\/types\/product"}],"author":[{"embeddable":true,"href":"https:\/\/ocardoo.com\/en\/wp-json\/wp\/v2\/users\/20"}],"replies":[{"embeddable":true,"href":"https:\/\/ocardoo.com\/en\/wp-json\/wp\/v2\/comments?post=20130"}],"version-history":[{"count":3,"href":"https:\/\/ocardoo.com\/en\/wp-json\/wp\/v2\/product\/20130\/revisions"}],"predecessor-version":[{"id":20148,"href":"https:\/\/ocardoo.com\/en\/wp-json\/wp\/v2\/product\/20130\/revisions\/20148"}],"wp:featuredmedia":[{"embeddable":true,"href":"https:\/\/ocardoo.com\/en\/wp-json\/wp\/v2\/media\/20134"}],"wp:attachment":[{"href":"https:\/\/ocardoo.com\/en\/wp-json\/wp\/v2\/media?parent=20130"}],"wp:term":[{"taxonomy":"product_cat","embeddable":true,"href":"https:\/\/ocardoo.com\/en\/wp-json\/wp\/v2\/product_cat?post=20130"},{"taxonomy":"product_tag","embeddable":true,"href":"https:\/\/ocardoo.com\/en\/wp-json\/wp\/v2\/product_tag?post=20130"}],"curies":[{"name":"wp","href":"https:\/\/api.w.org\/{rel}","templated":true}]}}