{"id":20174,"date":"2026-04-28T22:54:34","date_gmt":"2026-04-28T20:54:34","guid":{"rendered":"https:\/\/ocardoo.com\/?post_type=product&#038;p=20174"},"modified":"2026-04-28T23:07:16","modified_gmt":"2026-04-28T21:07:16","slug":"51014","status":"publish","type":"product","link":"https:\/\/ocardoo.com\/en\/product\/51014\/","title":{"rendered":"Danke Karte Mama \u2013 Digitale Teamgru\u00dfkarte Teamkarte Gruppengru\u00dfkarte \u201eEinfach f\u00fcr alles\u201c"},"content":{"rendered":"<p data-start=\"281\" data-end=\"489\">Du m\u00f6chtest einfach mal Danke sagen \u2013 f\u00fcr all die kleinen Dinge, die oft selbstverst\u00e4ndlich erscheinen? Dann ist diese liebevolle digitale Gruppengru\u00dfkarte \u201eDanke \u2013 einfach f\u00fcr alles\u201c genau die perfekte Wahl.<\/p>\n<p data-start=\"491\" data-end=\"729\">Mit ihrer emotionalen Botschaft trifft diese Karte mitten ins Herz. Sie ist ideal, wenn du eine pers\u00f6nliche Danke Karte f\u00fcr Mama suchst, aber auch perfekt geeignet f\u00fcr viele andere Herzensmenschen \u2013 egal ob Familie, Freunde oder Kollegen.<\/p>\n<p data-start=\"731\" data-end=\"969\">Mit Ocardoo kannst du diese Dankeskarte gemeinsam gestalten. Lade mehrere Personen ein, sammle pers\u00f6nliche Nachrichten und erschaffe eine einzigartige Gruppengru\u00dfkarte, die zeigt: Deine Wertsch\u00e4tzung kommt von Herzen \u2013 und von euch allen.<\/p>\n<p data-start=\"971\" data-end=\"1093\">Ob als kleine \u00dcberraschung oder bewusstes Dankesch\u00f6n \u2013 diese Karte passt immer, wenn Worte wirklich etwas bedeuten sollen.<\/p>\n<h3 data-start=\"1100\" data-end=\"1134\" data-section-id=\"guy6mr\"><span role=\"text\"><strong data-start=\"1104\" data-end=\"1134\">Perfekt f\u00fcr diese Anl\u00e4sse:<\/strong><\/span><\/h3>\n<p data-start=\"1136\" data-end=\"1330\">Diese digitale Danke Karte eignet sich ideal als pers\u00f6nliche Dankesch\u00f6n Karte f\u00fcr Mama, als liebevolle Gru\u00dfkarte f\u00fcr Freunde oder als besondere Aufmerksamkeit f\u00fcr Kollegen, Lehrer oder Erzieher.<\/p>\n<p data-start=\"1332\" data-end=\"1398\">Sie ist perfekt geeignet f\u00fcr viele Momente im Leben, zum Beispiel:<\/p>\n<ul data-start=\"1400\" data-end=\"1786\">\n<li data-start=\"1400\" data-end=\"1448\" data-section-id=\"frozqt\">Muttertag \u2013 um Mama f\u00fcr alles Danke zu sagen<\/li>\n<li data-start=\"1449\" data-end=\"1492\" data-section-id=\"lieiri\">Geburtstag \u2013 als emotionale Zusatzkarte<\/li>\n<li data-start=\"1493\" data-end=\"1534\" data-section-id=\"8wi45v\">Dankesch\u00f6n zwischendurch \u2013 einfach so<\/li>\n<li data-start=\"1535\" data-end=\"1568\" data-section-id=\"vqb99r\">nach Unterst\u00fctzung oder Hilfe<\/li>\n<li data-start=\"1569\" data-end=\"1602\" data-section-id=\"bg8kdb\">f\u00fcr Kollegen oder Mitarbeiter<\/li>\n<li data-start=\"1603\" data-end=\"1628\" data-section-id=\"smiv4s\">f\u00fcr Erzieher &amp; Lehrer<\/li>\n<li data-start=\"1629\" data-end=\"1676\" data-section-id=\"tllkjs\">als kleine \u00dcberraschung f\u00fcr Herzensmenschen<\/li>\n<li data-start=\"1677\" data-end=\"1740\" data-section-id=\"gk1ulj\">nach besonderen Ereignissen (Geburt, Umzug, schwere Zeiten)<\/li>\n<li data-start=\"1741\" data-end=\"1786\" data-section-id=\"1b6er76\">als Gruppengeschenk mit pers\u00f6nlicher Note<\/li>\n<\/ul>","protected":false},"excerpt":{"rendered":"<p>Du m\u00f6chtest einfach mal Danke sagen \u2013 f\u00fcr all die kleinen Dinge, die oft selbstverst\u00e4ndlich erscheinen? Dann ist diese liebevolle digitale Gruppengru\u00dfkarte \u201eDanke \u2013 einfach f\u00fcr alles\u201c genau die perfekte [&hellip;]<\/p>","protected":false},"author":20,"featured_media":20140,"comment_status":"open","ping_status":"closed","template":"","meta":{"_acf_changed":false,"inline_featured_image":false,"footnotes":""},"product_cat":[18,89,158,111,112],"product_tag":[520,519,521,147,518,291,517,512],"class_list":["post-20174","product","type-product","status-publish","has-post-thumbnail","hentry","product_cat-eltern","product_cat-danke","product_cat-mama","product_cat-mama-papa","product_cat-muttertag","product_tag-danke-fuer-alles-karte","product_tag-danke-karte-mama","product_tag-digitale-dankeskarte","product_tag-mama","product_tag-mutter","product_tag-muttertag","product_tag-muttertagskarte","product_tag-muttertagskarte-mama","pa_variante-basic","pa_variante-premium"],"acf":[],"_links":{"self":[{"href":"https:\/\/ocardoo.com\/en\/wp-json\/wp\/v2\/product\/20174","targetHints":{"allow":["GET"]}}],"collection":[{"href":"https:\/\/ocardoo.com\/en\/wp-json\/wp\/v2\/product"}],"about":[{"href":"https:\/\/ocardoo.com\/en\/wp-json\/wp\/v2\/types\/product"}],"author":[{"embeddable":true,"href":"https:\/\/ocardoo.com\/en\/wp-json\/wp\/v2\/users\/20"}],"replies":[{"embeddable":true,"href":"https:\/\/ocardoo.com\/en\/wp-json\/wp\/v2\/comments?post=20174"}],"version-history":[{"count":2,"href":"https:\/\/ocardoo.com\/en\/wp-json\/wp\/v2\/product\/20174\/revisions"}],"predecessor-version":[{"id":20178,"href":"https:\/\/ocardoo.com\/en\/wp-json\/wp\/v2\/product\/20174\/revisions\/20178"}],"wp:featuredmedia":[{"embeddable":true,"href":"https:\/\/ocardoo.com\/en\/wp-json\/wp\/v2\/media\/20140"}],"wp:attachment":[{"href":"https:\/\/ocardoo.com\/en\/wp-json\/wp\/v2\/media?parent=20174"}],"wp:term":[{"taxonomy":"product_cat","embeddable":true,"href":"https:\/\/ocardoo.com\/en\/wp-json\/wp\/v2\/product_cat?post=20174"},{"taxonomy":"product_tag","embeddable":true,"href":"https:\/\/ocardoo.com\/en\/wp-json\/wp\/v2\/product_tag?post=20174"}],"curies":[{"name":"wp","href":"https:\/\/api.w.org\/{rel}","templated":true}]}}