{"id":20386,"date":"2026-04-29T22:06:58","date_gmt":"2026-04-29T20:06:58","guid":{"rendered":"https:\/\/ocardoo.com\/?post_type=product&#038;p=20386"},"modified":"2026-04-29T22:16:15","modified_gmt":"2026-04-29T20:16:15","slug":"11091","status":"publish","type":"product","link":"https:\/\/ocardoo.com\/en\/product\/11091\/","title":{"rendered":"Geburtstagskarte von uns allen \u2013 Digitale Gruppengru\u00dfkarte \/ Teamgru\u00dfkarte Luftballons Tiere"},"content":{"rendered":"<p data-start=\"293\" data-end=\"497\">Du suchst eine Geburtstagskarte von uns allen?<br data-start=\"339\" data-end=\"342\" \/>Diese digitale Gruppengru\u00dfkarte \u201eHappy Birthday\u201c ist perfekt, um gemeinsam mit Familie, Freunden oder Kollegen pers\u00f6nliche Geburtstagsw\u00fcnsche zu versenden.<\/p>\n<p data-start=\"499\" data-end=\"727\">Erstelle ganz einfach eine personalisierte Geburtstagskarte online und lade mehrere Personen ein, ihre Gl\u00fcckw\u00fcnsche hinzuzuf\u00fcgen. So entsteht eine einzigartige digitale Gru\u00dfkarte, die pers\u00f6nlich, emotional und unvergesslich ist.<\/p>\n<p data-start=\"729\" data-end=\"843\">Ideal als Geburtstagskarte f\u00fcr Freunde, Kollegen, Familie oder Team \u2013 modern, schnell und direkt online versendet<\/p>\n<h3 data-section-id=\"1qfq8qp\" data-start=\"1381\" data-end=\"1437\"><span role=\"text\"><strong data-start=\"1385\" data-end=\"1437\">So funktioniert deine digitale Gruppengru\u00dfkarte:<\/strong><\/span><\/h3>\n<p data-start=\"1439\" data-end=\"1516\"><strong data-start=\"1439\" data-end=\"1459\">Karte ausw\u00e4hlen:<\/strong><br data-start=\"1459\" data-end=\"1462\" \/>W\u00e4hle dieses moderne Design mit emotionaler Botschaft.<\/p>\n<p data-start=\"1518\" data-end=\"1603\"><strong data-start=\"1518\" data-end=\"1542\">Gemeinsam gestalten:<\/strong><br data-start=\"1542\" data-end=\"1545\" \/>Lade Familie und Freunde ein und sammle pers\u00f6nliche Worte.<\/p>\n<p data-start=\"1605\" data-end=\"1704\"><strong data-start=\"1605\" data-end=\"1626\">Online versenden:<\/strong><br data-start=\"1626\" data-end=\"1629\" \/>Sende die Karte digital zum Wunschtermin \u2013 einfach, schnell und pers\u00f6nlich.<\/p>\n<p>&nbsp;<\/p>\n<p>Perfekt, wenn du suchst nach:<br data-start=\"933\" data-end=\"936\" \/>Geburtstagskarte von uns allen, digitale Geburtstagskarte, Gruppengru\u00dfkarte Geburtstag, Geburtstagskarte online erstellen, personalisierte Geburtstagskarte, Happy Birthday Karte digital, Geburtstagskarte f\u00fcr Kollegen, Freunde oder Familie.<\/p>\n<p>&nbsp;<\/p>\n<h3 data-section-id=\"43iz9a\" data-start=\"2127\" data-end=\"2149\"><span role=\"text\"><strong data-start=\"2131\" data-end=\"2149\">Why Ocardoo?<\/strong><\/span><\/h3>\n<p data-start=\"2151\" data-end=\"2341\">Mit Ocardoo erstellst du digitale Gruppengru\u00dfkarten, die pers\u00f6nlicher sind als klassische Karten.<br data-start=\"2246\" data-end=\"2249\" \/>Du verbindest Menschen, sammelst echte Botschaften und schaffst Erinnerungen, die bleiben.<\/p>\n<p>&nbsp;<\/p>","protected":false},"excerpt":{"rendered":"<p>Du suchst eine Geburtstagskarte von uns allen?Diese digitale Gruppengru\u00dfkarte \u201eHappy Birthday\u201c ist perfekt, um gemeinsam mit Familie, Freunden oder Kollegen pers\u00f6nliche Geburtstagsw\u00fcnsche zu versenden. Erstelle ganz einfach eine personalisierte Geburtstagskarte [&hellip;]<\/p>","protected":false},"author":20,"featured_media":20202,"comment_status":"open","ping_status":"closed","template":"","meta":{"_acf_changed":false,"inline_featured_image":false,"footnotes":""},"product_cat":[80,79],"product_tag":[49,230,216],"class_list":["post-20386","product","type-product","status-publish","has-post-thumbnail","hentry","product_cat-geburtstag","product_cat-gratulation","product_tag-geburtstag","product_tag-happy-birthday","product_tag-luftballons","pa_variante-basic","pa_variante-premium"],"acf":[],"_links":{"self":[{"href":"https:\/\/ocardoo.com\/en\/wp-json\/wp\/v2\/product\/20386","targetHints":{"allow":["GET"]}}],"collection":[{"href":"https:\/\/ocardoo.com\/en\/wp-json\/wp\/v2\/product"}],"about":[{"href":"https:\/\/ocardoo.com\/en\/wp-json\/wp\/v2\/types\/product"}],"author":[{"embeddable":true,"href":"https:\/\/ocardoo.com\/en\/wp-json\/wp\/v2\/users\/20"}],"replies":[{"embeddable":true,"href":"https:\/\/ocardoo.com\/en\/wp-json\/wp\/v2\/comments?post=20386"}],"version-history":[{"count":3,"href":"https:\/\/ocardoo.com\/en\/wp-json\/wp\/v2\/product\/20386\/revisions"}],"predecessor-version":[{"id":20395,"href":"https:\/\/ocardoo.com\/en\/wp-json\/wp\/v2\/product\/20386\/revisions\/20395"}],"wp:featuredmedia":[{"embeddable":true,"href":"https:\/\/ocardoo.com\/en\/wp-json\/wp\/v2\/media\/20202"}],"wp:attachment":[{"href":"https:\/\/ocardoo.com\/en\/wp-json\/wp\/v2\/media?parent=20386"}],"wp:term":[{"taxonomy":"product_cat","embeddable":true,"href":"https:\/\/ocardoo.com\/en\/wp-json\/wp\/v2\/product_cat?post=20386"},{"taxonomy":"product_tag","embeddable":true,"href":"https:\/\/ocardoo.com\/en\/wp-json\/wp\/v2\/product_tag?post=20386"}],"curies":[{"name":"wp","href":"https:\/\/api.w.org\/{rel}","templated":true}]}}