{"id":20391,"date":"2026-04-29T22:14:02","date_gmt":"2026-04-29T20:14:02","guid":{"rendered":"https:\/\/ocardoo.com\/?post_type=product&#038;p=20391"},"modified":"2026-04-29T22:20:37","modified_gmt":"2026-04-29T20:20:37","slug":"11092","status":"publish","type":"product","link":"https:\/\/ocardoo.com\/en\/product\/11092\/","title":{"rendered":"Geburtstagskarte mit Hund \u2013 Digitale Gruppengru\u00dfkarte \u201eZum Geburtstag viel Gl\u00fcck von uns allen\u201c"},"content":{"rendered":"<p data-start=\"396\" data-end=\"609\">Du suchst eine besondere Geburtstagskarte von uns allen?<br data-start=\"452\" data-end=\"455\" \/>Diese liebevolle digitale Gruppengru\u00dfkarte mit s\u00fc\u00dfem Hund und Partyhut ist perfekt, um gemeinsame Geburtstagsw\u00fcnsche auf pers\u00f6nliche Weise zu \u00fcbermitteln.<\/p>\n<p data-start=\"611\" data-end=\"861\">Die fr\u00f6hliche Botschaft \u201eZum Geburtstag viel Gl\u00fcck von uns allen\u201c macht diese Karte ideal f\u00fcr Freunde, Familie, Kollegen oder Teams. Besonders das niedliche Tiermotiv sorgt f\u00fcr gute Laune und macht diese Geburtstagskarte zu einer echten \u00dcberraschung.<\/p>\n<p data-start=\"863\" data-end=\"1112\">Mit Ocardoo erstellst du ganz einfach eine personalisierte digitale Geburtstagskarte online. Lade mehrere Personen ein, ihre Gl\u00fcckw\u00fcnsche hinzuzuf\u00fcgen \u2013 so entsteht eine einzigartige Gruppengru\u00dfkarte, die emotional, pers\u00f6nlich und unvergesslich ist.<\/p>\n<p data-start=\"1114\" data-end=\"1247\">Ob als Geburtstagskarte f\u00fcr Kollegen, Freunde, Kinder oder Familie \u2013 diese Karte passt immer, wenn ihr gemeinsam gratulieren m\u00f6chtet.<\/p>\n<p>&nbsp;<\/p>\n<h3 data-section-id=\"1qfq8qp\" data-start=\"1381\" data-end=\"1437\"><span role=\"text\"><strong data-start=\"1385\" data-end=\"1437\">So funktioniert deine digitale Gruppengru\u00dfkarte:<\/strong><\/span><\/h3>\n<p data-start=\"1290\" data-end=\"1396\"><strong data-start=\"1290\" data-end=\"1310\">Karte ausw\u00e4hlen:<\/strong><br data-start=\"1310\" data-end=\"1313\" \/>W\u00e4hle deine Geburtstagskarte mit Motiv (z. B. Hund, modern, lustig oder klassisch).<\/p>\n<p data-start=\"1398\" data-end=\"1511\"><strong data-start=\"1398\" data-end=\"1422\">Gemeinsam gestalten:<\/strong><br data-start=\"1422\" data-end=\"1425\" \/>Teile den Link und sammle pers\u00f6nliche Nachrichten von Freunden, Familie oder Kollegen.<\/p>\n<p data-start=\"1513\" data-end=\"1624\"><strong data-start=\"1513\" data-end=\"1535\">Digital versenden:<\/strong><br data-start=\"1535\" data-end=\"1538\" \/>Sende die fertige Gruppengru\u00dfkarte zum Wunschtermin \u2013 einfach, schnell und pers\u00f6nlich.<\/p>\n<p>&nbsp;<\/p>\n<p>Perfekt, wenn du suchst nach:<br data-start=\"1712\" data-end=\"1715\" \/>Geburtstagskarte von uns allen, digitale Geburtstagskarte, Gruppengru\u00dfkarte Geburtstag, Geburtstagskarte mit Hund, lustige Geburtstagskarte, Geburtstagskarte online erstellen, personalisierte Geburtstagskarte, Teamgru\u00dfkarte Geburtstag, Geburtstagskarte Kollegen, Geburtstagskarte Freunde.<\/p>\n<p>&nbsp;<\/p>","protected":false},"excerpt":{"rendered":"<p>Du suchst eine besondere Geburtstagskarte von uns allen?Diese liebevolle digitale Gruppengru\u00dfkarte mit s\u00fc\u00dfem Hund und Partyhut ist perfekt, um gemeinsame Geburtstagsw\u00fcnsche auf pers\u00f6nliche Weise zu \u00fcbermitteln. Die fr\u00f6hliche Botschaft \u201eZum [&hellip;]<\/p>","protected":false},"author":20,"featured_media":20203,"comment_status":"open","ping_status":"closed","template":"","meta":{"_acf_changed":false,"inline_featured_image":false,"footnotes":""},"product_cat":[80,79],"product_tag":[49,525,230,524],"class_list":["post-20391","product","type-product","status-publish","has-post-thumbnail","hentry","product_cat-geburtstag","product_cat-gratulation","product_tag-geburtstag","product_tag-geburtstagskarte-von-uns-allen","product_tag-happy-birthday","product_tag-hund","pa_variante-basic","pa_variante-premium"],"acf":[],"_links":{"self":[{"href":"https:\/\/ocardoo.com\/en\/wp-json\/wp\/v2\/product\/20391","targetHints":{"allow":["GET"]}}],"collection":[{"href":"https:\/\/ocardoo.com\/en\/wp-json\/wp\/v2\/product"}],"about":[{"href":"https:\/\/ocardoo.com\/en\/wp-json\/wp\/v2\/types\/product"}],"author":[{"embeddable":true,"href":"https:\/\/ocardoo.com\/en\/wp-json\/wp\/v2\/users\/20"}],"replies":[{"embeddable":true,"href":"https:\/\/ocardoo.com\/en\/wp-json\/wp\/v2\/comments?post=20391"}],"version-history":[{"count":2,"href":"https:\/\/ocardoo.com\/en\/wp-json\/wp\/v2\/product\/20391\/revisions"}],"predecessor-version":[{"id":20396,"href":"https:\/\/ocardoo.com\/en\/wp-json\/wp\/v2\/product\/20391\/revisions\/20396"}],"wp:featuredmedia":[{"embeddable":true,"href":"https:\/\/ocardoo.com\/en\/wp-json\/wp\/v2\/media\/20203"}],"wp:attachment":[{"href":"https:\/\/ocardoo.com\/en\/wp-json\/wp\/v2\/media?parent=20391"}],"wp:term":[{"taxonomy":"product_cat","embeddable":true,"href":"https:\/\/ocardoo.com\/en\/wp-json\/wp\/v2\/product_cat?post=20391"},{"taxonomy":"product_tag","embeddable":true,"href":"https:\/\/ocardoo.com\/en\/wp-json\/wp\/v2\/product_tag?post=20391"}],"curies":[{"name":"wp","href":"https:\/\/api.w.org\/{rel}","templated":true}]}}