{"id":20397,"date":"2026-04-29T22:21:25","date_gmt":"2026-04-29T20:21:25","guid":{"rendered":"https:\/\/ocardoo.com\/?post_type=product&#038;p=20397"},"modified":"2026-04-29T22:25:30","modified_gmt":"2026-04-29T20:25:30","slug":"11093","status":"publish","type":"product","link":"https:\/\/ocardoo.com\/en\/product\/11093\/","title":{"rendered":"Geburtstagskarte von uns allen \u2013 Digitale Gruppengru\u00dfkarte mit Sektgl\u00e4sern Teamkarte"},"content":{"rendered":"<p data-start=\"236\" data-end=\"415\">Du suchst eine stilvolle Geburtstagskarte von uns allen?<br data-start=\"292\" data-end=\"295\" \/>Diese digitale Gruppengru\u00dfkarte mit ansto\u00dfenden Sektgl\u00e4sern ist perfekt, um gemeinsam Geburtstagsw\u00fcnsche zu \u00fcbermitteln.<\/p>\n<p data-start=\"417\" data-end=\"648\">Die moderne \u201eHappy Birthday\u201c Botschaft kombiniert mit dem festlichen Motiv macht diese Karte ideal f\u00fcr Kollegen, Freunde, Familie oder Teams. Perfekt f\u00fcr alle, die gemeinsam gratulieren und einen besonderen Moment schaffen m\u00f6chten.<\/p>\n<p data-start=\"650\" data-end=\"903\">Mit Ocardoo erstellst du ganz einfach eine personalisierte digitale Geburtstagskarte online. Lade mehrere Personen ein und sammle individuelle Gl\u00fcckw\u00fcnsche. So entsteht eine einzigartige Gruppengru\u00dfkarte, die pers\u00f6nlich, emotional und unvergesslich ist.<\/p>\n<p data-start=\"905\" data-end=\"973\">Ideal als Geburtstagskarte f\u00fcr Kollegen, Team, Freunde oder Familie.<\/p>\n<p data-start=\"905\" data-end=\"973\">\n<h3 data-section-id=\"1qfq8qp\" data-start=\"1381\" data-end=\"1437\"><span role=\"text\"><strong data-start=\"1385\" data-end=\"1437\">So funktioniert deine digitale Gruppengru\u00dfkarte:<\/strong><\/span><\/h3>\n<p data-start=\"1009\" data-end=\"1076\">Karte ausw\u00e4hlen<br data-start=\"1024\" data-end=\"1027\" \/>W\u00e4hle deine Geburtstagskarte mit passendem Design<\/p>\n<p data-start=\"1078\" data-end=\"1149\">Gemeinsam gestalten<br data-start=\"1097\" data-end=\"1100\" \/>Teile den Link und sammle pers\u00f6nliche Nachrichten<\/p>\n<p data-start=\"1151\" data-end=\"1217\">Digital versenden<br data-start=\"1168\" data-end=\"1171\" \/>Sende die Karte zum Wunschtermin direkt online<\/p>\n<p>&nbsp;<\/p>\n<p>Geburtstagskarte von uns allen digitale Geburtstagskarte Gruppengru\u00dfkarte Geburtstag Geburtstagskarte mit Sektgl\u00e4sern Geburtstagskarte online erstellen personalisierte Geburtstagskarte Teamgru\u00dfkarte Geburtstag Geburtstagskarte Kollegen Geburtstagskarte Freunde<\/p>\n<p>Geburtstagskarte von uns allen<br data-start=\"1557\" data-end=\"1560\" \/>digitale Geburtstagskarte<br data-start=\"1585\" data-end=\"1588\" \/>Gruppengru\u00dfkarte Geburtstag<br data-start=\"1615\" data-end=\"1618\" \/>Geburtstagskarte mit Sekt<br data-start=\"1643\" data-end=\"1646\" \/>Happy Birthday Karte<br data-start=\"1666\" data-end=\"1669\" \/>Geburtstagskarte online<br data-start=\"1692\" data-end=\"1695\" \/>personalisierte Geburtstagskarte<br data-start=\"1727\" data-end=\"1730\" \/>Teamgru\u00dfkarte Geburtstag<br data-start=\"1754\" data-end=\"1757\" \/>Geburtstagskarte Kollegen<br data-start=\"1782\" data-end=\"1785\" \/>Geburtstagskarte Freunde<\/p>","protected":false},"excerpt":{"rendered":"<p>Du suchst eine stilvolle Geburtstagskarte von uns allen?Diese digitale Gruppengru\u00dfkarte mit ansto\u00dfenden Sektgl\u00e4sern ist perfekt, um gemeinsam Geburtstagsw\u00fcnsche zu \u00fcbermitteln. Die moderne \u201eHappy Birthday\u201c Botschaft kombiniert mit dem festlichen Motiv [&hellip;]<\/p>","protected":false},"author":20,"featured_media":20204,"comment_status":"open","ping_status":"closed","template":"","meta":{"_acf_changed":false,"inline_featured_image":false,"footnotes":""},"product_cat":[80,79],"product_tag":[49,525,230,526,527],"class_list":["post-20397","product","type-product","status-publish","has-post-thumbnail","hentry","product_cat-geburtstag","product_cat-gratulation","product_tag-geburtstag","product_tag-geburtstagskarte-von-uns-allen","product_tag-happy-birthday","product_tag-sekt","product_tag-sektglaeser","pa_variante-basic","pa_variante-premium"],"acf":[],"_links":{"self":[{"href":"https:\/\/ocardoo.com\/en\/wp-json\/wp\/v2\/product\/20397","targetHints":{"allow":["GET"]}}],"collection":[{"href":"https:\/\/ocardoo.com\/en\/wp-json\/wp\/v2\/product"}],"about":[{"href":"https:\/\/ocardoo.com\/en\/wp-json\/wp\/v2\/types\/product"}],"author":[{"embeddable":true,"href":"https:\/\/ocardoo.com\/en\/wp-json\/wp\/v2\/users\/20"}],"replies":[{"embeddable":true,"href":"https:\/\/ocardoo.com\/en\/wp-json\/wp\/v2\/comments?post=20397"}],"version-history":[{"count":2,"href":"https:\/\/ocardoo.com\/en\/wp-json\/wp\/v2\/product\/20397\/revisions"}],"predecessor-version":[{"id":20401,"href":"https:\/\/ocardoo.com\/en\/wp-json\/wp\/v2\/product\/20397\/revisions\/20401"}],"wp:featuredmedia":[{"embeddable":true,"href":"https:\/\/ocardoo.com\/en\/wp-json\/wp\/v2\/media\/20204"}],"wp:attachment":[{"href":"https:\/\/ocardoo.com\/en\/wp-json\/wp\/v2\/media?parent=20397"}],"wp:term":[{"taxonomy":"product_cat","embeddable":true,"href":"https:\/\/ocardoo.com\/en\/wp-json\/wp\/v2\/product_cat?post=20397"},{"taxonomy":"product_tag","embeddable":true,"href":"https:\/\/ocardoo.com\/en\/wp-json\/wp\/v2\/product_tag?post=20397"}],"curies":[{"name":"wp","href":"https:\/\/api.w.org\/{rel}","templated":true}]}}