{"id":20402,"date":"2026-04-29T22:26:03","date_gmt":"2026-04-29T20:26:03","guid":{"rendered":"https:\/\/ocardoo.com\/?post_type=product&#038;p=20402"},"modified":"2026-04-29T22:28:49","modified_gmt":"2026-04-29T20:28:49","slug":"11094","status":"publish","type":"product","link":"https:\/\/ocardoo.com\/en\/product\/11094\/","title":{"rendered":"Geburtstagskarte von uns allen \u2013 Digitale Gruppengru\u00dfkarte f\u00fcr Familie, Freunde &#038; Team"},"content":{"rendered":"<p data-start=\"331\" data-end=\"538\">Du suchst eine Geburtstagskarte von uns allen f\u00fcr Familie, Freunde oder Kollegen?<br data-start=\"412\" data-end=\"415\" \/>Diese liebevolle digitale Gruppengru\u00dfkarte mit fr\u00f6hlicher Gruppe ist perfekt, um gemeinsam Geburtstagsw\u00fcnsche zu versenden.<\/p>\n<p data-start=\"540\" data-end=\"755\">Die Botschaft \u201eHappy Birthday von uns allen\u201c macht diese Karte ideal f\u00fcr Teams, Familien oder Freundeskreise. Perfekt, wenn mehrere Personen gemeinsam gratulieren und eine pers\u00f6nliche \u00dcberraschung gestalten m\u00f6chten.<\/p>\n<p data-start=\"757\" data-end=\"1010\">Mit Ocardoo erstellst du ganz einfach eine personalisierte digitale Geburtstagskarte online. Lade mehrere Personen ein und sammle individuelle Gl\u00fcckw\u00fcnsche. So entsteht eine einzigartige Gruppengru\u00dfkarte, die emotional, pers\u00f6nlich und unvergesslich ist.<\/p>\n<p data-start=\"1012\" data-end=\"1080\">Ideal als Geburtstagskarte f\u00fcr Kollegen, Team, Familie oder Freunde.<\/p>\n<p>&nbsp;<\/p>\n<h3 data-section-id=\"1qfq8qp\" data-start=\"1381\" data-end=\"1437\"><span role=\"text\"><strong data-start=\"1385\" data-end=\"1437\">So funktioniert deine digitale Gruppengru\u00dfkarte:<\/strong><\/span><\/h3>\n<p data-start=\"1009\" data-end=\"1076\">Karte ausw\u00e4hlen<br data-start=\"1024\" data-end=\"1027\" \/>W\u00e4hle deine Geburtstagskarte mit passendem Design<\/p>\n<p data-start=\"1078\" data-end=\"1149\">Gemeinsam gestalten<br data-start=\"1097\" data-end=\"1100\" \/>Teile den Link und sammle pers\u00f6nliche Nachrichten<\/p>\n<p data-start=\"1151\" data-end=\"1217\">Digital versenden<br data-start=\"1168\" data-end=\"1171\" \/>Sende die Karte zum Wunschtermin direkt online<\/p>\n<p>&nbsp;<\/p>\n<p>Geburtstagskarte von uns allen digitale Geburtstagskarte Gruppengru\u00dfkarte Geburtstag Teamgru\u00dfkarte Geburtstag Geburtstagskarte Familie Geburtstagskarte Freunde Geburtstagskarte Kollegen Geburtstagskarte online erstellen personalisierte Geburtstagskarte<\/p>\n<p>Geburtstagskarte von uns allen<br data-start=\"1655\" data-end=\"1658\" \/>digitale Geburtstagskarte<br data-start=\"1683\" data-end=\"1686\" \/>Gruppengru\u00dfkarte Geburtstag<br data-start=\"1713\" data-end=\"1716\" \/>Teamgru\u00dfkarte Geburtstag<br data-start=\"1740\" data-end=\"1743\" \/>Geburtstagskarte Familie<br data-start=\"1767\" data-end=\"1770\" \/>Geburtstagskarte Freunde<br data-start=\"1794\" data-end=\"1797\" \/>Geburtstagskarte Kollegen<br data-start=\"1822\" data-end=\"1825\" \/>Geburtstagskarte online<br data-start=\"1848\" data-end=\"1851\" \/>personalisierte Geburtstagskarte<br data-start=\"1883\" data-end=\"1886\" \/>Happy Birthday Karte<br data-start=\"1782\" data-end=\"1785\" \/>Geburtstagskarte Freunde<\/p>","protected":false},"excerpt":{"rendered":"<p>Du suchst eine Geburtstagskarte von uns allen f\u00fcr Familie, Freunde oder Kollegen?Diese liebevolle digitale Gruppengru\u00dfkarte mit fr\u00f6hlicher Gruppe ist perfekt, um gemeinsam Geburtstagsw\u00fcnsche zu versenden. Die Botschaft \u201eHappy Birthday von [&hellip;]<\/p>","protected":false},"author":20,"featured_media":20205,"comment_status":"open","ping_status":"closed","template":"","meta":{"_acf_changed":false,"inline_featured_image":false,"footnotes":""},"product_cat":[80,79],"product_tag":[529,49,525,230,528],"class_list":["post-20402","product","type-product","status-publish","has-post-thumbnail","hentry","product_cat-geburtstag","product_cat-gratulation","product_tag-freunde","product_tag-geburtstag","product_tag-geburtstagskarte-von-uns-allen","product_tag-happy-birthday","product_tag-kollegen","pa_variante-basic","pa_variante-premium"],"acf":[],"_links":{"self":[{"href":"https:\/\/ocardoo.com\/en\/wp-json\/wp\/v2\/product\/20402","targetHints":{"allow":["GET"]}}],"collection":[{"href":"https:\/\/ocardoo.com\/en\/wp-json\/wp\/v2\/product"}],"about":[{"href":"https:\/\/ocardoo.com\/en\/wp-json\/wp\/v2\/types\/product"}],"author":[{"embeddable":true,"href":"https:\/\/ocardoo.com\/en\/wp-json\/wp\/v2\/users\/20"}],"replies":[{"embeddable":true,"href":"https:\/\/ocardoo.com\/en\/wp-json\/wp\/v2\/comments?post=20402"}],"version-history":[{"count":4,"href":"https:\/\/ocardoo.com\/en\/wp-json\/wp\/v2\/product\/20402\/revisions"}],"predecessor-version":[{"id":20408,"href":"https:\/\/ocardoo.com\/en\/wp-json\/wp\/v2\/product\/20402\/revisions\/20408"}],"wp:featuredmedia":[{"embeddable":true,"href":"https:\/\/ocardoo.com\/en\/wp-json\/wp\/v2\/media\/20205"}],"wp:attachment":[{"href":"https:\/\/ocardoo.com\/en\/wp-json\/wp\/v2\/media?parent=20402"}],"wp:term":[{"taxonomy":"product_cat","embeddable":true,"href":"https:\/\/ocardoo.com\/en\/wp-json\/wp\/v2\/product_cat?post=20402"},{"taxonomy":"product_tag","embeddable":true,"href":"https:\/\/ocardoo.com\/en\/wp-json\/wp\/v2\/product_tag?post=20402"}],"curies":[{"name":"wp","href":"https:\/\/api.w.org\/{rel}","templated":true}]}}