{"id":20409,"date":"2026-04-29T22:30:02","date_gmt":"2026-04-29T20:30:02","guid":{"rendered":"https:\/\/ocardoo.com\/?post_type=product&#038;p=20409"},"modified":"2026-04-29T22:32:27","modified_gmt":"2026-04-29T20:32:27","slug":"11095","status":"publish","type":"product","link":"https:\/\/ocardoo.com\/en\/product\/11095\/","title":{"rendered":"Geburtstagskarte von uns allen \u2013 Moderne digitale Gruppengru\u00dfkarte \u201eHappy Birthday\u201c mit Herzgeste"},"content":{"rendered":"<p data-start=\"381\" data-end=\"563\">Du suchst eine moderne Geburtstagskarte von uns allen?<br data-start=\"435\" data-end=\"438\" \/>Diese digitale Gruppengru\u00dfkarte mit trendiger Herzgeste ist perfekt, um gemeinsam liebevolle Geburtstagsw\u00fcnsche zu versenden.<\/p>\n<p data-start=\"565\" data-end=\"820\">Das stilvolle \u201eHappy Birthday\u201c Design kombiniert mit der beliebten Finger-Heart Geste macht diese Karte ideal f\u00fcr Freunde, Kollegen, Familie oder Teams. Perfekt, wenn du eine pers\u00f6nliche und gleichzeitig moderne Geburtstagskarte online erstellen m\u00f6chtest.<\/p>\n<p data-start=\"822\" data-end=\"1068\">Mit Ocardoo erstellst du ganz einfach eine personalisierte digitale Geburtstagskarte. Lade mehrere Personen ein und sammle individuelle Gl\u00fcckw\u00fcnsche. So entsteht eine einzigartige Gruppengru\u00dfkarte, die emotional, pers\u00f6nlich und unvergesslich ist.<\/p>\n<p data-start=\"1070\" data-end=\"1138\">Ideal als Geburtstagskarte f\u00fcr Freunde, Kollegen, Team oder Familie.<\/p>\n<p>&nbsp;<\/p>\n<p>Geburtstagskarte von uns allen digitale Geburtstagskarte Gruppengru\u00dfkarte Geburtstag moderne Geburtstagskarte Geburtstagskarte online erstellen personalisierte Geburtstagskarte Teamgru\u00dfkarte Geburtstag Geburtstagskarte Freunde Geburtstagskarte Kollegen<\/p>\n<p>Geburtstagskarte von uns allen<br data-start=\"1713\" data-end=\"1716\" \/>digitale Geburtstagskarte<br data-start=\"1741\" data-end=\"1744\" \/>Gruppengru\u00dfkarte Geburtstag<br data-start=\"1771\" data-end=\"1774\" \/>moderne Geburtstagskarte<br data-start=\"1798\" data-end=\"1801\" \/>Happy Birthday Karte<br data-start=\"1821\" data-end=\"1824\" \/>Geburtstagskarte online<br data-start=\"1847\" data-end=\"1850\" \/>personalisierte Geburtstagskarte<br data-start=\"1882\" data-end=\"1885\" \/>Teamgru\u00dfkarte Geburtstag<br data-start=\"1909\" data-end=\"1912\" \/>Geburtstagskarte Freunde<br data-start=\"1936\" data-end=\"1939\" \/>Geburtstagskarte Kollegen<\/p>","protected":false},"excerpt":{"rendered":"<p>Du suchst eine moderne Geburtstagskarte von uns allen?Diese digitale Gruppengru\u00dfkarte mit trendiger Herzgeste ist perfekt, um gemeinsam liebevolle Geburtstagsw\u00fcnsche zu versenden. Das stilvolle \u201eHappy Birthday\u201c Design kombiniert mit der beliebten [&hellip;]<\/p>","protected":false},"author":20,"featured_media":20206,"comment_status":"open","ping_status":"closed","template":"","meta":{"_acf_changed":false,"inline_featured_image":false,"footnotes":""},"product_cat":[80,79],"product_tag":[529,49,525,230],"class_list":["post-20409","product","type-product","status-publish","has-post-thumbnail","hentry","product_cat-geburtstag","product_cat-gratulation","product_tag-freunde","product_tag-geburtstag","product_tag-geburtstagskarte-von-uns-allen","product_tag-happy-birthday","pa_variante-basic","pa_variante-premium"],"acf":[],"_links":{"self":[{"href":"https:\/\/ocardoo.com\/en\/wp-json\/wp\/v2\/product\/20409","targetHints":{"allow":["GET"]}}],"collection":[{"href":"https:\/\/ocardoo.com\/en\/wp-json\/wp\/v2\/product"}],"about":[{"href":"https:\/\/ocardoo.com\/en\/wp-json\/wp\/v2\/types\/product"}],"author":[{"embeddable":true,"href":"https:\/\/ocardoo.com\/en\/wp-json\/wp\/v2\/users\/20"}],"replies":[{"embeddable":true,"href":"https:\/\/ocardoo.com\/en\/wp-json\/wp\/v2\/comments?post=20409"}],"version-history":[{"count":2,"href":"https:\/\/ocardoo.com\/en\/wp-json\/wp\/v2\/product\/20409\/revisions"}],"predecessor-version":[{"id":20413,"href":"https:\/\/ocardoo.com\/en\/wp-json\/wp\/v2\/product\/20409\/revisions\/20413"}],"wp:featuredmedia":[{"embeddable":true,"href":"https:\/\/ocardoo.com\/en\/wp-json\/wp\/v2\/media\/20206"}],"wp:attachment":[{"href":"https:\/\/ocardoo.com\/en\/wp-json\/wp\/v2\/media?parent=20409"}],"wp:term":[{"taxonomy":"product_cat","embeddable":true,"href":"https:\/\/ocardoo.com\/en\/wp-json\/wp\/v2\/product_cat?post=20409"},{"taxonomy":"product_tag","embeddable":true,"href":"https:\/\/ocardoo.com\/en\/wp-json\/wp\/v2\/product_tag?post=20409"}],"curies":[{"name":"wp","href":"https:\/\/api.w.org\/{rel}","templated":true}]}}