{"id":20414,"date":"2026-04-29T22:34:22","date_gmt":"2026-04-29T20:34:22","guid":{"rendered":"https:\/\/ocardoo.com\/?post_type=product&#038;p=20414"},"modified":"2026-04-29T22:37:14","modified_gmt":"2026-04-29T20:37:14","slug":"11096","status":"publish","type":"product","link":"https:\/\/ocardoo.com\/en\/product\/11096\/","title":{"rendered":"Alles Gute zum Geburtstag von uns allen \u2013 Digitale Gruppengru\u00dfkarte online erstellen"},"content":{"rendered":"<p data-start=\"344\" data-end=\"528\">Du suchst eine klassische Geburtstagskarte von uns allen?<br data-start=\"401\" data-end=\"404\" \/>Diese digitale Gruppengru\u00dfkarte \u201eAlles Gute zum Geburtstag\u201c ist perfekt, um gemeinsam pers\u00f6nliche Gl\u00fcckw\u00fcnsche zu versenden.<\/p>\n<p data-start=\"530\" data-end=\"746\">Das schlichte und moderne Design macht diese Karte ideal f\u00fcr Kollegen, Freunde, Familie oder Teams. Perfekt, wenn mehrere Personen gemeinsam gratulieren und eine pers\u00f6nliche Geburtstagskarte online erstellen m\u00f6chten.<\/p>\n<p data-start=\"748\" data-end=\"994\">Mit Ocardoo gestaltest du ganz einfach eine personalisierte digitale Geburtstagskarte. Lade mehrere Personen ein und sammle individuelle Nachrichten. So entsteht eine einzigartige Gruppengru\u00dfkarte, die emotional, pers\u00f6nlich und unvergesslich ist.<\/p>\n<p data-start=\"996\" data-end=\"1064\">Ideal als Geburtstagskarte f\u00fcr Kollegen, Team, Freunde oder Familie.<\/p>\n<p>&nbsp;<\/p>\n<p>Alles gute zum geburtstag karte geburtstagskarte von uns allen digitale geburtstagskarte gruppengru\u00dfkarte geburtstag geburtstagskarte online erstellen personalisierte geburtstagskarte teamgru\u00dfkarte geburtstag geburtstagskarte kollegen geburtstagskarte freunde<\/p>\n<p>alles gute zum geburtstag karte<br data-start=\"1647\" data-end=\"1650\" \/>geburtstagskarte von uns allen<br data-start=\"1680\" data-end=\"1683\" \/>digitale geburtstagskarte<br data-start=\"1708\" data-end=\"1711\" \/>gruppengru\u00dfkarte geburtstag<br data-start=\"1738\" data-end=\"1741\" \/>geburtstagskarte online<br data-start=\"1764\" data-end=\"1767\" \/>personalisierte geburtstagskarte<br data-start=\"1799\" data-end=\"1802\" \/>teamgru\u00dfkarte geburtstag<br data-start=\"1826\" data-end=\"1829\" \/>geburtstagskarte kollegen<br data-start=\"1854\" data-end=\"1857\" \/>geburtstagskarte freunde<br data-start=\"1881\" data-end=\"1884\" \/>happy birthday karte<\/p>","protected":false},"excerpt":{"rendered":"<p>Du suchst eine klassische Geburtstagskarte von uns allen?Diese digitale Gruppengru\u00dfkarte \u201eAlles Gute zum Geburtstag\u201c ist perfekt, um gemeinsam pers\u00f6nliche Gl\u00fcckw\u00fcnsche zu versenden. Das schlichte und moderne Design macht diese Karte [&hellip;]<\/p>","protected":false},"author":20,"featured_media":20207,"comment_status":"open","ping_status":"closed","template":"","meta":{"_acf_changed":false,"inline_featured_image":false,"footnotes":""},"product_cat":[80,79],"product_tag":[529,49,525,230],"class_list":["post-20414","product","type-product","status-publish","has-post-thumbnail","hentry","product_cat-geburtstag","product_cat-gratulation","product_tag-freunde","product_tag-geburtstag","product_tag-geburtstagskarte-von-uns-allen","product_tag-happy-birthday","pa_variante-basic","pa_variante-premium"],"acf":[],"_links":{"self":[{"href":"https:\/\/ocardoo.com\/en\/wp-json\/wp\/v2\/product\/20414","targetHints":{"allow":["GET"]}}],"collection":[{"href":"https:\/\/ocardoo.com\/en\/wp-json\/wp\/v2\/product"}],"about":[{"href":"https:\/\/ocardoo.com\/en\/wp-json\/wp\/v2\/types\/product"}],"author":[{"embeddable":true,"href":"https:\/\/ocardoo.com\/en\/wp-json\/wp\/v2\/users\/20"}],"replies":[{"embeddable":true,"href":"https:\/\/ocardoo.com\/en\/wp-json\/wp\/v2\/comments?post=20414"}],"version-history":[{"count":2,"href":"https:\/\/ocardoo.com\/en\/wp-json\/wp\/v2\/product\/20414\/revisions"}],"predecessor-version":[{"id":20418,"href":"https:\/\/ocardoo.com\/en\/wp-json\/wp\/v2\/product\/20414\/revisions\/20418"}],"wp:featuredmedia":[{"embeddable":true,"href":"https:\/\/ocardoo.com\/en\/wp-json\/wp\/v2\/media\/20207"}],"wp:attachment":[{"href":"https:\/\/ocardoo.com\/en\/wp-json\/wp\/v2\/media?parent=20414"}],"wp:term":[{"taxonomy":"product_cat","embeddable":true,"href":"https:\/\/ocardoo.com\/en\/wp-json\/wp\/v2\/product_cat?post=20414"},{"taxonomy":"product_tag","embeddable":true,"href":"https:\/\/ocardoo.com\/en\/wp-json\/wp\/v2\/product_tag?post=20414"}],"curies":[{"name":"wp","href":"https:\/\/api.w.org\/{rel}","templated":true}]}}