{"id":20419,"date":"2026-04-29T22:37:47","date_gmt":"2026-04-29T20:37:47","guid":{"rendered":"https:\/\/ocardoo.com\/?post_type=product&#038;p=20419"},"modified":"2026-04-29T22:43:51","modified_gmt":"2026-04-29T20:43:51","slug":"11099","status":"publish","type":"product","link":"https:\/\/ocardoo.com\/en\/product\/11099\/","title":{"rendered":"Geburtstagskarte von uns allen \u2013 Digitale Gruppengru\u00dfkarte mit Geschenken"},"content":{"rendered":"<p data-start=\"344\" data-end=\"528\">Du suchst eine klassische Geburtstagskarte von uns allen?<\/p>\n<p data-start=\"321\" data-end=\"715\">Diese liebevolle digitale Gruppengru\u00dfkarte \u201eHappy Birthday von uns allen\u201c mit bunten Geschenkboxen ist perfekt, um gemeinsam herzliche Geburtstagsw\u00fcnsche zu \u00fcbermitteln. Das fr\u00f6hliche Design mit Geschenken und Herzdetails macht diese Karte ideal f\u00fcr Freunde, Familie, Kollegen oder Teams. Perfekt, wenn mehrere Personen gemeinsam gratulieren und eine pers\u00f6nliche \u00dcberraschung gestalten m\u00f6chten.<\/p>\n<p data-start=\"717\" data-end=\"1092\">Mit Ocardoo erstellst du ganz einfach eine personalisierte digitale Geburtstagskarte online und kannst Familie, Freunde oder Kollegen einladen, ihre Gl\u00fcckw\u00fcnsche hinzuzuf\u00fcgen. So entsteht eine einzigartige Gruppengru\u00dfkarte, die pers\u00f6nlich und unvergesslich ist. Egal ob als Geburtstagskarte f\u00fcr Freunde, Kollegen, Familie oder als Teamkarte im B\u00fcro \u2013 diese Karte passt immer.<\/p>\n<p data-start=\"1094\" data-end=\"1307\">So funktioniert Ocardoo: Du w\u00e4hlst deine Geburtstagskarte aus, teilst den Link mit anderen und sammelst pers\u00f6nliche Nachrichten. Anschlie\u00dfend versendest du die fertige Karte ganz einfach zum gew\u00fcnschten Zeitpunkt.<\/p>\n<p data-start=\"1309\" data-end=\"1567\">geburtstagskarte von uns allen digitale geburtstagskarte gruppengru\u00dfkarte geburtstag geburtstagskarte mit geschenk happy birthday karte geburtstagskarte online erstellen personalisierte geburtstagskarte geburtstagskarte freunde familie kollegen<\/p>\n<p data-start=\"1569\" data-end=\"1821\" data-is-last-node=\"\" data-is-only-node=\"\">Geburtstagskarte von uns allen digitale Geburtstagskarte Gruppengru\u00dfkarte Geburtstag Geburtstagskarte mit Geschenken Happy Birthday Karte personalisierte Geburtstagskarte Geburtstagskarte Freunde Geburtstagskarte Familie Geburtstagskarte Kollegen<\/p>","protected":false},"excerpt":{"rendered":"<p>Du suchst eine klassische Geburtstagskarte von uns allen? Diese liebevolle digitale Gruppengru\u00dfkarte \u201eHappy Birthday von uns allen\u201c mit bunten Geschenkboxen ist perfekt, um gemeinsam herzliche Geburtstagsw\u00fcnsche zu \u00fcbermitteln. Das fr\u00f6hliche [&hellip;]<\/p>","protected":false},"author":20,"featured_media":20210,"comment_status":"open","ping_status":"closed","template":"","meta":{"_acf_changed":false,"inline_featured_image":false,"footnotes":""},"product_cat":[80,79],"product_tag":[49,525,183,230],"class_list":["post-20419","product","type-product","status-publish","has-post-thumbnail","hentry","product_cat-geburtstag","product_cat-gratulation","product_tag-geburtstag","product_tag-geburtstagskarte-von-uns-allen","product_tag-geschenke","product_tag-happy-birthday","pa_variante-basic","pa_variante-premium"],"acf":[],"_links":{"self":[{"href":"https:\/\/ocardoo.com\/en\/wp-json\/wp\/v2\/product\/20419","targetHints":{"allow":["GET"]}}],"collection":[{"href":"https:\/\/ocardoo.com\/en\/wp-json\/wp\/v2\/product"}],"about":[{"href":"https:\/\/ocardoo.com\/en\/wp-json\/wp\/v2\/types\/product"}],"author":[{"embeddable":true,"href":"https:\/\/ocardoo.com\/en\/wp-json\/wp\/v2\/users\/20"}],"replies":[{"embeddable":true,"href":"https:\/\/ocardoo.com\/en\/wp-json\/wp\/v2\/comments?post=20419"}],"version-history":[{"count":2,"href":"https:\/\/ocardoo.com\/en\/wp-json\/wp\/v2\/product\/20419\/revisions"}],"predecessor-version":[{"id":20428,"href":"https:\/\/ocardoo.com\/en\/wp-json\/wp\/v2\/product\/20419\/revisions\/20428"}],"wp:featuredmedia":[{"embeddable":true,"href":"https:\/\/ocardoo.com\/en\/wp-json\/wp\/v2\/media\/20210"}],"wp:attachment":[{"href":"https:\/\/ocardoo.com\/en\/wp-json\/wp\/v2\/media?parent=20419"}],"wp:term":[{"taxonomy":"product_cat","embeddable":true,"href":"https:\/\/ocardoo.com\/en\/wp-json\/wp\/v2\/product_cat?post=20419"},{"taxonomy":"product_tag","embeddable":true,"href":"https:\/\/ocardoo.com\/en\/wp-json\/wp\/v2\/product_tag?post=20419"}],"curies":[{"name":"wp","href":"https:\/\/api.w.org\/{rel}","templated":true}]}}