{"id":20423,"date":"2026-04-29T22:37:50","date_gmt":"2026-04-29T20:37:50","guid":{"rendered":"https:\/\/ocardoo.com\/?post_type=product&#038;p=20423"},"modified":"2026-04-29T22:41:14","modified_gmt":"2026-04-29T20:41:14","slug":"11097","status":"publish","type":"product","link":"https:\/\/ocardoo.com\/en\/product\/11097\/","title":{"rendered":"Geburtstagskarte von uns allen \u2013 Digitale Gruppengru\u00dfkarte mit Tieren f\u00fcr Kinder, Freunde &#038; Familie"},"content":{"rendered":"<p data-start=\"220\" data-end=\"1024\">Diese liebevolle digitale Gruppengru\u00dfkarte \u201eHappy Birthday von uns allen\u201c mit niedlichen Tiermotiven wie Giraffe, Panda, L\u00f6we und Hase ist perfekt, um gemeinsam fr\u00f6hliche Geburtstagsw\u00fcnsche zu versenden. Durch das verspielte und freundliche Design eignet sich diese Geburtstagskarte besonders f\u00fcr Kinder, Familie, Freunde oder auch Kollegen, wenn es herzlich und locker sein soll. Mit Ocardoo erstellst du ganz einfach eine personalisierte digitale Geburtstagskarte online und kannst mehrere Personen einladen, ihre Gl\u00fcckw\u00fcnsche hinzuzuf\u00fcgen. So entsteht eine einzigartige Gruppengru\u00dfkarte, die pers\u00f6nlich und unvergesslich ist. Perfekt als Geburtstagskarte von uns allen, digitale Geburtstagskarte, Gruppengru\u00dfkarte zum Geburtstag oder Teamgru\u00dfkarte f\u00fcr Kindergeburtstag, Familie, Freunde oder Kollegen.<\/p>\n<p data-start=\"1026\" data-end=\"1281\">So funktioniert Ocardoo: Du w\u00e4hlst deine Geburtstagskarte aus, teilst den Link mit Familie, Freunden oder Kollegen und sammelst pers\u00f6nliche Nachrichten. Anschlie\u00dfend versendest du die fertige digitale Gruppengru\u00dfkarte ganz einfach zum Wunschtermin online.<\/p>\n<p data-start=\"1283\" data-end=\"1592\">geburtstagskarte von uns allen digitale geburtstagskarte gruppengru\u00dfkarte geburtstag geburtstagskarte mit tieren kindergeburtstag karte happy birthday karte kinder geburtstagskarte online erstellen personalisierte geburtstagskarte teamgru\u00dfkarte geburtstag geburtstagskarte kinder freunde familie<\/p>\n<p data-start=\"1594\" data-end=\"1864\" data-is-last-node=\"\" data-is-only-node=\"\">Geburtstagskarte von uns allen digitale Geburtstagskarte Gruppengru\u00dfkarte Geburtstag Geburtstagskarte mit Tieren Kindergeburtstagskarte Happy Birthday Karte personalisierte Geburtstagskarte Teamgru\u00dfkarte Geburtstag Geburtstagskarte Familie Geburtstagskarte Freunde<\/p>","protected":false},"excerpt":{"rendered":"<p>Diese liebevolle digitale Gruppengru\u00dfkarte \u201eHappy Birthday von uns allen\u201c mit niedlichen Tiermotiven wie Giraffe, Panda, L\u00f6we und Hase ist perfekt, um gemeinsam fr\u00f6hliche Geburtstagsw\u00fcnsche zu versenden. Durch das verspielte und [&hellip;]<\/p>","protected":false},"author":20,"featured_media":20208,"comment_status":"open","ping_status":"closed","template":"","meta":{"_acf_changed":false,"inline_featured_image":false,"footnotes":""},"product_cat":[80,79],"product_tag":[529,49,525,230,530],"class_list":["post-20423","product","type-product","status-publish","has-post-thumbnail","hentry","product_cat-geburtstag","product_cat-gratulation","product_tag-freunde","product_tag-geburtstag","product_tag-geburtstagskarte-von-uns-allen","product_tag-happy-birthday","product_tag-tiere","pa_variante-basic","pa_variante-premium"],"acf":[],"_links":{"self":[{"href":"https:\/\/ocardoo.com\/en\/wp-json\/wp\/v2\/product\/20423","targetHints":{"allow":["GET"]}}],"collection":[{"href":"https:\/\/ocardoo.com\/en\/wp-json\/wp\/v2\/product"}],"about":[{"href":"https:\/\/ocardoo.com\/en\/wp-json\/wp\/v2\/types\/product"}],"author":[{"embeddable":true,"href":"https:\/\/ocardoo.com\/en\/wp-json\/wp\/v2\/users\/20"}],"replies":[{"embeddable":true,"href":"https:\/\/ocardoo.com\/en\/wp-json\/wp\/v2\/comments?post=20423"}],"version-history":[{"count":2,"href":"https:\/\/ocardoo.com\/en\/wp-json\/wp\/v2\/product\/20423\/revisions"}],"predecessor-version":[{"id":20427,"href":"https:\/\/ocardoo.com\/en\/wp-json\/wp\/v2\/product\/20423\/revisions\/20427"}],"wp:featuredmedia":[{"embeddable":true,"href":"https:\/\/ocardoo.com\/en\/wp-json\/wp\/v2\/media\/20208"}],"wp:attachment":[{"href":"https:\/\/ocardoo.com\/en\/wp-json\/wp\/v2\/media?parent=20423"}],"wp:term":[{"taxonomy":"product_cat","embeddable":true,"href":"https:\/\/ocardoo.com\/en\/wp-json\/wp\/v2\/product_cat?post=20423"},{"taxonomy":"product_tag","embeddable":true,"href":"https:\/\/ocardoo.com\/en\/wp-json\/wp\/v2\/product_tag?post=20423"}],"curies":[{"name":"wp","href":"https:\/\/api.w.org\/{rel}","templated":true}]}}