{"id":20434,"date":"2026-04-29T22:47:37","date_gmt":"2026-04-29T20:47:37","guid":{"rendered":"https:\/\/ocardoo.com\/?post_type=product&#038;p=20434"},"modified":"2026-04-29T22:50:55","modified_gmt":"2026-04-29T20:50:55","slug":"11098","status":"publish","type":"product","link":"https:\/\/ocardoo.com\/en\/product\/11098\/","title":{"rendered":"Happy Birthday von uns allen \u2013 Digitale Geburtstagskarte als Gruppengru\u00dfkarte mit Torte"},"content":{"rendered":"<p data-start=\"299\" data-end=\"629\">Diese liebevoll gestaltete digitale Geburtstagskarte \u201eHappy Birthday von uns allen\u201c mit bunter Geburtstagstorte und Kerzen ist die perfekte Wahl f\u00fcr gemeinsame Gl\u00fcckw\u00fcnsche. Ideal f\u00fcr Freunde, Familie oder Kollegen, wenn mehrere Personen zusammen gratulieren m\u00f6chten. Das schlichte, moderne Design passt zu jedem Alter und Anlass.<\/p>\n<p data-start=\"631\" data-end=\"939\">Mit Ocardoo erstellst du ganz einfach eine pers\u00f6nliche Gruppengru\u00dfkarte zum Geburtstag. Lade mehrere Personen ein, ihre W\u00fcnsche hinzuzuf\u00fcgen, und gestalte gemeinsam eine einzigartige digitale Geburtstagskarte, die garantiert in Erinnerung bleibt. Perfekt f\u00fcr Teamkarten im B\u00fcro, Freundeskreise oder Familien.<\/p>\n<p data-start=\"941\" data-end=\"1068\">So funktioniert Ocardoo: Karte ausw\u00e4hlen, Link teilen, gemeinsam unterschreiben lassen und die fertige Karte digital versenden.<\/p>\n<p data-start=\"1070\" data-end=\"1325\">Suchbegriffe: geburtstagskarte von uns allen digitale geburtstagskarte gruppengru\u00dfkarte geburtstag happy birthday karte geburtstagskarte mit torte geburtstagskarte kollegen geburtstagskarte freunde geburtstagskarte familie personalisierte geburtstagskarte<\/p>\n<p data-start=\"1327\" data-end=\"1556\" data-is-last-node=\"\" data-is-only-node=\"\">Tags: Geburtstagskarte digitale Geburtstagskarte Gruppengru\u00dfkarte Geburtstag Happy Birthday Karte Geburtstagskarte Torte Geburtstagskarte Kollegen Geburtstagskarte Freunde Geburtstagskarte Familie personalisierte Geburtstagskarte<\/p>","protected":false},"excerpt":{"rendered":"<p>Diese liebevoll gestaltete digitale Geburtstagskarte \u201eHappy Birthday von uns allen\u201c mit bunter Geburtstagstorte und Kerzen ist die perfekte Wahl f\u00fcr gemeinsame Gl\u00fcckw\u00fcnsche. Ideal f\u00fcr Freunde, Familie oder Kollegen, wenn mehrere [&hellip;]<\/p>","protected":false},"author":20,"featured_media":20212,"comment_status":"open","ping_status":"closed","template":"","meta":{"_acf_changed":false,"inline_featured_image":false,"footnotes":""},"product_cat":[80,79],"product_tag":[49,525,230,532],"class_list":["post-20434","product","type-product","status-publish","has-post-thumbnail","hentry","product_cat-geburtstag","product_cat-gratulation","product_tag-geburtstag","product_tag-geburtstagskarte-von-uns-allen","product_tag-happy-birthday","product_tag-torte","pa_variante-basic","pa_variante-premium"],"acf":[],"_links":{"self":[{"href":"https:\/\/ocardoo.com\/en\/wp-json\/wp\/v2\/product\/20434","targetHints":{"allow":["GET"]}}],"collection":[{"href":"https:\/\/ocardoo.com\/en\/wp-json\/wp\/v2\/product"}],"about":[{"href":"https:\/\/ocardoo.com\/en\/wp-json\/wp\/v2\/types\/product"}],"author":[{"embeddable":true,"href":"https:\/\/ocardoo.com\/en\/wp-json\/wp\/v2\/users\/20"}],"replies":[{"embeddable":true,"href":"https:\/\/ocardoo.com\/en\/wp-json\/wp\/v2\/comments?post=20434"}],"version-history":[{"count":4,"href":"https:\/\/ocardoo.com\/en\/wp-json\/wp\/v2\/product\/20434\/revisions"}],"predecessor-version":[{"id":20440,"href":"https:\/\/ocardoo.com\/en\/wp-json\/wp\/v2\/product\/20434\/revisions\/20440"}],"wp:featuredmedia":[{"embeddable":true,"href":"https:\/\/ocardoo.com\/en\/wp-json\/wp\/v2\/media\/20212"}],"wp:attachment":[{"href":"https:\/\/ocardoo.com\/en\/wp-json\/wp\/v2\/media?parent=20434"}],"wp:term":[{"taxonomy":"product_cat","embeddable":true,"href":"https:\/\/ocardoo.com\/en\/wp-json\/wp\/v2\/product_cat?post=20434"},{"taxonomy":"product_tag","embeddable":true,"href":"https:\/\/ocardoo.com\/en\/wp-json\/wp\/v2\/product_tag?post=20434"}],"curies":[{"name":"wp","href":"https:\/\/api.w.org\/{rel}","templated":true}]}}