{"id":20446,"date":"2026-04-30T12:16:00","date_gmt":"2026-04-30T10:16:00","guid":{"rendered":"https:\/\/ocardoo.com\/?post_type=product&#038;p=20446"},"modified":"2026-04-30T12:19:40","modified_gmt":"2026-04-30T10:19:40","slug":"31063","status":"publish","type":"product","link":"https:\/\/ocardoo.com\/en\/product\/31063\/","title":{"rendered":"Abschiedskarte Elternzeit Kollegin \u2013 Gruppengru\u00dfkarte \u201eMama im Einsatz\u201c f\u00fcr Team &#038; B\u00fcro"},"content":{"rendered":"<p data-start=\"253\" data-end=\"654\">Diese liebevoll gestaltete digitale Abschiedskarte \u201eMama im Einsatz \u2013 wir halten die Stellung!\u201c ist perfekt f\u00fcr den Abschied einer Kollegin, die in Elternzeit geht. Ideal als Gruppengru\u00dfkarte vom Team, um Wertsch\u00e4tzung, Freude und gute W\u00fcnsche f\u00fcr den neuen Lebensabschnitt auszudr\u00fccken. Das zarte Design mit Baby-Body und Herzmotiven macht die Karte besonders emotional und passend f\u00fcr diesen Anlass.<\/p>\n<p data-start=\"656\" data-end=\"940\">Mit Ocardoo erstellst du ganz einfach eine pers\u00f6nliche Gruppengru\u00dfkarte f\u00fcr den Abschied in die Elternzeit. Lade Kollegen ein, ihre W\u00fcnsche, Gr\u00fc\u00dfe und Gl\u00fcckw\u00fcnsche hinzuzuf\u00fcgen, und gestalte gemeinsam eine digitale Karte, die von Herzen kommt. Perfekt f\u00fcr B\u00fcro, Team oder Unternehmen.<\/p>\n<p data-start=\"942\" data-end=\"1069\">So funktioniert Ocardoo: Karte ausw\u00e4hlen, Link teilen, gemeinsam unterschreiben lassen und die fertige Karte digital versenden.<\/p>\n<p data-start=\"1071\" data-end=\"1315\">Suchbegriffe: abschiedskarte kollegin elternzeit karte elternzeit kollegin gruppengru\u00dfkarte abschied b\u00fcro abschied karte kollegin baby gl\u00fcckwunsch karte kollegin mutterschutz karte team karte abschied kollegin digitale abschiedskarte elternzeit<\/p>\n<p data-start=\"1317\" data-end=\"1531\" data-is-last-node=\"\" data-is-only-node=\"\">Tags: Abschiedskarte Kollegin Elternzeit Gruppengru\u00dfkarte Abschied B\u00fcro Karte Elternzeit Kollegin Abschied Team Karte Baby Gl\u00fcckwunsch Kollegin digitale Abschiedskarte Mutterschutz Karte Kollegin Teamkarte Abschied<\/p>","protected":false},"excerpt":{"rendered":"<p>Diese liebevoll gestaltete digitale Abschiedskarte \u201eMama im Einsatz \u2013 wir halten die Stellung!\u201c ist perfekt f\u00fcr den Abschied einer Kollegin, die in Elternzeit geht. Ideal als Gruppengru\u00dfkarte vom Team, um [&hellip;]<\/p>","protected":false},"author":20,"featured_media":20213,"comment_status":"open","ping_status":"closed","template":"","meta":{"_acf_changed":false,"inline_featured_image":false,"footnotes":""},"product_cat":[85,533,84,158],"product_tag":[279,395,534,353,147],"class_list":["post-20446","product","type-product","status-publish","has-post-thumbnail","hentry","product_cat-abschied-verlaesst-unternehmen","product_cat-abschied-elternzeit","product_cat-anlaesse","product_cat-mama","product_tag-abschied","product_tag-abschiedskarte","product_tag-elternzeit","product_tag-kollegin","product_tag-mama","pa_variante-basic","pa_variante-premium"],"acf":[],"_links":{"self":[{"href":"https:\/\/ocardoo.com\/en\/wp-json\/wp\/v2\/product\/20446","targetHints":{"allow":["GET"]}}],"collection":[{"href":"https:\/\/ocardoo.com\/en\/wp-json\/wp\/v2\/product"}],"about":[{"href":"https:\/\/ocardoo.com\/en\/wp-json\/wp\/v2\/types\/product"}],"author":[{"embeddable":true,"href":"https:\/\/ocardoo.com\/en\/wp-json\/wp\/v2\/users\/20"}],"replies":[{"embeddable":true,"href":"https:\/\/ocardoo.com\/en\/wp-json\/wp\/v2\/comments?post=20446"}],"version-history":[{"count":2,"href":"https:\/\/ocardoo.com\/en\/wp-json\/wp\/v2\/product\/20446\/revisions"}],"predecessor-version":[{"id":20450,"href":"https:\/\/ocardoo.com\/en\/wp-json\/wp\/v2\/product\/20446\/revisions\/20450"}],"wp:featuredmedia":[{"embeddable":true,"href":"https:\/\/ocardoo.com\/en\/wp-json\/wp\/v2\/media\/20213"}],"wp:attachment":[{"href":"https:\/\/ocardoo.com\/en\/wp-json\/wp\/v2\/media?parent=20446"}],"wp:term":[{"taxonomy":"product_cat","embeddable":true,"href":"https:\/\/ocardoo.com\/en\/wp-json\/wp\/v2\/product_cat?post=20446"},{"taxonomy":"product_tag","embeddable":true,"href":"https:\/\/ocardoo.com\/en\/wp-json\/wp\/v2\/product_tag?post=20446"}],"curies":[{"name":"wp","href":"https:\/\/api.w.org\/{rel}","templated":true}]}}