{"id":20456,"date":"2026-04-30T12:23:38","date_gmt":"2026-04-30T10:23:38","guid":{"rendered":"https:\/\/ocardoo.com\/?post_type=product&#038;p=20456"},"modified":"2026-04-30T12:26:53","modified_gmt":"2026-04-30T10:26:53","slug":"31065","status":"publish","type":"product","link":"https:\/\/ocardoo.com\/en\/product\/31065\/","title":{"rendered":"Lustige Abschiedskarte Kollegen \u2013 Digitale Gruppengru\u00dfkarte \u201eWir finden deine Entscheidung trotzdem doof\u201c"},"content":{"rendered":"<div class=\"flex max-w-full flex-col gap-4 grow\">\n<div class=\"min-h-8 text-message relative flex w-full flex-col items-end gap-2 text-start break-words whitespace-normal outline-none keyboard-focused:focus-ring [.text-message+&amp;]:mt-1\" dir=\"auto\" tabindex=\"0\" data-message-author-role=\"assistant\" data-message-id=\"df16e6fa-2239-45ef-b348-45c295794672\" data-message-model-slug=\"gpt-5-3\" data-turn-start-message=\"true\">\n<div class=\"flex w-full flex-col gap-1 empty:hidden\">\n<div class=\"markdown prose dark:prose-invert w-full wrap-break-word light markdown-new-styling\">\n<p data-start=\"268\" data-end=\"660\">Diese humorvolle digitale Abschiedskarte \u201eWir finden deine Entscheidung trotzdem doof \u2013 f\u00fcr uns\u201c ist perfekt f\u00fcr den Abschied eines Kollegen oder einer Kollegin. Ideal f\u00fcr Team, B\u00fcro oder Freundeskreis, wenn man den Abschied mit einem Augenzwinkern, aber trotzdem mit Wertsch\u00e4tzung gestalten m\u00f6chte. Die Mischung aus Humor und Emotion macht diese Karte besonders pers\u00f6nlich und unvergesslich.<\/p>\n<p data-start=\"662\" data-end=\"793\">Kartentext:<br data-start=\"673\" data-end=\"676\" \/>\u201eWir finden deine Entscheidung\u2026 mutig, spannend, aufregend\u2026 trotzdem doof f\u00fcr uns. Mach\u2019s gut und vergiss uns nicht!\u201c<\/p>\n<p data-start=\"795\" data-end=\"1041\">Mit Ocardoo erstellst du ganz einfach eine pers\u00f6nliche Gruppengru\u00dfkarte zum Abschied. Lade Kollegen, Freunde oder das gesamte Team ein, ihre W\u00fcnsche und Nachrichten hinzuzuf\u00fcgen, und gestalte gemeinsam eine digitale Abschiedskarte, die verbindet.<\/p>\n<p data-start=\"1043\" data-end=\"1170\">So funktioniert Ocardoo: Karte ausw\u00e4hlen, Link teilen, gemeinsam unterschreiben lassen und die fertige Karte digital versenden.<\/p>\n<p data-start=\"1172\" data-end=\"1367\">Suchbegriffe: lustige abschiedskarte kollegen abschied karte kollegin digitale abschiedskarte gruppengru\u00dfkarte abschied jobwechsel karte abschied team karte humor abschied kollege machs gut karte<\/p>\n<p data-start=\"1369\" data-end=\"1564\" data-is-last-node=\"\" data-is-only-node=\"\">Tags: lustige Abschiedskarte Kollegen digitale Abschiedskarte Gruppengru\u00dfkarte Abschied Abschied Kollegin Abschied Kollege Jobwechsel Karte Teamkarte Abschied Humor Abschiedskarte Machs gut Karte<\/p>\n<\/div>\n<\/div>\n<\/div>\n<\/div>","protected":false},"excerpt":{"rendered":"<p>Diese humorvolle digitale Abschiedskarte \u201eWir finden deine Entscheidung trotzdem doof \u2013 f\u00fcr uns\u201c ist perfekt f\u00fcr den Abschied eines Kollegen oder einer Kollegin. Ideal f\u00fcr Team, B\u00fcro oder Freundeskreis, wenn [&hellip;]<\/p>","protected":false},"author":20,"featured_media":20215,"comment_status":"open","ping_status":"closed","template":"","meta":{"_acf_changed":false,"inline_featured_image":false,"footnotes":""},"product_cat":[85,84],"product_tag":[279,395,535,536],"class_list":["post-20456","product","type-product","status-publish","has-post-thumbnail","hentry","product_cat-abschied-verlaesst-unternehmen","product_cat-anlaesse","product_tag-abschied","product_tag-abschiedskarte","product_tag-neuanfang","product_tag-verlaesst-unternehmen","pa_variante-basic","pa_variante-premium"],"acf":[],"_links":{"self":[{"href":"https:\/\/ocardoo.com\/en\/wp-json\/wp\/v2\/product\/20456","targetHints":{"allow":["GET"]}}],"collection":[{"href":"https:\/\/ocardoo.com\/en\/wp-json\/wp\/v2\/product"}],"about":[{"href":"https:\/\/ocardoo.com\/en\/wp-json\/wp\/v2\/types\/product"}],"author":[{"embeddable":true,"href":"https:\/\/ocardoo.com\/en\/wp-json\/wp\/v2\/users\/20"}],"replies":[{"embeddable":true,"href":"https:\/\/ocardoo.com\/en\/wp-json\/wp\/v2\/comments?post=20456"}],"version-history":[{"count":3,"href":"https:\/\/ocardoo.com\/en\/wp-json\/wp\/v2\/product\/20456\/revisions"}],"predecessor-version":[{"id":20461,"href":"https:\/\/ocardoo.com\/en\/wp-json\/wp\/v2\/product\/20456\/revisions\/20461"}],"wp:featuredmedia":[{"embeddable":true,"href":"https:\/\/ocardoo.com\/en\/wp-json\/wp\/v2\/media\/20215"}],"wp:attachment":[{"href":"https:\/\/ocardoo.com\/en\/wp-json\/wp\/v2\/media?parent=20456"}],"wp:term":[{"taxonomy":"product_cat","embeddable":true,"href":"https:\/\/ocardoo.com\/en\/wp-json\/wp\/v2\/product_cat?post=20456"},{"taxonomy":"product_tag","embeddable":true,"href":"https:\/\/ocardoo.com\/en\/wp-json\/wp\/v2\/product_tag?post=20456"}],"curies":[{"name":"wp","href":"https:\/\/api.w.org\/{rel}","templated":true}]}}