{"id":20462,"date":"2026-04-30T12:27:17","date_gmt":"2026-04-30T10:27:17","guid":{"rendered":"https:\/\/ocardoo.com\/?post_type=product&#038;p=20462"},"modified":"2026-04-30T12:28:50","modified_gmt":"2026-04-30T10:28:50","slug":"31066","status":"publish","type":"product","link":"https:\/\/ocardoo.com\/en\/product\/31066\/","title":{"rendered":"Lustige Abschiedskarte Kollegen \u2013 Digitale Gruppengru\u00dfkarte \u201eWir finden deine Entscheidung trotzdem doof\u201c"},"content":{"rendered":"<div class=\"flex max-w-full flex-col gap-4 grow\">\n<div class=\"min-h-8 text-message relative flex w-full flex-col items-end gap-2 text-start break-words whitespace-normal outline-none keyboard-focused:focus-ring [.text-message+&amp;]:mt-1\" dir=\"auto\" tabindex=\"0\" data-message-author-role=\"assistant\" data-message-id=\"df16e6fa-2239-45ef-b348-45c295794672\" data-message-model-slug=\"gpt-5-3\" data-turn-start-message=\"true\">\n<div class=\"flex w-full flex-col gap-1 empty:hidden\">\n<div class=\"markdown prose dark:prose-invert w-full wrap-break-word light markdown-new-styling\">\n<p data-start=\"275\" data-end=\"593\">Diese moderne und humorvolle digitale Abschiedskarte ist ideal f\u00fcr den Abschied eines Kollegen oder einer Kollegin. Mit dem augenzwinkernden Spruch sorgt sie f\u00fcr Lacher und zeigt gleichzeitig, wie sehr die Person im Team fehlen wird. Perfekt f\u00fcr B\u00fcro, Team oder Freundeskreis bei Jobwechsel oder neuem Lebensabschnitt.<\/p>\n<p data-start=\"595\" data-end=\"726\">Kartentext:<br data-start=\"606\" data-end=\"609\" \/>\u201eWir finden deine Entscheidung\u2026 mutig, spannend, aufregend\u2026 trotzdem doof f\u00fcr uns. Mach\u2019s gut und vergiss uns nicht!\u201c<\/p>\n<p data-start=\"728\" data-end=\"981\">Mit Ocardoo erstellst du ganz einfach eine pers\u00f6nliche Gruppengru\u00dfkarte zum Abschied. Lade Kollegen oder Freunde ein, ihre W\u00fcnsche und Nachrichten hinzuzuf\u00fcgen, und gestalte gemeinsam eine digitale Abschiedskarte, die verbindet und in Erinnerung bleibt.<\/p>\n<p data-start=\"983\" data-end=\"1110\">So funktioniert Ocardoo: Karte ausw\u00e4hlen, Link teilen, gemeinsam unterschreiben lassen und die fertige Karte digital versenden.<\/p>\n<p data-start=\"1112\" data-end=\"1297\">Suchbegriffe: lustige abschiedskarte kollegen digitale abschiedskarte gruppengru\u00dfkarte abschied jobwechsel karte abschied team karte humor abschied kollege machs gut karte abschied b\u00fcro<\/p>\n<p data-start=\"1299\" data-end=\"1494\" data-is-last-node=\"\" data-is-only-node=\"\">Tags: lustige Abschiedskarte Kollegen digitale Abschiedskarte Gruppengru\u00dfkarte Abschied Abschied Kollegin Abschied Kollege Jobwechsel Karte Teamkarte Abschied Humor Abschiedskarte Machs gut Karte<\/p>\n<\/div>\n<\/div>\n<\/div>\n<\/div>","protected":false},"excerpt":{"rendered":"<p>Diese moderne und humorvolle digitale Abschiedskarte ist ideal f\u00fcr den Abschied eines Kollegen oder einer Kollegin. Mit dem augenzwinkernden Spruch sorgt sie f\u00fcr Lacher und zeigt gleichzeitig, wie sehr die [&hellip;]<\/p>","protected":false},"author":20,"featured_media":20216,"comment_status":"open","ping_status":"closed","template":"","meta":{"_acf_changed":false,"inline_featured_image":false,"footnotes":""},"product_cat":[85,84],"product_tag":[279,395,535,536],"class_list":["post-20462","product","type-product","status-publish","has-post-thumbnail","hentry","product_cat-abschied-verlaesst-unternehmen","product_cat-anlaesse","product_tag-abschied","product_tag-abschiedskarte","product_tag-neuanfang","product_tag-verlaesst-unternehmen","pa_variante-basic","pa_variante-premium"],"acf":[],"_links":{"self":[{"href":"https:\/\/ocardoo.com\/en\/wp-json\/wp\/v2\/product\/20462","targetHints":{"allow":["GET"]}}],"collection":[{"href":"https:\/\/ocardoo.com\/en\/wp-json\/wp\/v2\/product"}],"about":[{"href":"https:\/\/ocardoo.com\/en\/wp-json\/wp\/v2\/types\/product"}],"author":[{"embeddable":true,"href":"https:\/\/ocardoo.com\/en\/wp-json\/wp\/v2\/users\/20"}],"replies":[{"embeddable":true,"href":"https:\/\/ocardoo.com\/en\/wp-json\/wp\/v2\/comments?post=20462"}],"version-history":[{"count":2,"href":"https:\/\/ocardoo.com\/en\/wp-json\/wp\/v2\/product\/20462\/revisions"}],"predecessor-version":[{"id":20466,"href":"https:\/\/ocardoo.com\/en\/wp-json\/wp\/v2\/product\/20462\/revisions\/20466"}],"wp:featuredmedia":[{"embeddable":true,"href":"https:\/\/ocardoo.com\/en\/wp-json\/wp\/v2\/media\/20216"}],"wp:attachment":[{"href":"https:\/\/ocardoo.com\/en\/wp-json\/wp\/v2\/media?parent=20462"}],"wp:term":[{"taxonomy":"product_cat","embeddable":true,"href":"https:\/\/ocardoo.com\/en\/wp-json\/wp\/v2\/product_cat?post=20462"},{"taxonomy":"product_tag","embeddable":true,"href":"https:\/\/ocardoo.com\/en\/wp-json\/wp\/v2\/product_tag?post=20462"}],"curies":[{"name":"wp","href":"https:\/\/api.w.org\/{rel}","templated":true}]}}