{"id":20467,"date":"2026-04-30T12:29:11","date_gmt":"2026-04-30T10:29:11","guid":{"rendered":"https:\/\/ocardoo.com\/?post_type=product&#038;p=20467"},"modified":"2026-04-30T12:31:04","modified_gmt":"2026-04-30T10:31:04","slug":"31067","status":"publish","type":"product","link":"https:\/\/ocardoo.com\/en\/product\/31067\/","title":{"rendered":"Gl\u00fcckwunschkarte Geburt \u2013 Digitale Gruppengru\u00dfkarte \u201eDein Abenteuer startet jetzt\u201c f\u00fcr Baby &#038; Eltern"},"content":{"rendered":"<div class=\"flex max-w-full flex-col gap-4 grow\">\n<div class=\"min-h-8 text-message relative flex w-full flex-col items-end gap-2 text-start break-words whitespace-normal outline-none keyboard-focused:focus-ring [.text-message+&amp;]:mt-1\" dir=\"auto\" tabindex=\"0\" data-message-author-role=\"assistant\" data-message-id=\"c19112fb-4caa-4eaa-bd3b-f202f022be6b\" data-message-model-slug=\"gpt-5-3\" data-turn-start-message=\"true\">\n<div class=\"flex w-full flex-col gap-1 empty:hidden\">\n<div class=\"markdown prose dark:prose-invert w-full wrap-break-word light markdown-new-styling\">\n<p data-start=\"293\" data-end=\"615\">Diese liebevoll gestaltete digitale Gl\u00fcckwunschkarte \u201eDein Abenteuer startet jetzt\u201c ist perfekt zur Geburt eines Babys oder zum Start in die Elternzeit. Mit zarten Farben, Baby-Motiven und emotionalem Text eignet sich die Karte ideal f\u00fcr Familie, Freunde oder Kollegen, die gemeinsam ihre Gl\u00fcckw\u00fcnsche \u00fcbermitteln m\u00f6chten.<\/p>\n<p data-start=\"617\" data-end=\"693\">Kartentext:<br data-start=\"628\" data-end=\"631\" \/>\u201eDein Abenteuer startet jetzt! Wir sind in Gedanken bei euch!\u201c<\/p>\n<p data-start=\"695\" data-end=\"966\">Mit Ocardoo erstellst du ganz einfach eine pers\u00f6nliche Gruppengru\u00dfkarte zur Geburt. Lade Familie, Freunde oder Kollegen ein, ihre Gl\u00fcckw\u00fcnsche, Nachrichten und lieben Worte hinzuzuf\u00fcgen, und gestalte gemeinsam eine digitale Karte, die Eltern lange in Erinnerung behalten.<\/p>\n<p data-start=\"968\" data-end=\"1095\">So funktioniert Ocardoo: Karte ausw\u00e4hlen, Link teilen, gemeinsam unterschreiben lassen und die fertige Karte digital versenden.<\/p>\n<p data-start=\"1097\" data-end=\"1308\">Suchbegriffe: gl\u00fcckwunschkarte geburt baby karte geburt digitale geburtskarte gruppengru\u00dfkarte baby gl\u00fcckw\u00fcnsche zur geburt karte baby willkommen karte kollegen geburt karte elternzeit karte geburt m\u00e4dchen junge<\/p>\n<p data-start=\"1310\" data-end=\"1513\" data-is-last-node=\"\" data-is-only-node=\"\">Tags: Gl\u00fcckwunschkarte Geburt digitale Geburtskarte Gruppengru\u00dfkarte Baby Karte Geburt Gl\u00fcckw\u00fcnsche zur Geburt Baby Willkommen Karte Elternzeit Karte Geburt Babykarte Kollegen Geburtskarte personalisiert<\/p>\n<\/div>\n<\/div>\n<\/div>\n<\/div>","protected":false},"excerpt":{"rendered":"<p>Diese liebevoll gestaltete digitale Gl\u00fcckwunschkarte \u201eDein Abenteuer startet jetzt\u201c ist perfekt zur Geburt eines Babys oder zum Start in die Elternzeit. Mit zarten Farben, Baby-Motiven und emotionalem Text eignet sich [&hellip;]<\/p>","protected":false},"author":20,"featured_media":20217,"comment_status":"open","ping_status":"closed","template":"","meta":{"_acf_changed":false,"inline_featured_image":false,"footnotes":""},"product_cat":[85,533,84,158],"product_tag":[279,395,197,146,534,353,147,538,537],"class_list":["post-20467","product","type-product","status-publish","has-post-thumbnail","hentry","product_cat-abschied-verlaesst-unternehmen","product_cat-abschied-elternzeit","product_cat-anlaesse","product_cat-mama","product_tag-abschied","product_tag-abschiedskarte","product_tag-baby","product_tag-eltern","product_tag-elternzeit","product_tag-kollegin","product_tag-mama","product_tag-mamaprojekt","product_tag-projekt","pa_variante-basic","pa_variante-premium"],"acf":[],"_links":{"self":[{"href":"https:\/\/ocardoo.com\/en\/wp-json\/wp\/v2\/product\/20467","targetHints":{"allow":["GET"]}}],"collection":[{"href":"https:\/\/ocardoo.com\/en\/wp-json\/wp\/v2\/product"}],"about":[{"href":"https:\/\/ocardoo.com\/en\/wp-json\/wp\/v2\/types\/product"}],"author":[{"embeddable":true,"href":"https:\/\/ocardoo.com\/en\/wp-json\/wp\/v2\/users\/20"}],"replies":[{"embeddable":true,"href":"https:\/\/ocardoo.com\/en\/wp-json\/wp\/v2\/comments?post=20467"}],"version-history":[{"count":2,"href":"https:\/\/ocardoo.com\/en\/wp-json\/wp\/v2\/product\/20467\/revisions"}],"predecessor-version":[{"id":20471,"href":"https:\/\/ocardoo.com\/en\/wp-json\/wp\/v2\/product\/20467\/revisions\/20471"}],"wp:featuredmedia":[{"embeddable":true,"href":"https:\/\/ocardoo.com\/en\/wp-json\/wp\/v2\/media\/20217"}],"wp:attachment":[{"href":"https:\/\/ocardoo.com\/en\/wp-json\/wp\/v2\/media?parent=20467"}],"wp:term":[{"taxonomy":"product_cat","embeddable":true,"href":"https:\/\/ocardoo.com\/en\/wp-json\/wp\/v2\/product_cat?post=20467"},{"taxonomy":"product_tag","embeddable":true,"href":"https:\/\/ocardoo.com\/en\/wp-json\/wp\/v2\/product_tag?post=20467"}],"curies":[{"name":"wp","href":"https:\/\/api.w.org\/{rel}","templated":true}]}}