{"id":20472,"date":"2026-04-30T12:31:27","date_gmt":"2026-04-30T10:31:27","guid":{"rendered":"https:\/\/ocardoo.com\/?post_type=product&#038;p=20472"},"modified":"2026-04-30T12:33:36","modified_gmt":"2026-04-30T10:33:36","slug":"31068","status":"publish","type":"product","link":"https:\/\/ocardoo.com\/en\/product\/31068\/","title":{"rendered":"Abschied Kollegin \u2013 Gruppengru\u00dfkarte Schwangerschaft M\u00e4dchen \u201eDein Abenteuer startet jetzt\u201c"},"content":{"rendered":"<div class=\"flex max-w-full flex-col gap-4 grow\">\n<div class=\"min-h-8 text-message relative flex w-full flex-col items-end gap-2 text-start break-words whitespace-normal outline-none keyboard-focused:focus-ring [.text-message+&amp;]:mt-1\" dir=\"auto\" tabindex=\"0\" data-message-author-role=\"assistant\" data-message-id=\"c19112fb-4caa-4eaa-bd3b-f202f022be6b\" data-message-model-slug=\"gpt-5-3\" data-turn-start-message=\"true\">\n<div class=\"flex w-full flex-col gap-1 empty:hidden\">\n<div class=\"markdown prose dark:prose-invert w-full wrap-break-word light markdown-new-styling\">\n<p data-start=\"269\" data-end=\"581\">Diese liebevoll gestaltete digitale Abschiedskarte ist perfekt f\u00fcr eine Kollegin, die das Unternehmen verl\u00e4sst und in die Elternzeit startet. Die zarten Farben und das s\u00fc\u00dfe Baby-Motiv machen diese Gruppengru\u00dfkarte ideal, um gemeinsam Gl\u00fcckw\u00fcnsche zur Schwangerschaft und zur Geburt eines M\u00e4dchens zu \u00fcbermitteln.<\/p>\n<p data-start=\"583\" data-end=\"659\">Kartentext:<br data-start=\"594\" data-end=\"597\" \/>\u201eDein Abenteuer startet jetzt! Wir sind in Gedanken bei euch!\u201c<\/p>\n<p data-start=\"661\" data-end=\"930\">Die Karte eignet sich perfekt als Abschiedskarte f\u00fcr eine schwangere Kollegin und als gemeinsame Teamgru\u00dfkarte zur Geburt eines M\u00e4dchens. Ob B\u00fcro, Team oder Freunde \u2013 alle k\u00f6nnen ihre pers\u00f6nlichen W\u00fcnsche und Nachrichten in einer gemeinsamen digitalen Karte festhalten.<\/p>\n<p data-start=\"932\" data-end=\"1206\">Mit Ocardoo erstellst du ganz einfach eine pers\u00f6nliche Gruppengru\u00dfkarte. Du w\u00e4hlst die Karte aus, teilst den Link mit deinem Team und alle unterschreiben digital. Die fertige Karte wird zum gew\u00fcnschten Zeitpunkt versendet und sorgt garantiert f\u00fcr einen emotionalen Abschied.<\/p>\n<p data-start=\"1208\" data-end=\"1448\">Suchbegriffe: abschied kollegin schwangerschaft karte elternzeit kollegin abschied karte baby m\u00e4dchen gruppengru\u00dfkarte geburt m\u00e4dchen gl\u00fcckwunschkarte schwanger kollegin karte team abschied baby karte geburt m\u00e4dchen kollegen karte baby girl<\/p>\n<p data-start=\"1450\" data-end=\"1655\" data-is-last-node=\"\" data-is-only-node=\"\">Tags: Abschied Kollegin Schwangerschaft Karte Gruppengru\u00dfkarte Baby M\u00e4dchen Karte Geburt M\u00e4dchen Abschied Elternzeit Kollegin Teamkarte Baby Girl Gl\u00fcckwunschkarte Geburt M\u00e4dchen Digitale Gru\u00dfkarte Kollegen<\/p>\n<\/div>\n<\/div>\n<\/div>\n<\/div>","protected":false},"excerpt":{"rendered":"<p>Diese liebevoll gestaltete digitale Abschiedskarte ist perfekt f\u00fcr eine Kollegin, die das Unternehmen verl\u00e4sst und in die Elternzeit startet. Die zarten Farben und das s\u00fc\u00dfe Baby-Motiv machen diese Gruppengru\u00dfkarte ideal, [&hellip;]<\/p>","protected":false},"author":20,"featured_media":20218,"comment_status":"open","ping_status":"closed","template":"","meta":{"_acf_changed":false,"inline_featured_image":false,"footnotes":""},"product_cat":[85,533,84,158],"product_tag":[279,395,197,146,534,353,147,538,537],"class_list":["post-20472","product","type-product","status-publish","has-post-thumbnail","hentry","product_cat-abschied-verlaesst-unternehmen","product_cat-abschied-elternzeit","product_cat-anlaesse","product_cat-mama","product_tag-abschied","product_tag-abschiedskarte","product_tag-baby","product_tag-eltern","product_tag-elternzeit","product_tag-kollegin","product_tag-mama","product_tag-mamaprojekt","product_tag-projekt","pa_variante-basic","pa_variante-premium"],"acf":[],"_links":{"self":[{"href":"https:\/\/ocardoo.com\/en\/wp-json\/wp\/v2\/product\/20472","targetHints":{"allow":["GET"]}}],"collection":[{"href":"https:\/\/ocardoo.com\/en\/wp-json\/wp\/v2\/product"}],"about":[{"href":"https:\/\/ocardoo.com\/en\/wp-json\/wp\/v2\/types\/product"}],"author":[{"embeddable":true,"href":"https:\/\/ocardoo.com\/en\/wp-json\/wp\/v2\/users\/20"}],"replies":[{"embeddable":true,"href":"https:\/\/ocardoo.com\/en\/wp-json\/wp\/v2\/comments?post=20472"}],"version-history":[{"count":2,"href":"https:\/\/ocardoo.com\/en\/wp-json\/wp\/v2\/product\/20472\/revisions"}],"predecessor-version":[{"id":20476,"href":"https:\/\/ocardoo.com\/en\/wp-json\/wp\/v2\/product\/20472\/revisions\/20476"}],"wp:featuredmedia":[{"embeddable":true,"href":"https:\/\/ocardoo.com\/en\/wp-json\/wp\/v2\/media\/20218"}],"wp:attachment":[{"href":"https:\/\/ocardoo.com\/en\/wp-json\/wp\/v2\/media?parent=20472"}],"wp:term":[{"taxonomy":"product_cat","embeddable":true,"href":"https:\/\/ocardoo.com\/en\/wp-json\/wp\/v2\/product_cat?post=20472"},{"taxonomy":"product_tag","embeddable":true,"href":"https:\/\/ocardoo.com\/en\/wp-json\/wp\/v2\/product_tag?post=20472"}],"curies":[{"name":"wp","href":"https:\/\/api.w.org\/{rel}","templated":true}]}}