{"id":20477,"date":"2026-04-30T12:36:51","date_gmt":"2026-04-30T10:36:51","guid":{"rendered":"https:\/\/ocardoo.com\/?post_type=product&#038;p=20477"},"modified":"2026-04-30T12:38:42","modified_gmt":"2026-04-30T10:38:42","slug":"31069","status":"publish","type":"product","link":"https:\/\/ocardoo.com\/en\/product\/31069\/","title":{"rendered":"Abschied Elternzeit \u2013 Gruppengru\u00dfkarte Zwillinge Jungs \u201eDoppeltes Wunder, doppeltes Gl\u00fcck\u201c"},"content":{"rendered":"<div class=\"flex max-w-full flex-col gap-4 grow\">\n<div class=\"min-h-8 text-message relative flex w-full flex-col items-end gap-2 text-start break-words whitespace-normal outline-none keyboard-focused:focus-ring [.text-message+&amp;]:mt-1\" dir=\"auto\" tabindex=\"0\" data-message-author-role=\"assistant\" data-message-id=\"c19112fb-4caa-4eaa-bd3b-f202f022be6b\" data-message-model-slug=\"gpt-5-3\" data-turn-start-message=\"true\">\n<div class=\"flex w-full flex-col gap-1 empty:hidden\">\n<div class=\"markdown prose dark:prose-invert w-full wrap-break-word light markdown-new-styling\">\n<p data-start=\"247\" data-end=\"537\">Diese liebevoll gestaltete digitale Gru\u00dfkarte ist perfekt f\u00fcr den Abschied eines Kollegen oder einer Kollegin in die Elternzeit. Mit dem s\u00fc\u00dfen Motiv f\u00fcr Zwillingsbabys und dem sanften Design eignet sich diese Karte ideal, um gemeinsam Gl\u00fcckw\u00fcnsche zur Geburt von zwei Jungen zu \u00fcbermitteln.<\/p>\n<p data-start=\"539\" data-end=\"620\">Kartentext:<br data-start=\"550\" data-end=\"553\" \/>\u201eDoppeltes Wunder, doppeltes Gl\u00fcck! Wir sind in Gedanken bei euch!\u201c<\/p>\n<p data-start=\"622\" data-end=\"862\">Ob als Abschiedskarte f\u00fcr die Elternzeit, als Gl\u00fcckwunschkarte zur Geburt von Zwillingen oder als gemeinsame Teamkarte \u2013 diese Gruppengru\u00dfkarte bietet den perfekten Rahmen f\u00fcr pers\u00f6nliche Worte von Kollegen, Freunden oder dem gesamten Team.<\/p>\n<p data-start=\"864\" data-end=\"1063\">Mit Ocardoo erstellt ihr ganz einfach eine gemeinsame digitale Gru\u00dfkarte. Link teilen, alle unterschreiben lassen und die Karte zum gew\u00fcnschten Zeitpunkt versenden \u2013 pers\u00f6nlich, modern und emotional.<\/p>\n<p data-start=\"1065\" data-end=\"1283\">Suchbegriffe: abschied elternzeit kollege karte zwillinge jungs geburt zwillinge karte baby zwillinge gl\u00fcckwunsch karte kollegin elternzeit teamkarte geburt zwillinge jungen gruppengru\u00dfkarte zwillinge baby karte jungen<\/p>\n<p data-start=\"1285\" data-end=\"1488\" data-is-last-node=\"\" data-is-only-node=\"\">Tags: Abschied Elternzeit Kollegin Kollege Karte Zwillinge Jungen Gruppengru\u00dfkarte Baby Zwillinge Karte Geburt Zwillinge Jungen Teamkarte Elternzeit Gl\u00fcckwunschkarte Zwillinge Digitale Gru\u00dfkarte Kollegen<\/p>\n<\/div>\n<\/div>\n<\/div>\n<\/div>","protected":false},"excerpt":{"rendered":"<p>Diese liebevoll gestaltete digitale Gru\u00dfkarte ist perfekt f\u00fcr den Abschied eines Kollegen oder einer Kollegin in die Elternzeit. Mit dem s\u00fc\u00dfen Motiv f\u00fcr Zwillingsbabys und dem sanften Design eignet sich [&hellip;]<\/p>","protected":false},"author":20,"featured_media":20219,"comment_status":"open","ping_status":"closed","template":"","meta":{"_acf_changed":false,"inline_featured_image":false,"footnotes":""},"product_cat":[18,85,533,84,158,111,169],"product_tag":[279,395,197,146,534,353,147,538,148,537,294,244],"class_list":["post-20477","product","type-product","status-publish","has-post-thumbnail","hentry","product_cat-eltern","product_cat-abschied-verlaesst-unternehmen","product_cat-abschied-elternzeit","product_cat-anlaesse","product_cat-mama","product_cat-mama-papa","product_cat-papa","product_tag-abschied","product_tag-abschiedskarte","product_tag-baby","product_tag-eltern","product_tag-elternzeit","product_tag-kollegin","product_tag-mama","product_tag-mamaprojekt","product_tag-papa","product_tag-projekt","product_tag-vater","product_tag-zwillinge","pa_variante-basic","pa_variante-premium"],"acf":[],"_links":{"self":[{"href":"https:\/\/ocardoo.com\/en\/wp-json\/wp\/v2\/product\/20477","targetHints":{"allow":["GET"]}}],"collection":[{"href":"https:\/\/ocardoo.com\/en\/wp-json\/wp\/v2\/product"}],"about":[{"href":"https:\/\/ocardoo.com\/en\/wp-json\/wp\/v2\/types\/product"}],"author":[{"embeddable":true,"href":"https:\/\/ocardoo.com\/en\/wp-json\/wp\/v2\/users\/20"}],"replies":[{"embeddable":true,"href":"https:\/\/ocardoo.com\/en\/wp-json\/wp\/v2\/comments?post=20477"}],"version-history":[{"count":2,"href":"https:\/\/ocardoo.com\/en\/wp-json\/wp\/v2\/product\/20477\/revisions"}],"predecessor-version":[{"id":20481,"href":"https:\/\/ocardoo.com\/en\/wp-json\/wp\/v2\/product\/20477\/revisions\/20481"}],"wp:featuredmedia":[{"embeddable":true,"href":"https:\/\/ocardoo.com\/en\/wp-json\/wp\/v2\/media\/20219"}],"wp:attachment":[{"href":"https:\/\/ocardoo.com\/en\/wp-json\/wp\/v2\/media?parent=20477"}],"wp:term":[{"taxonomy":"product_cat","embeddable":true,"href":"https:\/\/ocardoo.com\/en\/wp-json\/wp\/v2\/product_cat?post=20477"},{"taxonomy":"product_tag","embeddable":true,"href":"https:\/\/ocardoo.com\/en\/wp-json\/wp\/v2\/product_tag?post=20477"}],"curies":[{"name":"wp","href":"https:\/\/api.w.org\/{rel}","templated":true}]}}