{"id":20482,"date":"2026-04-30T12:40:26","date_gmt":"2026-04-30T10:40:26","guid":{"rendered":"https:\/\/ocardoo.com\/?post_type=product&#038;p=20482"},"modified":"2026-04-30T12:42:53","modified_gmt":"2026-04-30T10:42:53","slug":"31070","status":"publish","type":"product","link":"https:\/\/ocardoo.com\/en\/product\/31070\/","title":{"rendered":"Abschied Elternzeit \u2013 Gruppengru\u00dfkarte Zwillinge M\u00e4dchen \u201eDoppeltes Wunder, doppeltes Gl\u00fcck\u201c"},"content":{"rendered":"<div class=\"flex max-w-full flex-col gap-4 grow\">\n<div class=\"min-h-8 text-message relative flex w-full flex-col items-end gap-2 text-start break-words whitespace-normal outline-none keyboard-focused:focus-ring [.text-message+&amp;]:mt-1\" dir=\"auto\" tabindex=\"0\" data-message-author-role=\"assistant\" data-message-id=\"c19112fb-4caa-4eaa-bd3b-f202f022be6b\" data-message-model-slug=\"gpt-5-3\" data-turn-start-message=\"true\">\n<div class=\"flex w-full flex-col gap-1 empty:hidden\">\n<div class=\"markdown prose dark:prose-invert w-full wrap-break-word light markdown-new-styling\">\n<div class=\"flex max-w-full flex-col gap-4 grow\">\n<div class=\"min-h-8 text-message relative flex w-full flex-col items-end gap-2 text-start break-words whitespace-normal outline-none keyboard-focused:focus-ring [.text-message+&amp;]:mt-1\" dir=\"auto\" tabindex=\"0\" data-message-author-role=\"assistant\" data-message-id=\"0e261d5a-2ec7-43bb-87c9-3443cffffcc8\" data-message-model-slug=\"gpt-5-3\" data-turn-start-message=\"true\">\n<div class=\"flex w-full flex-col gap-1 empty:hidden\">\n<div class=\"markdown prose dark:prose-invert w-full wrap-break-word light markdown-new-styling\">\n<p data-start=\"206\" data-end=\"481\">Diese liebevoll gestaltete digitale Gru\u00dfkarte ist ideal f\u00fcr den Abschied eines Kollegen oder einer Kollegin in die Elternzeit. Mit dem zarten Design und dem s\u00fc\u00dfen Motiv f\u00fcr Zwillingsbabys ist sie perfekt, um gemeinsame Gl\u00fcckw\u00fcnsche zur Geburt von zwei M\u00e4dchen zu \u00fcbermitteln.<\/p>\n<p data-start=\"483\" data-end=\"564\">Kartentext:<br data-start=\"494\" data-end=\"497\" \/>\u201eDoppeltes Wunder, doppeltes Gl\u00fcck! Wir sind in Gedanken bei euch!\u201c<\/p>\n<p data-start=\"566\" data-end=\"792\">Ob als Abschiedskarte zur Elternzeit, als Gl\u00fcckwunschkarte zur Geburt von Zwillingen oder als gemeinsame Teamkarte \u2013 diese Gruppengru\u00dfkarte bietet viel Platz f\u00fcr pers\u00f6nliche Worte von Kollegen, Freunden oder dem gesamten Team.<\/p>\n<p data-start=\"794\" data-end=\"998\">Mit Ocardoo erstellt ihr ganz einfach eine gemeinsame digitale Gru\u00dfkarte. Link teilen, gemeinsam unterschreiben und die Karte zum gew\u00fcnschten Zeitpunkt versenden \u2013 pers\u00f6nlich, modern und voller Emotionen.<\/p>\n<p data-start=\"1000\" data-end=\"1220\">Suchbegriffe: abschied elternzeit kollegin karte zwillinge m\u00e4dchen geburt zwillinge karte baby zwillinge m\u00e4dchen gl\u00fcckwunsch karte kollege elternzeit teamkarte geburt zwillinge m\u00e4dchen gruppengru\u00dfkarte baby m\u00e4dchen karte<\/p>\n<p data-start=\"1222\" data-end=\"1427\" data-is-last-node=\"\" data-is-only-node=\"\">Tags: Abschied Elternzeit Kollegin Kollege Karte Zwillinge M\u00e4dchen Gruppengru\u00dfkarte Baby Zwillinge Karte Geburt Zwillinge M\u00e4dchen Teamkarte Elternzeit Gl\u00fcckwunschkarte Zwillinge Digitale Gru\u00dfkarte Kollegen<\/p>\n<\/div>\n<\/div>\n<\/div>\n<\/div>\n<\/div>\n<\/div>\n<\/div>\n<\/div>","protected":false},"excerpt":{"rendered":"<p>Diese liebevoll gestaltete digitale Gru\u00dfkarte ist ideal f\u00fcr den Abschied eines Kollegen oder einer Kollegin in die Elternzeit. Mit dem zarten Design und dem s\u00fc\u00dfen Motiv f\u00fcr Zwillingsbabys ist sie [&hellip;]<\/p>","protected":false},"author":20,"featured_media":20220,"comment_status":"open","ping_status":"closed","template":"","meta":{"_acf_changed":false,"inline_featured_image":false,"footnotes":""},"product_cat":[18,85,533,84,158,111,169],"product_tag":[279,395,197,146,534,353,147,538,148,537,244],"class_list":["post-20482","product","type-product","status-publish","has-post-thumbnail","hentry","product_cat-eltern","product_cat-abschied-verlaesst-unternehmen","product_cat-abschied-elternzeit","product_cat-anlaesse","product_cat-mama","product_cat-mama-papa","product_cat-papa","product_tag-abschied","product_tag-abschiedskarte","product_tag-baby","product_tag-eltern","product_tag-elternzeit","product_tag-kollegin","product_tag-mama","product_tag-mamaprojekt","product_tag-papa","product_tag-projekt","product_tag-zwillinge","pa_variante-basic","pa_variante-premium"],"acf":[],"_links":{"self":[{"href":"https:\/\/ocardoo.com\/en\/wp-json\/wp\/v2\/product\/20482","targetHints":{"allow":["GET"]}}],"collection":[{"href":"https:\/\/ocardoo.com\/en\/wp-json\/wp\/v2\/product"}],"about":[{"href":"https:\/\/ocardoo.com\/en\/wp-json\/wp\/v2\/types\/product"}],"author":[{"embeddable":true,"href":"https:\/\/ocardoo.com\/en\/wp-json\/wp\/v2\/users\/20"}],"replies":[{"embeddable":true,"href":"https:\/\/ocardoo.com\/en\/wp-json\/wp\/v2\/comments?post=20482"}],"version-history":[{"count":3,"href":"https:\/\/ocardoo.com\/en\/wp-json\/wp\/v2\/product\/20482\/revisions"}],"predecessor-version":[{"id":20487,"href":"https:\/\/ocardoo.com\/en\/wp-json\/wp\/v2\/product\/20482\/revisions\/20487"}],"wp:featuredmedia":[{"embeddable":true,"href":"https:\/\/ocardoo.com\/en\/wp-json\/wp\/v2\/media\/20220"}],"wp:attachment":[{"href":"https:\/\/ocardoo.com\/en\/wp-json\/wp\/v2\/media?parent=20482"}],"wp:term":[{"taxonomy":"product_cat","embeddable":true,"href":"https:\/\/ocardoo.com\/en\/wp-json\/wp\/v2\/product_cat?post=20482"},{"taxonomy":"product_tag","embeddable":true,"href":"https:\/\/ocardoo.com\/en\/wp-json\/wp\/v2\/product_tag?post=20482"}],"curies":[{"name":"wp","href":"https:\/\/api.w.org\/{rel}","templated":true}]}}