{"id":20488,"date":"2026-04-30T12:44:36","date_gmt":"2026-04-30T10:44:36","guid":{"rendered":"https:\/\/ocardoo.com\/?post_type=product&#038;p=20488"},"modified":"2026-04-30T12:47:49","modified_gmt":"2026-04-30T10:47:49","slug":"31071","status":"publish","type":"product","link":"https:\/\/ocardoo.com\/en\/product\/31071\/","title":{"rendered":"Abschied Elternzeit \u2013 Gruppengru\u00dfkarte Zwillinge M\u00e4dchen &#038; Junge \u201eDoppeltes Wunder, doppeltes Gl\u00fcck\u201c"},"content":{"rendered":"<div class=\"flex max-w-full flex-col gap-4 grow\">\n<div class=\"min-h-8 text-message relative flex w-full flex-col items-end gap-2 text-start break-words whitespace-normal outline-none keyboard-focused:focus-ring [.text-message+&amp;]:mt-1\" dir=\"auto\" tabindex=\"0\" data-message-author-role=\"assistant\" data-message-id=\"c19112fb-4caa-4eaa-bd3b-f202f022be6b\" data-message-model-slug=\"gpt-5-3\" data-turn-start-message=\"true\">\n<div class=\"flex w-full flex-col gap-1 empty:hidden\">\n<div class=\"markdown prose dark:prose-invert w-full wrap-break-word light markdown-new-styling\">\n<div class=\"flex max-w-full flex-col gap-4 grow\">\n<div class=\"min-h-8 text-message relative flex w-full flex-col items-end gap-2 text-start break-words whitespace-normal outline-none keyboard-focused:focus-ring [.text-message+&amp;]:mt-1\" dir=\"auto\" tabindex=\"0\" data-message-author-role=\"assistant\" data-message-id=\"0e261d5a-2ec7-43bb-87c9-3443cffffcc8\" data-message-model-slug=\"gpt-5-3\" data-turn-start-message=\"true\">\n<div class=\"flex w-full flex-col gap-1 empty:hidden\">\n<div class=\"markdown prose dark:prose-invert w-full wrap-break-word light markdown-new-styling\">\n<p data-start=\"252\" data-end=\"545\">Diese besondere digitale Karte ist die perfekte Wahl, um einem Kollegen oder einer Kollegin einen liebevollen Abschied in die Elternzeit zu bereiten. Das harmonische Design f\u00fcr Zwillinge \u2013 ein M\u00e4dchen und ein Junge \u2013 macht sie zu einer wundersch\u00f6nen Erinnerung an diesen neuen Lebensabschnitt.<\/p>\n<p data-start=\"547\" data-end=\"652\">Kartentext:<br data-start=\"558\" data-end=\"561\" \/>\u201eZwei kleine Wunder, ein gro\u00dfes Gl\u00fcck. Wir w\u00fcnschen euch eine zauberhafte gemeinsame Zeit!\u201c<\/p>\n<p data-start=\"654\" data-end=\"862\">Ideal als Abschiedskarte im Job, als Gl\u00fcckwunschkarte zur Geburt von Zwillingen oder als gemeinsame Teamkarte \u2013 hier k\u00f6nnen alle ihre pers\u00f6nlichen W\u00fcnsche und Botschaften festhalten und gemeinsam \u00fcberreichen.<\/p>\n<p data-start=\"864\" data-end=\"1117\">Mit Ocardoo erstellt ihr ganz unkompliziert eine gemeinsame digitale Karte. Einfach ausw\u00e4hlen, den Link teilen und alle unterschreiben lassen. Die fertige Karte wird zum gew\u00fcnschten Zeitpunkt verschickt und sorgt garantiert f\u00fcr einen emotionalen Moment.<\/p>\n<p data-start=\"1119\" data-end=\"1323\">Suchbegriffe: abschied kollegin elternzeit karte zwillinge junge m\u00e4dchen gl\u00fcckw\u00fcnsche zwillinge geburt karte teamkarte baby zwillinge kollege abschied geburt zwillinge karte digitale gruppenkarte kollegen<\/p>\n<p data-start=\"1325\" data-end=\"1497\">Tags: Abschied Elternzeit Karte Kollegin Kollege Zwillinge Junge M\u00e4dchen Teamkarte Baby Zwillinge Gl\u00fcckwunschkarte Geburt Zwillinge Gruppengru\u00dfkarte Digitale Karte Kollegen<\/p>\n<\/div>\n<h3 data-section-id=\"1s84j29\" data-start=\"1145\" data-end=\"1172\">So funktioniert Ocardoo<\/h3>\n<p data-start=\"1174\" data-end=\"1240\">Karte ausw\u00e4hlen<br data-start=\"1189\" data-end=\"1192\" \/>W\u00e4hle deine Geburtstagskarte im passenden Design<\/p>\n<p data-start=\"1242\" data-end=\"1313\">Gemeinsam gestalten<br data-start=\"1261\" data-end=\"1264\" \/>Teile den Link und sammle pers\u00f6nliche Nachrichten<\/p>\n<p data-start=\"1315\" data-end=\"1381\">Digital versenden<br data-start=\"1332\" data-end=\"1335\" \/>Sende die Karte zum Wunschtermin direkt online<\/p>\n<\/div>\n<\/div>\n<\/div>\n<\/div>\n<\/div>\n<\/div>\n<\/div>","protected":false},"excerpt":{"rendered":"<p>Diese besondere digitale Karte ist die perfekte Wahl, um einem Kollegen oder einer Kollegin einen liebevollen Abschied in die Elternzeit zu bereiten. Das harmonische Design f\u00fcr Zwillinge \u2013 ein M\u00e4dchen [&hellip;]<\/p>","protected":false},"author":20,"featured_media":20221,"comment_status":"open","ping_status":"closed","template":"","meta":{"_acf_changed":false,"inline_featured_image":false,"footnotes":""},"product_cat":[18,85,533,84,158,111,169],"product_tag":[279,395,197,146,534,353,147,538,148,537,244],"class_list":["post-20488","product","type-product","status-publish","has-post-thumbnail","hentry","product_cat-eltern","product_cat-abschied-verlaesst-unternehmen","product_cat-abschied-elternzeit","product_cat-anlaesse","product_cat-mama","product_cat-mama-papa","product_cat-papa","product_tag-abschied","product_tag-abschiedskarte","product_tag-baby","product_tag-eltern","product_tag-elternzeit","product_tag-kollegin","product_tag-mama","product_tag-mamaprojekt","product_tag-papa","product_tag-projekt","product_tag-zwillinge","pa_variante-basic","pa_variante-premium"],"acf":[],"_links":{"self":[{"href":"https:\/\/ocardoo.com\/en\/wp-json\/wp\/v2\/product\/20488","targetHints":{"allow":["GET"]}}],"collection":[{"href":"https:\/\/ocardoo.com\/en\/wp-json\/wp\/v2\/product"}],"about":[{"href":"https:\/\/ocardoo.com\/en\/wp-json\/wp\/v2\/types\/product"}],"author":[{"embeddable":true,"href":"https:\/\/ocardoo.com\/en\/wp-json\/wp\/v2\/users\/20"}],"replies":[{"embeddable":true,"href":"https:\/\/ocardoo.com\/en\/wp-json\/wp\/v2\/comments?post=20488"}],"version-history":[{"count":2,"href":"https:\/\/ocardoo.com\/en\/wp-json\/wp\/v2\/product\/20488\/revisions"}],"predecessor-version":[{"id":20492,"href":"https:\/\/ocardoo.com\/en\/wp-json\/wp\/v2\/product\/20488\/revisions\/20492"}],"wp:featuredmedia":[{"embeddable":true,"href":"https:\/\/ocardoo.com\/en\/wp-json\/wp\/v2\/media\/20221"}],"wp:attachment":[{"href":"https:\/\/ocardoo.com\/en\/wp-json\/wp\/v2\/media?parent=20488"}],"wp:term":[{"taxonomy":"product_cat","embeddable":true,"href":"https:\/\/ocardoo.com\/en\/wp-json\/wp\/v2\/product_cat?post=20488"},{"taxonomy":"product_tag","embeddable":true,"href":"https:\/\/ocardoo.com\/en\/wp-json\/wp\/v2\/product_tag?post=20488"}],"curies":[{"name":"wp","href":"https:\/\/api.w.org\/{rel}","templated":true}]}}