{"id":20493,"date":"2026-04-30T12:48:50","date_gmt":"2026-04-30T10:48:50","guid":{"rendered":"https:\/\/ocardoo.com\/?post_type=product&#038;p=20493"},"modified":"2026-04-30T12:51:33","modified_gmt":"2026-04-30T10:51:33","slug":"31072","status":"publish","type":"product","link":"https:\/\/ocardoo.com\/en\/product\/31072\/","title":{"rendered":"Abschied in die Elternzeit \u2013 Gruppengru\u00dfkarte Baby \u201eDein Abenteuer startet jetzt\u201c"},"content":{"rendered":"<div class=\"flex max-w-full flex-col gap-4 grow\">\n<div class=\"min-h-8 text-message relative flex w-full flex-col items-end gap-2 text-start break-words whitespace-normal outline-none keyboard-focused:focus-ring [.text-message+&amp;]:mt-1\" dir=\"auto\" tabindex=\"0\" data-message-author-role=\"assistant\" data-message-id=\"c19112fb-4caa-4eaa-bd3b-f202f022be6b\" data-message-model-slug=\"gpt-5-3\" data-turn-start-message=\"true\">\n<div class=\"flex w-full flex-col gap-1 empty:hidden\">\n<div class=\"markdown prose dark:prose-invert w-full wrap-break-word light markdown-new-styling\">\n<p data-start=\"298\" data-end=\"486\">Ein neuer Lebensabschnitt beginnt \u2013 und wir lassen dich nur ungern gehen.<br data-start=\"371\" data-end=\"374\" \/>Diese liebevoll gestaltete Karte begleitet den Abschied aus dem Job und begr\u00fc\u00dft gleichzeitig ein kleines Wunder.<\/p>\n<p data-start=\"488\" data-end=\"608\"><strong data-start=\"488\" data-end=\"503\">Kartentext:<\/strong><br data-start=\"503\" data-end=\"506\" \/>Dein Abenteuer startet jetzt!<br data-start=\"535\" data-end=\"538\" \/>Wir denken an euch und w\u00fcnschen euch eine wundervolle gemeinsame Zeit.<\/p>\n<p data-start=\"610\" data-end=\"807\">Perfekt geeignet als Abschiedskarte f\u00fcr eine Kollegin oder einen Kollegen in Elternzeit. Ob vom ganzen Team, von Freunden oder aus dem B\u00fcro \u2013 diese Karte wird zu einer ganz pers\u00f6nlichen Erinnerung.<\/p>\n<p data-start=\"809\" data-end=\"1007\">Mit Ocardoo entsteht eure gemeinsame Gru\u00dfkarte ganz unkompliziert. Link teilen, alle schreiben ihre W\u00fcnsche hinein und am Ende wird die Karte gesammelt verschickt \u2013 pers\u00f6nlich, emotional und modern.<\/p>\n<p data-start=\"1009\" data-end=\"1174\">Suchbegriffe: abschied elternzeit kollegin karte baby gl\u00fcckwunsch karte schwangerschaft teamkarte baby abschied kollege geburt karte gruppenkarte kollegen baby karte<\/p>\n<p data-start=\"1176\" data-end=\"1321\">Tags: Abschied Elternzeit Karte Kollegin Kollege Baby Karte Gruppengru\u00dfkarte Geburt Gl\u00fcckwunschkarte Schwangerschaft Teamkarte Digitale Gru\u00dfkarte<\/p>\n<\/div>\n<\/div>\n<\/div>\n<\/div>","protected":false},"excerpt":{"rendered":"<p>Ein neuer Lebensabschnitt beginnt \u2013 und wir lassen dich nur ungern gehen.Diese liebevoll gestaltete Karte begleitet den Abschied aus dem Job und begr\u00fc\u00dft gleichzeitig ein kleines Wunder. Kartentext:Dein Abenteuer startet [&hellip;]<\/p>","protected":false},"author":20,"featured_media":20222,"comment_status":"open","ping_status":"closed","template":"","meta":{"_acf_changed":false,"inline_featured_image":false,"footnotes":""},"product_cat":[18,85,533,84,158,111,169],"product_tag":[279,395,197,146,534,50,353,147,538,148,537],"class_list":["post-20493","product","type-product","status-publish","has-post-thumbnail","hentry","product_cat-eltern","product_cat-abschied-verlaesst-unternehmen","product_cat-abschied-elternzeit","product_cat-anlaesse","product_cat-mama","product_cat-mama-papa","product_cat-papa","product_tag-abschied","product_tag-abschiedskarte","product_tag-baby","product_tag-eltern","product_tag-elternzeit","product_tag-geburt","product_tag-kollegin","product_tag-mama","product_tag-mamaprojekt","product_tag-papa","product_tag-projekt","pa_variante-basic","pa_variante-premium"],"acf":[],"_links":{"self":[{"href":"https:\/\/ocardoo.com\/en\/wp-json\/wp\/v2\/product\/20493","targetHints":{"allow":["GET"]}}],"collection":[{"href":"https:\/\/ocardoo.com\/en\/wp-json\/wp\/v2\/product"}],"about":[{"href":"https:\/\/ocardoo.com\/en\/wp-json\/wp\/v2\/types\/product"}],"author":[{"embeddable":true,"href":"https:\/\/ocardoo.com\/en\/wp-json\/wp\/v2\/users\/20"}],"replies":[{"embeddable":true,"href":"https:\/\/ocardoo.com\/en\/wp-json\/wp\/v2\/comments?post=20493"}],"version-history":[{"count":2,"href":"https:\/\/ocardoo.com\/en\/wp-json\/wp\/v2\/product\/20493\/revisions"}],"predecessor-version":[{"id":20497,"href":"https:\/\/ocardoo.com\/en\/wp-json\/wp\/v2\/product\/20493\/revisions\/20497"}],"wp:featuredmedia":[{"embeddable":true,"href":"https:\/\/ocardoo.com\/en\/wp-json\/wp\/v2\/media\/20222"}],"wp:attachment":[{"href":"https:\/\/ocardoo.com\/en\/wp-json\/wp\/v2\/media?parent=20493"}],"wp:term":[{"taxonomy":"product_cat","embeddable":true,"href":"https:\/\/ocardoo.com\/en\/wp-json\/wp\/v2\/product_cat?post=20493"},{"taxonomy":"product_tag","embeddable":true,"href":"https:\/\/ocardoo.com\/en\/wp-json\/wp\/v2\/product_tag?post=20493"}],"curies":[{"name":"wp","href":"https:\/\/api.w.org\/{rel}","templated":true}]}}