{"id":20498,"date":"2026-04-30T12:52:57","date_gmt":"2026-04-30T10:52:57","guid":{"rendered":"https:\/\/ocardoo.com\/?post_type=product&#038;p=20498"},"modified":"2026-04-30T12:58:23","modified_gmt":"2026-04-30T10:58:23","slug":"31073","status":"publish","type":"product","link":"https:\/\/ocardoo.com\/en\/product\/31073\/","title":{"rendered":"Pause vom Job \u2013 Teamkarte f\u00fcr Elternzeit, Sabbatical, Auszeit oder Abschied Teamkarte Gruppenkarte"},"content":{"rendered":"<p data-start=\"237\" data-end=\"488\">Manchmal braucht es eine Pause \u2013 und manchmal beginnt genau dann das Sch\u00f6nste im Leben. Diese stilvolle digitale Gru\u00dfkarte ist perfekt, um einem Kollegen oder einer Kollegin eine besondere Auszeit zu w\u00fcnschen und einen neuen Lebensabschnitt zu feiern.<\/p>\n<p data-start=\"490\" data-end=\"585\"><strong data-start=\"490\" data-end=\"505\">Kartentext:<\/strong><br data-start=\"505\" data-end=\"508\" \/>Pause vom Job. Volltreffer im Leben.<br data-start=\"544\" data-end=\"547\" \/>Genie\u00dfe deine Auszeit in vollen Z\u00fcgen!<\/p>\n<p data-start=\"587\" data-end=\"839\">Diese Karte eignet sich ideal f\u00fcr viele Anl\u00e4sse:<br data-start=\"635\" data-end=\"638\" \/>als Abschiedskarte zur Elternzeit, f\u00fcr ein Sabbatical, eine berufliche Auszeit, einen Jobwechsel, eine K\u00fcndigung, eine l\u00e4ngere Reise, einen Neustart oder einfach als liebevolle Aufmerksamkeit vom Team.<\/p>\n<p data-start=\"841\" data-end=\"992\">Ob im B\u00fcro, im Kollegenkreis oder von Freunden \u2013 diese Gruppengru\u00dfkarte bietet den perfekten Rahmen f\u00fcr pers\u00f6nliche W\u00fcnsche und gemeinsame Botschaften.<\/p>\n<p data-start=\"994\" data-end=\"1177\">Mit Ocardoo erstellt ihr ganz einfach eine gemeinsame digitale Karte. Link teilen, alle unterschreiben lassen und die Karte gesammelt versenden \u2013 pers\u00f6nlich, modern und unkompliziert.<\/p>\n<p data-start=\"1179\" data-end=\"1341\">Suchbegriffe: abschied kollege karte auszeit jobwechsel karte elternzeit karte teamkarte sabbatical karte abschied b\u00fcro karte neustart karte kollegen gruppenkarte<\/p>\n<p data-start=\"1343\" data-end=\"1398\" data-is-last-node=\"\" data-is-only-node=\"\">Tags: Auszeit Abschied Jobwechsel Sabbatical Elternzeit<\/p>","protected":false},"excerpt":{"rendered":"<p>Manchmal braucht es eine Pause \u2013 und manchmal beginnt genau dann das Sch\u00f6nste im Leben. Diese stilvolle digitale Gru\u00dfkarte ist perfekt, um einem Kollegen oder einer Kollegin eine besondere Auszeit [&hellip;]<\/p>","protected":false},"author":20,"featured_media":20223,"comment_status":"open","ping_status":"closed","template":"","meta":{"_acf_changed":false,"inline_featured_image":false,"footnotes":""},"product_cat":[85,84,89],"product_tag":[279,395,539,235,535],"class_list":["post-20498","product","type-product","status-publish","has-post-thumbnail","hentry","product_cat-abschied-verlaesst-unternehmen","product_cat-anlaesse","product_cat-danke","product_tag-abschied","product_tag-abschiedskarte","product_tag-auszeit","product_tag-danke","product_tag-neuanfang","pa_variante-basic","pa_variante-premium"],"acf":[],"_links":{"self":[{"href":"https:\/\/ocardoo.com\/en\/wp-json\/wp\/v2\/product\/20498","targetHints":{"allow":["GET"]}}],"collection":[{"href":"https:\/\/ocardoo.com\/en\/wp-json\/wp\/v2\/product"}],"about":[{"href":"https:\/\/ocardoo.com\/en\/wp-json\/wp\/v2\/types\/product"}],"author":[{"embeddable":true,"href":"https:\/\/ocardoo.com\/en\/wp-json\/wp\/v2\/users\/20"}],"replies":[{"embeddable":true,"href":"https:\/\/ocardoo.com\/en\/wp-json\/wp\/v2\/comments?post=20498"}],"version-history":[{"count":3,"href":"https:\/\/ocardoo.com\/en\/wp-json\/wp\/v2\/product\/20498\/revisions"}],"predecessor-version":[{"id":20509,"href":"https:\/\/ocardoo.com\/en\/wp-json\/wp\/v2\/product\/20498\/revisions\/20509"}],"wp:featuredmedia":[{"embeddable":true,"href":"https:\/\/ocardoo.com\/en\/wp-json\/wp\/v2\/media\/20223"}],"wp:attachment":[{"href":"https:\/\/ocardoo.com\/en\/wp-json\/wp\/v2\/media?parent=20498"}],"wp:term":[{"taxonomy":"product_cat","embeddable":true,"href":"https:\/\/ocardoo.com\/en\/wp-json\/wp\/v2\/product_cat?post=20498"},{"taxonomy":"product_tag","embeddable":true,"href":"https:\/\/ocardoo.com\/en\/wp-json\/wp\/v2\/product_tag?post=20498"}],"curies":[{"name":"wp","href":"https:\/\/api.w.org\/{rel}","templated":true}]}}