{"id":20510,"date":"2026-04-30T12:59:40","date_gmt":"2026-04-30T10:59:40","guid":{"rendered":"https:\/\/ocardoo.com\/?post_type=product&#038;p=20510"},"modified":"2026-04-30T13:06:05","modified_gmt":"2026-04-30T11:06:05","slug":"31075","status":"publish","type":"product","link":"https:\/\/ocardoo.com\/en\/product\/31075\/","title":{"rendered":"Dein Abenteuer startet jetzt \u2013 Karte zur Elternzeit f\u00fcr einen Jungen &#8211; Gruppengru\u00dfkarte"},"content":{"rendered":"<div class=\"flex max-w-full flex-col gap-4 grow\">\n<div class=\"min-h-8 text-message relative flex w-full flex-col items-end gap-2 text-start break-words whitespace-normal outline-none keyboard-focused:focus-ring [.text-message+&amp;]:mt-1\" dir=\"auto\" tabindex=\"0\" data-message-author-role=\"assistant\" data-message-id=\"c19112fb-4caa-4eaa-bd3b-f202f022be6b\" data-message-model-slug=\"gpt-5-3\" data-turn-start-message=\"true\">\n<div class=\"flex w-full flex-col gap-1 empty:hidden\">\n<div class=\"markdown prose dark:prose-invert w-full wrap-break-word light markdown-new-styling\">\n<p data-start=\"272\" data-end=\"539\">Ein neuer Lebensabschnitt beginnt und bringt so viel Sch\u00f6nes mit sich. Diese liebevoll gestaltete Karte ist perfekt, um einer Kollegin oder einem Kollegen einen herzlichen Abschied in die Elternzeit zu bereiten und gleichzeitig zur Geburt eines Jungen zu gratulieren.<\/p>\n<p data-start=\"541\" data-end=\"730\">Die Karte eignet sich ideal als <strong data-start=\"573\" data-end=\"611\">Gruppenkarte oder Gruppengru\u00dfkarte<\/strong>, bei der mehrere Personen gemeinsam unterschreiben k\u00f6nnen. So entsteht eine pers\u00f6nliche Erinnerung von allen zusammen.<\/p>\n<p data-start=\"732\" data-end=\"810\"><strong data-start=\"732\" data-end=\"747\">Kartentext:<\/strong><br data-start=\"747\" data-end=\"750\" \/>Dein Abenteuer startet jetzt<br data-start=\"778\" data-end=\"781\" \/>Wir sind in Gedanken bei euch<\/p>\n<p data-start=\"812\" data-end=\"953\">Ob im B\u00fcro, im Team oder im Freundeskreis \u2013 diese Karte passt perfekt als <strong data-start=\"886\" data-end=\"899\">Teamkarte<\/strong>, wenn ihr gemeinsam eure W\u00fcnsche \u00fcbermitteln m\u00f6chtet.<\/p>\n<p data-start=\"955\" data-end=\"1139\">Mit Ocardoo k\u00f6nnt ihr die Karte ganz einfach online gestalten, den Link teilen und als Gruppe unterschreiben lassen. So wird aus einer einfachen Karte eine echte gemeinsame Erinnerung.<\/p>\n<p data-start=\"1141\" data-end=\"1318\">Suchbegriffe: elternzeit karte junge gruppenkarte kollegin abschied gruppengru\u00dfkarte teamkarte baby junge karte geburt junge karte kollege elternzeit karte gruppe unterschreiben<\/p>\n<p data-start=\"1320\" data-end=\"1363\" data-is-last-node=\"\" data-is-only-node=\"\">Tags: Elternzeit Baby Junge Gruppe Abschied<\/p>\n<\/div>\n<\/div>\n<\/div>\n<\/div>","protected":false},"excerpt":{"rendered":"<p>Ein neuer Lebensabschnitt beginnt und bringt so viel Sch\u00f6nes mit sich. Diese liebevoll gestaltete Karte ist perfekt, um einer Kollegin oder einem Kollegen einen herzlichen Abschied in die Elternzeit zu [&hellip;]<\/p>","protected":false},"author":20,"featured_media":20225,"comment_status":"open","ping_status":"closed","template":"","meta":{"_acf_changed":false,"inline_featured_image":false,"footnotes":""},"product_cat":[18,85,533,84,158,111,169],"product_tag":[279,395,197,146,534,50,353,147,538,148,537],"class_list":["post-20510","product","type-product","status-publish","has-post-thumbnail","hentry","product_cat-eltern","product_cat-abschied-verlaesst-unternehmen","product_cat-abschied-elternzeit","product_cat-anlaesse","product_cat-mama","product_cat-mama-papa","product_cat-papa","product_tag-abschied","product_tag-abschiedskarte","product_tag-baby","product_tag-eltern","product_tag-elternzeit","product_tag-geburt","product_tag-kollegin","product_tag-mama","product_tag-mamaprojekt","product_tag-papa","product_tag-projekt","pa_variante-basic","pa_variante-premium"],"acf":[],"_links":{"self":[{"href":"https:\/\/ocardoo.com\/en\/wp-json\/wp\/v2\/product\/20510","targetHints":{"allow":["GET"]}}],"collection":[{"href":"https:\/\/ocardoo.com\/en\/wp-json\/wp\/v2\/product"}],"about":[{"href":"https:\/\/ocardoo.com\/en\/wp-json\/wp\/v2\/types\/product"}],"author":[{"embeddable":true,"href":"https:\/\/ocardoo.com\/en\/wp-json\/wp\/v2\/users\/20"}],"replies":[{"embeddable":true,"href":"https:\/\/ocardoo.com\/en\/wp-json\/wp\/v2\/comments?post=20510"}],"version-history":[{"count":2,"href":"https:\/\/ocardoo.com\/en\/wp-json\/wp\/v2\/product\/20510\/revisions"}],"predecessor-version":[{"id":20514,"href":"https:\/\/ocardoo.com\/en\/wp-json\/wp\/v2\/product\/20510\/revisions\/20514"}],"wp:featuredmedia":[{"embeddable":true,"href":"https:\/\/ocardoo.com\/en\/wp-json\/wp\/v2\/media\/20225"}],"wp:attachment":[{"href":"https:\/\/ocardoo.com\/en\/wp-json\/wp\/v2\/media?parent=20510"}],"wp:term":[{"taxonomy":"product_cat","embeddable":true,"href":"https:\/\/ocardoo.com\/en\/wp-json\/wp\/v2\/product_cat?post=20510"},{"taxonomy":"product_tag","embeddable":true,"href":"https:\/\/ocardoo.com\/en\/wp-json\/wp\/v2\/product_tag?post=20510"}],"curies":[{"name":"wp","href":"https:\/\/api.w.org\/{rel}","templated":true}]}}