{"id":20515,"date":"2026-04-30T13:03:53","date_gmt":"2026-04-30T11:03:53","guid":{"rendered":"https:\/\/ocardoo.com\/?post_type=product&#038;p=20515"},"modified":"2026-04-30T13:05:22","modified_gmt":"2026-04-30T11:05:22","slug":"31077","status":"publish","type":"product","link":"https:\/\/ocardoo.com\/en\/product\/31077\/","title":{"rendered":"Von Kollegin zu Mama \u2013 Gruppengru\u00dfkarte zur Elternzeit"},"content":{"rendered":"<div class=\"flex max-w-full flex-col gap-4 grow\">\n<div class=\"min-h-8 text-message relative flex w-full flex-col items-end gap-2 text-start break-words whitespace-normal outline-none keyboard-focused:focus-ring [.text-message+&amp;]:mt-1\" dir=\"auto\" tabindex=\"0\" data-message-author-role=\"assistant\" data-message-id=\"c19112fb-4caa-4eaa-bd3b-f202f022be6b\" data-message-model-slug=\"gpt-5-3\" data-turn-start-message=\"true\">\n<div class=\"flex w-full flex-col gap-1 empty:hidden\">\n<div class=\"markdown prose dark:prose-invert w-full wrap-break-word light markdown-new-styling\">\n<p data-start=\"200\" data-end=\"414\">Ein ganz besonderer Moment beginnt und aus einer gesch\u00e4tzten Kollegin wird eine Mama. Diese liebevoll gestaltete Karte ist perfekt, um den Abschied in die Elternzeit gemeinsam zu feiern und gute W\u00fcnsche mitzugeben.<\/p>\n<p data-start=\"416\" data-end=\"577\">Ideal geeignet als <strong data-start=\"435\" data-end=\"473\">Gruppenkarte oder Gruppengru\u00dfkarte<\/strong>, bei der alle gemeinsam unterschreiben k\u00f6nnen. So entsteht eine pers\u00f6nliche Erinnerung vom ganzen Team.<\/p>\n<p data-start=\"579\" data-end=\"645\"><strong data-start=\"579\" data-end=\"594\">Kartentext:<\/strong><br data-start=\"594\" data-end=\"597\" \/>Von Kollegin zu Mama<br data-start=\"617\" data-end=\"620\" \/>dein gr\u00f6\u00dftes Projekt ever<\/p>\n<p data-start=\"647\" data-end=\"802\">Ob im B\u00fcro, im Team oder im Freundeskreis \u2013 diese Karte ist die perfekte <strong data-start=\"720\" data-end=\"733\">Teamkarte<\/strong>, um einer werdenden Mama einen unvergesslichen Abschied zu bereiten.<\/p>\n<p data-start=\"804\" data-end=\"1019\">Mit Ocardoo k\u00f6nnt ihr die Karte ganz einfach online gestalten, den Link teilen und als Gruppe unterschreiben lassen. Jeder kann seine pers\u00f6nlichen Worte hinzuf\u00fcgen und gemeinsam entsteht eine besondere \u00dcberraschung.<\/p>\n<p data-start=\"1021\" data-end=\"1192\">Suchbegriffe: gruppengru\u00dfkarte kollegin mama elternzeit gruppenkarte abschied kollegin baby karte teamkarte schwangerschaft kollegin karte gruppe unterschreiben mama karte<\/p>\n<p data-start=\"1194\" data-end=\"1240\" data-is-last-node=\"\" data-is-only-node=\"\">Tags: Mama Kollegin Elternzeit Gruppe Abschied<\/p>\n<\/div>\n<\/div>\n<\/div>\n<\/div>","protected":false},"excerpt":{"rendered":"<p>Ein ganz besonderer Moment beginnt und aus einer gesch\u00e4tzten Kollegin wird eine Mama. Diese liebevoll gestaltete Karte ist perfekt, um den Abschied in die Elternzeit gemeinsam zu feiern und gute [&hellip;]<\/p>","protected":false},"author":20,"featured_media":20227,"comment_status":"open","ping_status":"closed","template":"","meta":{"_acf_changed":false,"inline_featured_image":false,"footnotes":""},"product_cat":[18,85,533,84,158,111,169],"product_tag":[279,395,197,146,534,50,353,147,538,148,537],"class_list":["post-20515","product","type-product","status-publish","has-post-thumbnail","hentry","product_cat-eltern","product_cat-abschied-verlaesst-unternehmen","product_cat-abschied-elternzeit","product_cat-anlaesse","product_cat-mama","product_cat-mama-papa","product_cat-papa","product_tag-abschied","product_tag-abschiedskarte","product_tag-baby","product_tag-eltern","product_tag-elternzeit","product_tag-geburt","product_tag-kollegin","product_tag-mama","product_tag-mamaprojekt","product_tag-papa","product_tag-projekt","pa_variante-basic","pa_variante-premium"],"acf":[],"_links":{"self":[{"href":"https:\/\/ocardoo.com\/en\/wp-json\/wp\/v2\/product\/20515","targetHints":{"allow":["GET"]}}],"collection":[{"href":"https:\/\/ocardoo.com\/en\/wp-json\/wp\/v2\/product"}],"about":[{"href":"https:\/\/ocardoo.com\/en\/wp-json\/wp\/v2\/types\/product"}],"author":[{"embeddable":true,"href":"https:\/\/ocardoo.com\/en\/wp-json\/wp\/v2\/users\/20"}],"replies":[{"embeddable":true,"href":"https:\/\/ocardoo.com\/en\/wp-json\/wp\/v2\/comments?post=20515"}],"version-history":[{"count":2,"href":"https:\/\/ocardoo.com\/en\/wp-json\/wp\/v2\/product\/20515\/revisions"}],"predecessor-version":[{"id":20519,"href":"https:\/\/ocardoo.com\/en\/wp-json\/wp\/v2\/product\/20515\/revisions\/20519"}],"wp:featuredmedia":[{"embeddable":true,"href":"https:\/\/ocardoo.com\/en\/wp-json\/wp\/v2\/media\/20227"}],"wp:attachment":[{"href":"https:\/\/ocardoo.com\/en\/wp-json\/wp\/v2\/media?parent=20515"}],"wp:term":[{"taxonomy":"product_cat","embeddable":true,"href":"https:\/\/ocardoo.com\/en\/wp-json\/wp\/v2\/product_cat?post=20515"},{"taxonomy":"product_tag","embeddable":true,"href":"https:\/\/ocardoo.com\/en\/wp-json\/wp\/v2\/product_tag?post=20515"}],"curies":[{"name":"wp","href":"https:\/\/api.w.org\/{rel}","templated":true}]}}