{"id":20520,"date":"2026-04-30T13:28:09","date_gmt":"2026-04-30T11:28:09","guid":{"rendered":"https:\/\/ocardoo.com\/?post_type=product&#038;p=20520"},"modified":"2026-04-30T13:30:27","modified_gmt":"2026-04-30T11:30:27","slug":"31078","status":"publish","type":"product","link":"https:\/\/ocardoo.com\/en\/product\/31078\/","title":{"rendered":"Von Kollegin zu Mama \u2013 Gruppengru\u00dfkarte zur Elternzeit f\u00fcr ein M\u00e4dchen"},"content":{"rendered":"<div class=\"flex max-w-full flex-col gap-4 grow\">\n<div class=\"min-h-8 text-message relative flex w-full flex-col items-end gap-2 text-start break-words whitespace-normal outline-none keyboard-focused:focus-ring [.text-message+&amp;]:mt-1\" dir=\"auto\" tabindex=\"0\" data-message-author-role=\"assistant\" data-message-id=\"c19112fb-4caa-4eaa-bd3b-f202f022be6b\" data-message-model-slug=\"gpt-5-3\" data-turn-start-message=\"true\">\n<div class=\"flex w-full flex-col gap-1 empty:hidden\">\n<div class=\"markdown prose dark:prose-invert w-full wrap-break-word light markdown-new-styling\">\n<p data-start=\"225\" data-end=\"475\">Ein wundersch\u00f6ner neuer Lebensabschnitt beginnt und aus einer gesch\u00e4tzten Kollegin wird eine Mama. Diese zarte Karte ist ideal, um den Abschied in die Elternzeit gemeinsam zu feiern und gleichzeitig die Vorfreude auf ein kleines M\u00e4dchen auszudr\u00fccken.<\/p>\n<p data-start=\"477\" data-end=\"640\">Perfekt geeignet als <strong data-start=\"498\" data-end=\"536\">Gruppenkarte oder Gruppengru\u00dfkarte<\/strong>, bei der alle gemeinsam unterschreiben k\u00f6nnen. So entsteht eine pers\u00f6nliche Erinnerung vom ganzen Team.<\/p>\n<p data-start=\"642\" data-end=\"708\"><strong data-start=\"642\" data-end=\"657\">Kartentext:<\/strong><br data-start=\"657\" data-end=\"660\" \/>Von Kollegin zu Mama<br data-start=\"680\" data-end=\"683\" \/>dein gr\u00f6\u00dftes Projekt ever<\/p>\n<p data-start=\"710\" data-end=\"861\">Ob im B\u00fcro, im Team oder im Freundeskreis \u2013 diese Karte ist die perfekte <strong data-start=\"783\" data-end=\"796\">Teamkarte<\/strong>, um einer werdenden Mama einen liebevollen Abschied zu bereiten.<\/p>\n<p data-start=\"863\" data-end=\"1078\">Mit Ocardoo k\u00f6nnt ihr die Karte ganz einfach online gestalten, den Link teilen und als Gruppe unterschreiben lassen. Jeder kann seine pers\u00f6nlichen Worte hinzuf\u00fcgen und gemeinsam entsteht eine besondere \u00dcberraschung.<\/p>\n<p data-start=\"1080\" data-end=\"1256\">Suchbegriffe: gruppengru\u00dfkarte kollegin mama elternzeit m\u00e4dchen baby karte gruppenkarte abschied kollegin schwangerschaft m\u00e4dchen teamkarte kollegen karte gruppe unterschreiben<\/p>\n<p data-start=\"1258\" data-end=\"1305\" data-is-last-node=\"\" data-is-only-node=\"\">Tags: Mama Kollegin M\u00e4dchen Elternzeit Abschied<\/p>\n<\/div>\n<\/div>\n<\/div>\n<\/div>","protected":false},"excerpt":{"rendered":"<p>Ein wundersch\u00f6ner neuer Lebensabschnitt beginnt und aus einer gesch\u00e4tzten Kollegin wird eine Mama. Diese zarte Karte ist ideal, um den Abschied in die Elternzeit gemeinsam zu feiern und gleichzeitig die [&hellip;]<\/p>","protected":false},"author":20,"featured_media":20228,"comment_status":"open","ping_status":"closed","template":"","meta":{"_acf_changed":false,"inline_featured_image":false,"footnotes":""},"product_cat":[18,85,533,84,158,111,169],"product_tag":[279,395,197,146,534,50,353,147,538,537],"class_list":["post-20520","product","type-product","status-publish","has-post-thumbnail","hentry","product_cat-eltern","product_cat-abschied-verlaesst-unternehmen","product_cat-abschied-elternzeit","product_cat-anlaesse","product_cat-mama","product_cat-mama-papa","product_cat-papa","product_tag-abschied","product_tag-abschiedskarte","product_tag-baby","product_tag-eltern","product_tag-elternzeit","product_tag-geburt","product_tag-kollegin","product_tag-mama","product_tag-mamaprojekt","product_tag-projekt","pa_variante-basic","pa_variante-premium"],"acf":[],"_links":{"self":[{"href":"https:\/\/ocardoo.com\/en\/wp-json\/wp\/v2\/product\/20520","targetHints":{"allow":["GET"]}}],"collection":[{"href":"https:\/\/ocardoo.com\/en\/wp-json\/wp\/v2\/product"}],"about":[{"href":"https:\/\/ocardoo.com\/en\/wp-json\/wp\/v2\/types\/product"}],"author":[{"embeddable":true,"href":"https:\/\/ocardoo.com\/en\/wp-json\/wp\/v2\/users\/20"}],"replies":[{"embeddable":true,"href":"https:\/\/ocardoo.com\/en\/wp-json\/wp\/v2\/comments?post=20520"}],"version-history":[{"count":2,"href":"https:\/\/ocardoo.com\/en\/wp-json\/wp\/v2\/product\/20520\/revisions"}],"predecessor-version":[{"id":20524,"href":"https:\/\/ocardoo.com\/en\/wp-json\/wp\/v2\/product\/20520\/revisions\/20524"}],"wp:featuredmedia":[{"embeddable":true,"href":"https:\/\/ocardoo.com\/en\/wp-json\/wp\/v2\/media\/20228"}],"wp:attachment":[{"href":"https:\/\/ocardoo.com\/en\/wp-json\/wp\/v2\/media?parent=20520"}],"wp:term":[{"taxonomy":"product_cat","embeddable":true,"href":"https:\/\/ocardoo.com\/en\/wp-json\/wp\/v2\/product_cat?post=20520"},{"taxonomy":"product_tag","embeddable":true,"href":"https:\/\/ocardoo.com\/en\/wp-json\/wp\/v2\/product_tag?post=20520"}],"curies":[{"name":"wp","href":"https:\/\/api.w.org\/{rel}","templated":true}]}}