{"id":20536,"date":"2026-05-03T20:11:29","date_gmt":"2026-05-03T18:11:29","guid":{"rendered":"https:\/\/ocardoo.com\/?post_type=product&#038;p=20536"},"modified":"2026-05-03T20:19:23","modified_gmt":"2026-05-03T18:19:23","slug":"31081","status":"publish","type":"product","link":"https:\/\/ocardoo.com\/en\/product\/31081\/","title":{"rendered":"K\u00fcndigung akzeptiert \u2013 Gruppengru\u00dfkarte zum Abschied aus dem Unternehmen"},"content":{"rendered":"<div class=\"flex max-w-full flex-col gap-4 grow\">\n<div class=\"min-h-8 text-message relative flex w-full flex-col items-end gap-2 text-start break-words whitespace-normal outline-none keyboard-focused:focus-ring [.text-message+&amp;]:mt-1\" dir=\"auto\" tabindex=\"0\" data-message-author-role=\"assistant\" data-message-id=\"c19112fb-4caa-4eaa-bd3b-f202f022be6b\" data-message-model-slug=\"gpt-5-3\" data-turn-start-message=\"true\">\n<div class=\"flex w-full flex-col gap-1 empty:hidden\">\n<div class=\"markdown prose dark:prose-invert w-full wrap-break-word light markdown-new-styling\">\n<p data-start=\"252\" data-end=\"503\">Ein Abschied f\u00e4llt nie leicht, besonders wenn eine gesch\u00e4tzte Kollegin oder ein Kollege das Unternehmen verl\u00e4sst. Diese humorvolle und gleichzeitig wertsch\u00e4tzende Karte bringt genau das auf den Punkt und sorgt f\u00fcr einen besonderen Moment zum Abschied.<\/p>\n<p data-start=\"505\" data-end=\"633\">Mit einem Augenzwinkern und viel Herz ist sie die perfekte Wahl, um Danke zu sagen und alles Gute f\u00fcr den neuen Weg zu w\u00fcnschen.<\/p>\n<p data-start=\"635\" data-end=\"742\"><strong data-start=\"635\" data-end=\"650\">Kartentext:<\/strong><br data-start=\"650\" data-end=\"653\" \/>K\u00fcndigung akzeptiert<br data-start=\"673\" data-end=\"676\" \/>aber nur unter Protest<br data-start=\"698\" data-end=\"701\" \/>Danke f\u00fcr alles<br data-start=\"716\" data-end=\"719\" \/>auf zu neuen Abenteuern<\/p>\n<p data-start=\"744\" data-end=\"898\">Ideal als <strong data-start=\"754\" data-end=\"792\">Gruppenkarte oder Gruppengru\u00dfkarte<\/strong>, bei der alle gemeinsam unterschreiben k\u00f6nnen. So entsteht eine pers\u00f6nliche Erinnerung vom gesamten Team.<\/p>\n<p data-start=\"900\" data-end=\"1080\">Als <strong data-start=\"904\" data-end=\"917\">Teamkarte<\/strong> perfekt geeignet f\u00fcr Abschied, Jobwechsel oder K\u00fcndigung im Kollegenkreis. Egal ob B\u00fcro, Firma oder Team \u2013 diese Karte sorgt f\u00fcr einen besonderen Abschiedsmoment.<\/p>\n<p data-start=\"1082\" data-end=\"1252\">Mit Ocardoo gestaltet ihr die Karte ganz einfach online, teilt den Link und lasst alle unterschreiben. So wird aus vielen kleinen Nachrichten eine gro\u00dfe gemeinsame Geste.<\/p>\n<p data-start=\"1254\" data-end=\"1440\">Suchbegriffe: k\u00fcndigung karte abschied kollege gruppengru\u00dfkarte abschied unternehmen gruppenkarte jobwechsel karte teamkarte kollegen abschied karte neuer job karte gruppe unterschreiben<\/p>\n<p data-start=\"1442\" data-end=\"1490\" data-is-last-node=\"\" data-is-only-node=\"\">Tags: K\u00fcndigung Abschied Kollege Team Jobwechsel<\/p>\n<\/div>\n<\/div>\n<\/div>\n<\/div>","protected":false},"excerpt":{"rendered":"<p>Ein Abschied f\u00e4llt nie leicht, besonders wenn eine gesch\u00e4tzte Kollegin oder ein Kollege das Unternehmen verl\u00e4sst. Diese humorvolle und gleichzeitig wertsch\u00e4tzende Karte bringt genau das auf den Punkt und sorgt [&hellip;]<\/p>","protected":false},"author":20,"featured_media":20231,"comment_status":"open","ping_status":"closed","template":"","meta":{"_acf_changed":false,"inline_featured_image":false,"footnotes":""},"product_cat":[85,84],"product_tag":[279,395,542,354,541],"class_list":["post-20536","product","type-product","status-publish","has-post-thumbnail","hentry","product_cat-abschied-verlaesst-unternehmen","product_cat-anlaesse","product_tag-abschied","product_tag-abschiedskarte","product_tag-jobwechsel","product_tag-kollege","product_tag-team","pa_variante-basic","pa_variante-premium"],"acf":[],"_links":{"self":[{"href":"https:\/\/ocardoo.com\/en\/wp-json\/wp\/v2\/product\/20536","targetHints":{"allow":["GET"]}}],"collection":[{"href":"https:\/\/ocardoo.com\/en\/wp-json\/wp\/v2\/product"}],"about":[{"href":"https:\/\/ocardoo.com\/en\/wp-json\/wp\/v2\/types\/product"}],"author":[{"embeddable":true,"href":"https:\/\/ocardoo.com\/en\/wp-json\/wp\/v2\/users\/20"}],"replies":[{"embeddable":true,"href":"https:\/\/ocardoo.com\/en\/wp-json\/wp\/v2\/comments?post=20536"}],"version-history":[{"count":2,"href":"https:\/\/ocardoo.com\/en\/wp-json\/wp\/v2\/product\/20536\/revisions"}],"predecessor-version":[{"id":20540,"href":"https:\/\/ocardoo.com\/en\/wp-json\/wp\/v2\/product\/20536\/revisions\/20540"}],"wp:featuredmedia":[{"embeddable":true,"href":"https:\/\/ocardoo.com\/en\/wp-json\/wp\/v2\/media\/20231"}],"wp:attachment":[{"href":"https:\/\/ocardoo.com\/en\/wp-json\/wp\/v2\/media?parent=20536"}],"wp:term":[{"taxonomy":"product_cat","embeddable":true,"href":"https:\/\/ocardoo.com\/en\/wp-json\/wp\/v2\/product_cat?post=20536"},{"taxonomy":"product_tag","embeddable":true,"href":"https:\/\/ocardoo.com\/en\/wp-json\/wp\/v2\/product_tag?post=20536"}],"curies":[{"name":"wp","href":"https:\/\/api.w.org\/{rel}","templated":true}]}}