{"id":20546,"date":"2026-05-03T20:16:54","date_gmt":"2026-05-03T18:16:54","guid":{"rendered":"https:\/\/ocardoo.com\/?post_type=product&#038;p=20546"},"modified":"2026-05-03T20:18:30","modified_gmt":"2026-05-03T18:18:30","slug":"31083","status":"publish","type":"product","link":"https:\/\/ocardoo.com\/en\/product\/31083\/","title":{"rendered":"K\u00fcndigung akzeptiert \u2013 Abschiedskarte mit Humor f\u00fcr Kollegen &#038; Team"},"content":{"rendered":"<div class=\"flex max-w-full flex-col gap-4 grow\">\n<div class=\"min-h-8 text-message relative flex w-full flex-col items-end gap-2 text-start break-words whitespace-normal outline-none keyboard-focused:focus-ring [.text-message+&amp;]:mt-1\" dir=\"auto\" tabindex=\"0\" data-message-author-role=\"assistant\" data-message-id=\"c19112fb-4caa-4eaa-bd3b-f202f022be6b\" data-message-model-slug=\"gpt-5-3\" data-turn-start-message=\"true\">\n<div class=\"flex w-full flex-col gap-1 empty:hidden\">\n<div class=\"markdown prose dark:prose-invert w-full wrap-break-word light markdown-new-styling\">\n<p data-start=\"243\" data-end=\"462\">Manche Abschiede fallen einfach schwer \u2013 und genau das zeigt diese Karte mit einem Augenzwinkern.<br data-start=\"340\" data-end=\"343\" \/>\u201eK\u00fcndigung akzeptiert\u2026 aber nur unter Protest!\u201c bringt perfekt auf den Punkt, was viele denken, aber nicht immer sagen.<\/p>\n<p data-start=\"464\" data-end=\"623\">Eine humorvolle und gleichzeitig wertsch\u00e4tzende Art, sich von einer Kollegin oder einem Kollegen zu verabschieden und alles Gute f\u00fcr den neuen Job zu w\u00fcnschen.<\/p>\n<p data-start=\"625\" data-end=\"722\"><strong data-start=\"625\" data-end=\"640\">Kartentext:<\/strong><br data-start=\"640\" data-end=\"643\" \/>K\u00fcndigung akzeptiert<br data-start=\"663\" data-end=\"666\" \/>aber nur unter Protest<br data-start=\"688\" data-end=\"691\" \/>Alles Gute f\u00fcr deinen neuen Job<\/p>\n<p data-start=\"724\" data-end=\"956\">Diese Karte eignet sich ideal als <strong data-start=\"758\" data-end=\"796\">Gruppenkarte oder Gruppengru\u00dfkarte<\/strong>, bei der mehrere Kolleginnen und Kollegen gemeinsam unterschreiben k\u00f6nnen. Perfekt als pers\u00f6nliche <strong data-start=\"896\" data-end=\"909\">Teamkarte<\/strong>, um Danke zu sagen und Erinnerungen zu teilen.<\/p>\n<p data-start=\"958\" data-end=\"1063\">Ob Jobwechsel, K\u00fcndigung oder letzter Arbeitstag \u2013 diese Abschiedskarte sorgt garantiert f\u00fcr ein L\u00e4cheln.<\/p>\n<p data-start=\"1065\" data-end=\"1221\">Mit Ocardoo kannst du die Karte ganz einfach digital erstellen, den Link teilen und als Gruppe unterschreiben lassen \u2013 pers\u00f6nlich, unkompliziert und modern.<\/p>\n<p data-start=\"1223\" data-end=\"1401\"><strong data-start=\"1223\" data-end=\"1246\">Suchbegriffe (SEO):<\/strong><br data-start=\"1246\" data-end=\"1249\" \/>k\u00fcndigung karte abschied kollege gruppengru\u00dfkarte gruppenkarte jobwechsel karte teamkarte abschied arbeit neuer job karte kollegen unterschreiben gruppe<\/p>\n<p data-start=\"1403\" data-end=\"1465\"><strong data-start=\"1403\" data-end=\"1412\">Tags:<\/strong><br data-start=\"1412\" data-end=\"1415\" \/>K\u00fcndigung<br data-start=\"1424\" data-end=\"1427\" \/>Farewell<br data-start=\"1435\" data-end=\"1438\" \/>Team<br data-start=\"1442\" data-end=\"1445\" \/>Kollege<br data-start=\"1452\" data-end=\"1455\" \/>Jobwechsel<\/p>\n<\/div>\n<\/div>\n<\/div>\n<\/div>","protected":false},"excerpt":{"rendered":"<p>Manche Abschiede fallen einfach schwer \u2013 und genau das zeigt diese Karte mit einem Augenzwinkern.\u201eK\u00fcndigung akzeptiert\u2026 aber nur unter Protest!\u201c bringt perfekt auf den Punkt, was viele denken, aber nicht [&hellip;]<\/p>","protected":false},"author":20,"featured_media":20233,"comment_status":"open","ping_status":"closed","template":"","meta":{"_acf_changed":false,"inline_featured_image":false,"footnotes":""},"product_cat":[85,84],"product_tag":[279,395,542,354,540,541],"class_list":["post-20546","product","type-product","status-publish","has-post-thumbnail","hentry","product_cat-abschied-verlaesst-unternehmen","product_cat-anlaesse","product_tag-abschied","product_tag-abschiedskarte","product_tag-jobwechsel","product_tag-kollege","product_tag-kuendigung","product_tag-team","pa_variante-basic","pa_variante-premium"],"acf":[],"_links":{"self":[{"href":"https:\/\/ocardoo.com\/en\/wp-json\/wp\/v2\/product\/20546","targetHints":{"allow":["GET"]}}],"collection":[{"href":"https:\/\/ocardoo.com\/en\/wp-json\/wp\/v2\/product"}],"about":[{"href":"https:\/\/ocardoo.com\/en\/wp-json\/wp\/v2\/types\/product"}],"author":[{"embeddable":true,"href":"https:\/\/ocardoo.com\/en\/wp-json\/wp\/v2\/users\/20"}],"replies":[{"embeddable":true,"href":"https:\/\/ocardoo.com\/en\/wp-json\/wp\/v2\/comments?post=20546"}],"version-history":[{"count":2,"href":"https:\/\/ocardoo.com\/en\/wp-json\/wp\/v2\/product\/20546\/revisions"}],"predecessor-version":[{"id":20550,"href":"https:\/\/ocardoo.com\/en\/wp-json\/wp\/v2\/product\/20546\/revisions\/20550"}],"wp:featuredmedia":[{"embeddable":true,"href":"https:\/\/ocardoo.com\/en\/wp-json\/wp\/v2\/media\/20233"}],"wp:attachment":[{"href":"https:\/\/ocardoo.com\/en\/wp-json\/wp\/v2\/media?parent=20546"}],"wp:term":[{"taxonomy":"product_cat","embeddable":true,"href":"https:\/\/ocardoo.com\/en\/wp-json\/wp\/v2\/product_cat?post=20546"},{"taxonomy":"product_tag","embeddable":true,"href":"https:\/\/ocardoo.com\/en\/wp-json\/wp\/v2\/product_tag?post=20546"}],"curies":[{"name":"wp","href":"https:\/\/api.w.org\/{rel}","templated":true}]}}