{"id":20559,"date":"2026-05-03T20:22:27","date_gmt":"2026-05-03T18:22:27","guid":{"rendered":"https:\/\/ocardoo.com\/?post_type=product&#038;p=20559"},"modified":"2026-05-03T20:24:31","modified_gmt":"2026-05-03T18:24:31","slug":"31085","status":"publish","type":"product","link":"https:\/\/ocardoo.com\/en\/product\/31085\/","title":{"rendered":"Auf zu neuen Abenteuern \u2013 Abschiedskarte f\u00fcr Kollegen &#038; Team"},"content":{"rendered":"<p data-start=\"219\" data-end=\"453\">Ein neuer Weg beginnt \u2013 und genau daf\u00fcr ist diese Karte gemacht.<br data-start=\"283\" data-end=\"286\" \/>Mit dem motivierenden Spruch \u201eAuf zu neuen Abenteuern!\u201c eignet sie sich perfekt, um einem Kollegen oder einer Kollegin alles Gute f\u00fcr den n\u00e4chsten Schritt zu w\u00fcnschen.<\/p>\n<p data-start=\"455\" data-end=\"612\">Ob Jobwechsel, K\u00fcndigung oder beruflicher Neustart \u2013 diese Karte bringt Wertsch\u00e4tzung, Motivation und ein bisschen Fernweh in einem modernen Design zusammen.<\/p>\n<p data-start=\"614\" data-end=\"656\"><strong data-start=\"614\" data-end=\"629\">Kartentext:<\/strong><br data-start=\"629\" data-end=\"632\" \/>Auf zu neuen Abenteuern!<\/p>\n<p data-start=\"658\" data-end=\"906\">Diese Karte ist ideal als <strong data-start=\"684\" data-end=\"722\">Gruppenkarte oder Gruppengru\u00dfkarte<\/strong>, bei der mehrere Kolleginnen und Kollegen gemeinsam unterschreiben k\u00f6nnen. Perfekt als pers\u00f6nliche <strong data-start=\"822\" data-end=\"835\">Teamkarte<\/strong>, um Abschied zu nehmen und gleichzeitig Mut f\u00fcr die Zukunft zu machen.<\/p>\n<p data-start=\"908\" data-end=\"1069\">Mit Ocardoo kannst du die Karte ganz einfach online gestalten, den Link teilen und von deinem Team unterschreiben lassen \u2013 pers\u00f6nlich, digital und unkompliziert.<\/p>\n<p data-start=\"908\" data-end=\"1069\">\n<h3 data-section-id=\"1v1v1zt\" data-start=\"1076\" data-end=\"1101\">Perfekt geeignet f\u00fcr:<\/h3>\n<ul data-start=\"1102\" data-end=\"1304\">\n<li data-section-id=\"woyssc\" data-start=\"1102\" data-end=\"1141\">Abschied von Kollegen oder Kollegin<\/li>\n<li data-section-id=\"17apvkd\" data-start=\"1142\" data-end=\"1168\">Jobwechsel \/ neuer Job<\/li>\n<li data-section-id=\"1s2rfq6\" data-start=\"1169\" data-end=\"1197\">K\u00fcndigung im Unternehmen<\/li>\n<li data-section-id=\"o68wxw\" data-start=\"1198\" data-end=\"1220\">letzter Arbeitstag<\/li>\n<li data-section-id=\"18ah9c6\" data-start=\"1221\" data-end=\"1237\">Teamabschied<\/li>\n<li data-section-id=\"i5sx3d\" data-start=\"1238\" data-end=\"1262\">beruflicher Neustart<\/li>\n<li data-section-id=\"1du042f\" data-start=\"1263\" data-end=\"1304\">Auslandsjob oder neue Herausforderung<\/li>\n<\/ul>\n<h3 data-section-id=\"1ty2asv\" data-start=\"1311\" data-end=\"1328\">Keywords:<\/h3>\n<p data-start=\"1329\" data-end=\"1497\">abschied karte kollege gruppenkarte gruppengru\u00dfkarte teamkarte neuer job karte abschied arbeit jobwechsel karte kollegen unterschreiben gruppe motivation karte abschied<\/p>","protected":false},"excerpt":{"rendered":"<p>Ein neuer Weg beginnt \u2013 und genau daf\u00fcr ist diese Karte gemacht.Mit dem motivierenden Spruch \u201eAuf zu neuen Abenteuern!\u201c eignet sie sich perfekt, um einem Kollegen oder einer Kollegin alles [&hellip;]<\/p>","protected":false},"author":20,"featured_media":20235,"comment_status":"open","ping_status":"closed","template":"","meta":{"_acf_changed":false,"inline_featured_image":false,"footnotes":""},"product_cat":[85,84],"product_tag":[544,279,395,542,354,540,543,541],"class_list":["post-20559","product","type-product","status-publish","has-post-thumbnail","hentry","product_cat-abschied-verlaesst-unternehmen","product_cat-anlaesse","product_tag-abenteuer","product_tag-abschied","product_tag-abschiedskarte","product_tag-jobwechsel","product_tag-kollege","product_tag-kuendigung","product_tag-neustart","product_tag-team","pa_variante-basic","pa_variante-premium"],"acf":[],"_links":{"self":[{"href":"https:\/\/ocardoo.com\/en\/wp-json\/wp\/v2\/product\/20559","targetHints":{"allow":["GET"]}}],"collection":[{"href":"https:\/\/ocardoo.com\/en\/wp-json\/wp\/v2\/product"}],"about":[{"href":"https:\/\/ocardoo.com\/en\/wp-json\/wp\/v2\/types\/product"}],"author":[{"embeddable":true,"href":"https:\/\/ocardoo.com\/en\/wp-json\/wp\/v2\/users\/20"}],"replies":[{"embeddable":true,"href":"https:\/\/ocardoo.com\/en\/wp-json\/wp\/v2\/comments?post=20559"}],"version-history":[{"count":3,"href":"https:\/\/ocardoo.com\/en\/wp-json\/wp\/v2\/product\/20559\/revisions"}],"predecessor-version":[{"id":20564,"href":"https:\/\/ocardoo.com\/en\/wp-json\/wp\/v2\/product\/20559\/revisions\/20564"}],"wp:featuredmedia":[{"embeddable":true,"href":"https:\/\/ocardoo.com\/en\/wp-json\/wp\/v2\/media\/20235"}],"wp:attachment":[{"href":"https:\/\/ocardoo.com\/en\/wp-json\/wp\/v2\/media?parent=20559"}],"wp:term":[{"taxonomy":"product_cat","embeddable":true,"href":"https:\/\/ocardoo.com\/en\/wp-json\/wp\/v2\/product_cat?post=20559"},{"taxonomy":"product_tag","embeddable":true,"href":"https:\/\/ocardoo.com\/en\/wp-json\/wp\/v2\/product_tag?post=20559"}],"curies":[{"name":"wp","href":"https:\/\/api.w.org\/{rel}","templated":true}]}}