{"id":20601,"date":"2026-05-03T20:42:55","date_gmt":"2026-05-03T18:42:55","guid":{"rendered":"https:\/\/ocardoo.com\/?post_type=product&#038;p=20601"},"modified":"2026-05-03T20:44:41","modified_gmt":"2026-05-03T18:44:41","slug":"31092","status":"publish","type":"product","link":"https:\/\/ocardoo.com\/en\/product\/31092\/","title":{"rendered":"K\u00fcndigung akzeptiert \u2013 Abschiedskarte mit Humor f\u00fcr Kollegen &#038; Teams"},"content":{"rendered":"<p data-start=\"238\" data-end=\"400\">Manche Abschiede fallen schwer \u2013 und genau daf\u00fcr ist diese Karte gemacht.<br data-start=\"311\" data-end=\"314\" \/>Mit einem Augenzwinkern sagt ihr: <em data-start=\"348\" data-end=\"398\">\u201eK\u00fcndigung akzeptiert \u2026 aber nur unter Protest!\u201c<\/em><\/p>\n<p data-start=\"402\" data-end=\"546\">Perfekt, um einem Kollegen oder einer Kollegin einen unvergesslichen Abschied zu bereiten \u2013 humorvoll, pers\u00f6nlich und als echtes Team-Statement.<\/p>\n<p data-start=\"402\" data-end=\"546\">\n<h3 data-section-id=\"12564ki\" data-start=\"634\" data-end=\"651\">\ud83c\udfaf Ideal f\u00fcr:<\/h3>\n<ul data-start=\"652\" data-end=\"815\">\n<li data-section-id=\"iriakc\" data-start=\"652\" data-end=\"672\">Abschied im B\u00fcro<\/li>\n<li data-section-id=\"t3z3sv\" data-start=\"673\" data-end=\"702\">K\u00fcndigung oder Jobwechsel<\/li>\n<li data-section-id=\"o68wxw\" data-start=\"703\" data-end=\"725\">letzter Arbeitstag<\/li>\n<li data-section-id=\"196zfez\" data-start=\"726\" data-end=\"761\">Teamabschied Kollege \/ Kollegin<\/li>\n<li data-section-id=\"p7hglu\" data-start=\"762\" data-end=\"797\">neue berufliche Herausforderung<\/li>\n<li data-section-id=\"1looaeo\" data-start=\"798\" data-end=\"815\">Firmenwechsel<\/li>\n<\/ul>\n<p>&nbsp;<\/p>\n<h3 data-section-id=\"1nai6n6\" data-start=\"822\" data-end=\"876\">\ud83e\udd1d Gemeinsam unterschreiben \u2013 so wird\u2019s besonders:<\/h3>\n<p data-start=\"877\" data-end=\"1018\">Diese Karte ist ideal als <strong data-start=\"903\" data-end=\"941\">Gruppenkarte oder Gruppengru\u00dfkarte<\/strong>.<br data-start=\"942\" data-end=\"945\" \/>Ladet euer Team ein und erstellt gemeinsam eine pers\u00f6nliche Erinnerung:<\/p>\n<ul data-start=\"1020\" data-end=\"1208\">\n<li data-section-id=\"xchsql\" data-start=\"1020\" data-end=\"1067\">Link teilen &amp; <strong data-start=\"1036\" data-end=\"1065\">als Gruppe unterschreiben<\/strong><\/li>\n<li data-section-id=\"dp5jft\" data-start=\"1068\" data-end=\"1121\">Kollegen, Freunde oder ganze Abteilungen einladen<\/li>\n<li data-section-id=\"1gwepch\" data-start=\"1122\" data-end=\"1161\">Individuelle Nachrichten hinzuf\u00fcgen<\/li>\n<li data-section-id=\"ymclt9\" data-start=\"1162\" data-end=\"1208\">Perfekt als <strong data-start=\"1176\" data-end=\"1189\">Teamkarte<\/strong> f\u00fcr den Abschied<\/li>\n<\/ul>\n<p>&nbsp;<\/p>\n<p>k\u00fcndigung karte lustig, abschied kollege karte, gruppenkarte abschied arbeit, teamkarte kollegen, gruppengru\u00dfkarte jobwechsel, karte neuer job humor, abschiedskarte firma kollege, karte k\u00fcndigung arbeit, kollegen unterschreiben karte, digitale abschiedskarte team<\/p>","protected":false},"excerpt":{"rendered":"<p>Manche Abschiede fallen schwer \u2013 und genau daf\u00fcr ist diese Karte gemacht.Mit einem Augenzwinkern sagt ihr: \u201eK\u00fcndigung akzeptiert \u2026 aber nur unter Protest!\u201c Perfekt, um einem Kollegen oder einer Kollegin [&hellip;]<\/p>","protected":false},"author":20,"featured_media":20242,"comment_status":"open","ping_status":"closed","template":"","meta":{"_acf_changed":false,"inline_featured_image":false,"footnotes":""},"product_cat":[85,84],"product_tag":[544,279,395,542,354,540,543,541],"class_list":["post-20601","product","type-product","status-publish","has-post-thumbnail","hentry","product_cat-abschied-verlaesst-unternehmen","product_cat-anlaesse","product_tag-abenteuer","product_tag-abschied","product_tag-abschiedskarte","product_tag-jobwechsel","product_tag-kollege","product_tag-kuendigung","product_tag-neustart","product_tag-team","pa_variante-basic","pa_variante-premium"],"acf":[],"_links":{"self":[{"href":"https:\/\/ocardoo.com\/en\/wp-json\/wp\/v2\/product\/20601","targetHints":{"allow":["GET"]}}],"collection":[{"href":"https:\/\/ocardoo.com\/en\/wp-json\/wp\/v2\/product"}],"about":[{"href":"https:\/\/ocardoo.com\/en\/wp-json\/wp\/v2\/types\/product"}],"author":[{"embeddable":true,"href":"https:\/\/ocardoo.com\/en\/wp-json\/wp\/v2\/users\/20"}],"replies":[{"embeddable":true,"href":"https:\/\/ocardoo.com\/en\/wp-json\/wp\/v2\/comments?post=20601"}],"version-history":[{"count":3,"href":"https:\/\/ocardoo.com\/en\/wp-json\/wp\/v2\/product\/20601\/revisions"}],"predecessor-version":[{"id":20606,"href":"https:\/\/ocardoo.com\/en\/wp-json\/wp\/v2\/product\/20601\/revisions\/20606"}],"wp:featuredmedia":[{"embeddable":true,"href":"https:\/\/ocardoo.com\/en\/wp-json\/wp\/v2\/media\/20242"}],"wp:attachment":[{"href":"https:\/\/ocardoo.com\/en\/wp-json\/wp\/v2\/media?parent=20601"}],"wp:term":[{"taxonomy":"product_cat","embeddable":true,"href":"https:\/\/ocardoo.com\/en\/wp-json\/wp\/v2\/product_cat?post=20601"},{"taxonomy":"product_tag","embeddable":true,"href":"https:\/\/ocardoo.com\/en\/wp-json\/wp\/v2\/product_tag?post=20601"}],"curies":[{"name":"wp","href":"https:\/\/api.w.org\/{rel}","templated":true}]}}