{"id":20607,"date":"2026-05-03T20:45:04","date_gmt":"2026-05-03T18:45:04","guid":{"rendered":"https:\/\/ocardoo.com\/?post_type=product&#038;p=20607"},"modified":"2026-05-03T20:47:23","modified_gmt":"2026-05-03T18:47:23","slug":"31093","status":"publish","type":"product","link":"https:\/\/ocardoo.com\/en\/product\/31093\/","title":{"rendered":"Danke f\u00fcr alles \u2013 Elternzeit Karte f\u00fcr Kollegin oder Kollegen (Gruppenkarte)"},"content":{"rendered":"<p>Manchmal sagt man nicht einfach nur \u201eTsch\u00fcss\u201c, sondern \u201eBis bald!\u201c \u2764\ufe0f<br data-start=\"304\" data-end=\"307\" \/>Diese liebevoll gestaltete Karte ist perfekt f\u00fcr den Abschied in die Elternzeit \u2013 pers\u00f6nlich, wertsch\u00e4tzend und ideal f\u00fcr das ganze Team.<\/p>\n<p>&nbsp;<\/p>\n<h3 data-section-id=\"8r7o69\" data-start=\"776\" data-end=\"830\">\ud83e\udd1d Als Gruppe unterschreiben \u2013 gemeinsam schenken:<\/h3>\n<p data-start=\"831\" data-end=\"908\">Diese Karte ist ideal als <strong data-start=\"857\" data-end=\"895\">Gruppenkarte oder Gruppengru\u00dfkarte<\/strong> f\u00fcr Teams:<\/p>\n<ul data-start=\"910\" data-end=\"1093\">\n<li data-section-id=\"zcze5u\" data-start=\"910\" data-end=\"963\">Link teilen &amp; <strong data-start=\"926\" data-end=\"961\">gemeinsam unterschreiben lassen<\/strong><\/li>\n<li data-section-id=\"1vm92sd\" data-start=\"964\" data-end=\"1011\">Kollegen, Freunde &amp; Teammitglieder einladen<\/li>\n<li data-section-id=\"12liwen\" data-start=\"1012\" data-end=\"1048\">Pers\u00f6nliche Nachrichten erg\u00e4nzen<\/li>\n<li data-section-id=\"cbci4i\" data-start=\"1049\" data-end=\"1093\">Perfekt als <strong data-start=\"1063\" data-end=\"1091\">Teamkarte zur Elternzeit<\/strong><\/li>\n<\/ul>\n<p>&nbsp;<\/p>\n<p>&nbsp;<\/p>\n<p>k\u00fcndigung karte lustig, abschied kollege karte, gruppenkarte abschied arbeit, teamkarte kollegen, gruppengru\u00dfkarte jobwechsel, karte neuer job humor, abschiedskarte firma kollege, karte k\u00fcndigung arbeit, kollegen unterschreiben karte, digitale abschiedskarte team, elternzeit karte kollegin, abschied elternzeit kollege, gruppenkarte elternzeit, teamkarte abschied arbeit, babypause karte kollegin, mutterschutz karte team, abschiedskarte kollegen gruppe, digitale gru\u00dfkarte elternzeit, karte comeback arbeit<\/p>","protected":false},"excerpt":{"rendered":"<p>Manchmal sagt man nicht einfach nur \u201eTsch\u00fcss\u201c, sondern \u201eBis bald!\u201c \u2764\ufe0fDiese liebevoll gestaltete Karte ist perfekt f\u00fcr den Abschied in die Elternzeit \u2013 pers\u00f6nlich, wertsch\u00e4tzend und ideal f\u00fcr das ganze [&hellip;]<\/p>","protected":false},"author":20,"featured_media":20243,"comment_status":"open","ping_status":"closed","template":"","meta":{"_acf_changed":false,"inline_featured_image":false,"footnotes":""},"product_cat":[85,84],"product_tag":[544,279,395,235,545,542,354,540,543,541],"class_list":["post-20607","product","type-product","status-publish","has-post-thumbnail","hentry","product_cat-abschied-verlaesst-unternehmen","product_cat-anlaesse","product_tag-abenteuer","product_tag-abschied","product_tag-abschiedskarte","product_tag-danke","product_tag-danke-fuer-alles","product_tag-jobwechsel","product_tag-kollege","product_tag-kuendigung","product_tag-neustart","product_tag-team","pa_variante-basic","pa_variante-premium"],"acf":[],"_links":{"self":[{"href":"https:\/\/ocardoo.com\/en\/wp-json\/wp\/v2\/product\/20607","targetHints":{"allow":["GET"]}}],"collection":[{"href":"https:\/\/ocardoo.com\/en\/wp-json\/wp\/v2\/product"}],"about":[{"href":"https:\/\/ocardoo.com\/en\/wp-json\/wp\/v2\/types\/product"}],"author":[{"embeddable":true,"href":"https:\/\/ocardoo.com\/en\/wp-json\/wp\/v2\/users\/20"}],"replies":[{"embeddable":true,"href":"https:\/\/ocardoo.com\/en\/wp-json\/wp\/v2\/comments?post=20607"}],"version-history":[{"count":3,"href":"https:\/\/ocardoo.com\/en\/wp-json\/wp\/v2\/product\/20607\/revisions"}],"predecessor-version":[{"id":20612,"href":"https:\/\/ocardoo.com\/en\/wp-json\/wp\/v2\/product\/20607\/revisions\/20612"}],"wp:featuredmedia":[{"embeddable":true,"href":"https:\/\/ocardoo.com\/en\/wp-json\/wp\/v2\/media\/20243"}],"wp:attachment":[{"href":"https:\/\/ocardoo.com\/en\/wp-json\/wp\/v2\/media?parent=20607"}],"wp:term":[{"taxonomy":"product_cat","embeddable":true,"href":"https:\/\/ocardoo.com\/en\/wp-json\/wp\/v2\/product_cat?post=20607"},{"taxonomy":"product_tag","embeddable":true,"href":"https:\/\/ocardoo.com\/en\/wp-json\/wp\/v2\/product_tag?post=20607"}],"curies":[{"name":"wp","href":"https:\/\/api.w.org\/{rel}","templated":true}]}}