{"id":20630,"date":"2026-05-03T20:53:56","date_gmt":"2026-05-03T18:53:56","guid":{"rendered":"https:\/\/ocardoo.com\/?post_type=product&#038;p=20630"},"modified":"2026-05-03T20:56:13","modified_gmt":"2026-05-03T18:56:13","slug":"31097","status":"publish","type":"product","link":"https:\/\/ocardoo.com\/en\/product\/31097\/","title":{"rendered":"Teamkarte \u201eEin starkes Team sagt Danke\u201c \u2013 stilvolle Abschiedskarte f\u00fcr Kollegen"},"content":{"rendered":"<p>Diese elegante und moderne Dankeskarte ist die perfekte Wahl, wenn ein ganzes Team gemeinsam Wertsch\u00e4tzung ausdr\u00fccken m\u00f6chte. Ob zum Abschied, Jobwechsel oder einfach als ehrliches Dankesch\u00f6n \u2013 diese Karte bringt eure Anerkennung stilvoll auf den Punkt.<\/p>\n<h3 data-section-id=\"1is97fq\" data-start=\"740\" data-end=\"770\">\ud83e\udd1d Ideal als Gruppenkarte:<\/h3>\n<p data-start=\"771\" data-end=\"888\">Diese Karte ist perfekt als <strong data-start=\"799\" data-end=\"837\">Gruppenkarte oder Gruppengru\u00dfkarte<\/strong>, bei der mehrere Personen unterschreiben k\u00f6nnen:<\/p>\n<ul data-start=\"890\" data-end=\"1110\">\n<li data-section-id=\"tkd8nw\" data-start=\"890\" data-end=\"937\">Link teilen und <strong data-start=\"908\" data-end=\"935\">als Team unterschreiben<\/strong><\/li>\n<li data-section-id=\"1dn42wu\" data-start=\"938\" data-end=\"985\">Kollegen, Freunde oder Abteilungen einladen<\/li>\n<li data-section-id=\"1nfs1bm\" data-start=\"986\" data-end=\"1024\">Pers\u00f6nliche Nachrichten hinzuf\u00fcgen<\/li>\n<li data-section-id=\"ifj2v3\" data-start=\"1025\" data-end=\"1063\">Gemeinsame Erinnerungen festhalten<\/li>\n<li data-section-id=\"1la9h7x\" data-start=\"1064\" data-end=\"1110\">Perfekt als <strong data-start=\"1078\" data-end=\"1108\">Teamkarte f\u00fcr den Abschied<\/strong><\/li>\n<\/ul>\n<p>teamkarte abschied kollegen, danke karte team arbeit, gruppenkarte kollege abschied, gruppengru\u00dfkarte firma, abschiedskarte arbeit team, kollegen danke karte, digitale teamkarte unterschreiben, abschied jobwechsel karte team<\/p>","protected":false},"excerpt":{"rendered":"<p>Diese elegante und moderne Dankeskarte ist die perfekte Wahl, wenn ein ganzes Team gemeinsam Wertsch\u00e4tzung ausdr\u00fccken m\u00f6chte. Ob zum Abschied, Jobwechsel oder einfach als ehrliches Dankesch\u00f6n \u2013 diese Karte bringt [&hellip;]<\/p>","protected":false},"author":20,"featured_media":20247,"comment_status":"open","ping_status":"closed","template":"","meta":{"_acf_changed":false,"inline_featured_image":false,"footnotes":""},"product_cat":[85,84],"product_tag":[544,279,395,235,545,542,354,540,543,541,546],"class_list":["post-20630","product","type-product","status-publish","has-post-thumbnail","hentry","product_cat-abschied-verlaesst-unternehmen","product_cat-anlaesse","product_tag-abenteuer","product_tag-abschied","product_tag-abschiedskarte","product_tag-danke","product_tag-danke-fuer-alles","product_tag-jobwechsel","product_tag-kollege","product_tag-kuendigung","product_tag-neustart","product_tag-team","product_tag-team-danke","pa_variante-basic","pa_variante-premium"],"acf":[],"_links":{"self":[{"href":"https:\/\/ocardoo.com\/en\/wp-json\/wp\/v2\/product\/20630","targetHints":{"allow":["GET"]}}],"collection":[{"href":"https:\/\/ocardoo.com\/en\/wp-json\/wp\/v2\/product"}],"about":[{"href":"https:\/\/ocardoo.com\/en\/wp-json\/wp\/v2\/types\/product"}],"author":[{"embeddable":true,"href":"https:\/\/ocardoo.com\/en\/wp-json\/wp\/v2\/users\/20"}],"replies":[{"embeddable":true,"href":"https:\/\/ocardoo.com\/en\/wp-json\/wp\/v2\/comments?post=20630"}],"version-history":[{"count":2,"href":"https:\/\/ocardoo.com\/en\/wp-json\/wp\/v2\/product\/20630\/revisions"}],"predecessor-version":[{"id":20634,"href":"https:\/\/ocardoo.com\/en\/wp-json\/wp\/v2\/product\/20630\/revisions\/20634"}],"wp:featuredmedia":[{"embeddable":true,"href":"https:\/\/ocardoo.com\/en\/wp-json\/wp\/v2\/media\/20247"}],"wp:attachment":[{"href":"https:\/\/ocardoo.com\/en\/wp-json\/wp\/v2\/media?parent=20630"}],"wp:term":[{"taxonomy":"product_cat","embeddable":true,"href":"https:\/\/ocardoo.com\/en\/wp-json\/wp\/v2\/product_cat?post=20630"},{"taxonomy":"product_tag","embeddable":true,"href":"https:\/\/ocardoo.com\/en\/wp-json\/wp\/v2\/product_tag?post=20630"}],"curies":[{"name":"wp","href":"https:\/\/api.w.org\/{rel}","templated":true}]}}