{"id":20646,"date":"2026-05-03T21:00:37","date_gmt":"2026-05-03T19:00:37","guid":{"rendered":"https:\/\/ocardoo.com\/?post_type=product&#038;p=20646"},"modified":"2026-05-03T21:07:24","modified_gmt":"2026-05-03T19:07:24","slug":"31100","status":"publish","type":"product","link":"https:\/\/ocardoo.com\/en\/product\/31100\/","title":{"rendered":"Abschiedskarte \u201eKollege wird Papa\u201c \u2013 Upgrade abgeschlossen"},"content":{"rendered":"<p>Vom Kollegen zum Papa \u2013 ein Upgrade, das alles ver\u00e4ndert!<br data-start=\"244\" data-end=\"247\" \/>Diese liebevoll gestaltete Karte bringt genau das mit einem Augenzwinkern auf den Punkt und ist die perfekte \u00dcberraschung f\u00fcr werdende V\u00e4ter im Team.<\/p>\n<p>&nbsp;<\/p>\n<h3 data-section-id=\"1t8fhnk\" data-start=\"519\" data-end=\"559\">\ud83d\udc76 Perfekt f\u00fcr werdende Papas im Job<\/h3>\n<p data-start=\"560\" data-end=\"648\">Ob im B\u00fcro, im Team oder in der Firma \u2013 diese Karte ist ideal f\u00fcr den besonderen Moment:<\/p>\n<ul data-start=\"650\" data-end=\"773\">\n<li data-section-id=\"1wi4elu\" data-start=\"650\" data-end=\"680\">Abschied in die Elternzeit<\/li>\n<li data-section-id=\"131rn4d\" data-start=\"681\" data-end=\"707\">Gl\u00fcckwunsch zur Geburt<\/li>\n<li data-section-id=\"gqoyz5\" data-start=\"708\" data-end=\"747\">\u00dcberraschung f\u00fcr den werdenden Papa<\/li>\n<li data-section-id=\"ieg261\" data-start=\"748\" data-end=\"773\">Perfekt als Teamkarte<\/li>\n<\/ul>\n<p>&nbsp;<\/p>\n<h3 data-section-id=\"25qart\" data-start=\"780\" data-end=\"812\">\ud83e\udd1d Als Gruppe unterschreiben<\/h3>\n<p data-start=\"813\" data-end=\"879\">Diese Karte eignet sich perfekt als <strong data-start=\"849\" data-end=\"878\">digitale Gruppengru\u00dfkarte<\/strong>:<\/p>\n<ul data-start=\"881\" data-end=\"1065\">\n<li data-section-id=\"1ks8h0u\" data-start=\"881\" data-end=\"918\">Gemeinsam als Team unterschreiben<\/li>\n<li data-section-id=\"1nfs1bm\" data-start=\"919\" data-end=\"957\">Pers\u00f6nliche Nachrichten hinzuf\u00fcgen<\/li>\n<li data-section-id=\"jekw8u\" data-start=\"958\" data-end=\"985\">Einfach per Link teilen<\/li>\n<li data-section-id=\"19tohf0\" data-start=\"986\" data-end=\"1029\">Ideal f\u00fcr Kollegen, Teams &amp; Abteilungen<\/li>\n<li data-section-id=\"1a063z6\" data-start=\"1030\" data-end=\"1065\">Auch f\u00fcr gro\u00dfe Gruppen geeignet<\/li>\n<\/ul>\n<p>&nbsp;<\/p>\n<p>kollege wird papa karte, gl\u00fcckwunsch papa kollege, baby karte team unterschreiben, gruppenkarte geburt kollege, abschied elternzeit karte kollege, papa karte lustig arbeit, digitale gl\u00fcckwunschkarte baby team, werdender papa kollege geschenk<\/p>\n<p>&nbsp;<\/p>\n<p>&nbsp;<\/p>","protected":false},"excerpt":{"rendered":"<p>Vom Kollegen zum Papa \u2013 ein Upgrade, das alles ver\u00e4ndert!Diese liebevoll gestaltete Karte bringt genau das mit einem Augenzwinkern auf den Punkt und ist die perfekte \u00dcberraschung f\u00fcr werdende V\u00e4ter [&hellip;]<\/p>","protected":false},"author":20,"featured_media":20250,"comment_status":"open","ping_status":"closed","template":"","meta":{"_acf_changed":false,"inline_featured_image":false,"footnotes":""},"product_cat":[18,85,84,98,100,111,169],"product_tag":[279,534,354,543,148,541,546],"class_list":["post-20646","product","type-product","status-publish","has-post-thumbnail","hentry","product_cat-eltern","product_cat-abschied-verlaesst-unternehmen","product_cat-anlaesse","product_cat-geburt-kind","product_cat-junge","product_cat-mama-papa","product_cat-papa","product_tag-abschied","product_tag-elternzeit","product_tag-kollege","product_tag-neustart","product_tag-papa","product_tag-team","product_tag-team-danke","pa_variante-basic","pa_variante-premium"],"acf":[],"_links":{"self":[{"href":"https:\/\/ocardoo.com\/en\/wp-json\/wp\/v2\/product\/20646","targetHints":{"allow":["GET"]}}],"collection":[{"href":"https:\/\/ocardoo.com\/en\/wp-json\/wp\/v2\/product"}],"about":[{"href":"https:\/\/ocardoo.com\/en\/wp-json\/wp\/v2\/types\/product"}],"author":[{"embeddable":true,"href":"https:\/\/ocardoo.com\/en\/wp-json\/wp\/v2\/users\/20"}],"replies":[{"embeddable":true,"href":"https:\/\/ocardoo.com\/en\/wp-json\/wp\/v2\/comments?post=20646"}],"version-history":[{"count":2,"href":"https:\/\/ocardoo.com\/en\/wp-json\/wp\/v2\/product\/20646\/revisions"}],"predecessor-version":[{"id":20650,"href":"https:\/\/ocardoo.com\/en\/wp-json\/wp\/v2\/product\/20646\/revisions\/20650"}],"wp:featuredmedia":[{"embeddable":true,"href":"https:\/\/ocardoo.com\/en\/wp-json\/wp\/v2\/media\/20250"}],"wp:attachment":[{"href":"https:\/\/ocardoo.com\/en\/wp-json\/wp\/v2\/media?parent=20646"}],"wp:term":[{"taxonomy":"product_cat","embeddable":true,"href":"https:\/\/ocardoo.com\/en\/wp-json\/wp\/v2\/product_cat?post=20646"},{"taxonomy":"product_tag","embeddable":true,"href":"https:\/\/ocardoo.com\/en\/wp-json\/wp\/v2\/product_tag?post=20646"}],"curies":[{"name":"wp","href":"https:\/\/api.w.org\/{rel}","templated":true}]}}